{"id":30528,"date":"2022-02-01T06:22:37","date_gmt":"2022-02-01T05:22:37","guid":{"rendered":"https:\/\/abes.ch\/?page_id=30528"},"modified":"2025-02-09T11:12:33","modified_gmt":"2025-02-09T10:12:33","slug":"accesso-allarea-protetta","status":"publish","type":"page","link":"https:\/\/abes.ch\/it\/login-zum-geschuetzten-bereich\/","title":{"rendered":"Accesso partner"},"content":{"rendered":"\t\t<div data-elementor-type=\"wp-page\" data-elementor-id=\"30528\" class=\"elementor elementor-30528\" data-elementor-post-type=\"page\">\n\t\t\t\t\t\t<section data-ekitparallax=\"{&quot;ekit_section_parallax_bg&quot;:&quot;yes&quot;,&quot;ekit_section_parallax_bg_speed&quot;:0.7,&quot;elementor_lazy_load&quot;:&quot;1&quot;}\" class=\"elementor-section elementor-top-section elementor-element elementor-element-d392a06 elementor-section-content-middle elementor-section-height-min-height elementor-section-boxed elementor-section-height-default elementor-section-items-middle\" data-id=\"d392a06\" data-element_type=\"section\" data-e-type=\"section\" data-settings=\"{&quot;background_background&quot;:&quot;classic&quot;,&quot;ekit_has_onepagescroll_dot&quot;:&quot;yes&quot;}\">\n\t\t\t\t\t\t\t<div class=\"elementor-background-overlay\"><\/div>\n\t\t\t\t\t\t\t<div class=\"elementor-container elementor-column-gap-default\">\n\t\t\t\t\t<div class=\"elementor-column elementor-col-100 elementor-top-column elementor-element elementor-element-4f024eac\" data-id=\"4f024eac\" data-element_type=\"column\" data-e-type=\"column\">\n\t\t\t<div class=\"elementor-widget-wrap elementor-element-populated\">\n\t\t\t\t\t\t<div class=\"elementor-element elementor-element-5d30a2af elementor-widget elementor-widget-elementskit-fancy-animated-text\" data-id=\"5d30a2af\" data-element_type=\"widget\" data-e-type=\"widget\" data-settings=\"{&quot;ekit_we_effect_on&quot;:&quot;none&quot;}\" data-widget_type=\"elementskit-fancy-animated-text.default\">\n\t\t\t\t<div class=\"elementor-widget-container\">\n\t\t\t\t\t<div class=\"ekit-wid-con\" >            <h2 class=\"ekit-fancy-text letters rotate-2\" data-id=\"5d30a2af\" data-animation-settings=\"{&quot;animationStyle&quot;:&quot;animated&quot;,&quot;animationDelay&quot;:2000,&quot;loadingBar&quot;:3800,&quot;lettersDelay&quot;:100,&quot;typeLettersDelay&quot;:150,&quot;duration&quot;:500,&quot;revealDuration&quot;:600,&quot;revealAnimationDelay&quot;:1500}\">\n                \t\t\t<span class=\"ekit-fancy-prefix-text\">\n\t\t\t\tHerzlich Wilkommen auf der\t\t\t<\/span>\n\t\t\t\t\t\t<span class=\"ekit-fancy-text-lists \">\n\t\t\t\t\t\t\t\t\t\t<b class=\"ekit-fancy-text elementor-repeater-item-2de6287 is-visible\">Partner-Login Seite<\/b>\n\t\t\t\t\t\t\t\t\t\t<b class=\"ekit-fancy-text elementor-repeater-item-e510ff7 \">Partner-Login Seite<\/b>\n\t\t\t\t\t\t\t\t\t\t<b class=\"ekit-fancy-text elementor-repeater-item-5b7c50b \">Partner-Login Seite<\/b>\n\t\t\t\t\t\t\t\t\t<\/span>\n\t\t\t            <span class=\"ekit-fancy-suffix-text\"><br>der ABES Group AG<\/span>\n                    <\/h2>\n        <\/div>\t\t\t\t<\/div>\n\t\t\t\t<\/div>\n\t\t\t\t<div class=\"elementor-element elementor-element-57cbe86f elementor-invisible elementor-widget elementor-widget-text-editor\" data-id=\"57cbe86f\" data-element_type=\"widget\" data-e-type=\"widget\" data-settings=\"{&quot;_animation&quot;:&quot;zoomIn&quot;,&quot;ekit_we_effect_on&quot;:&quot;none&quot;}\" data-widget_type=\"text-editor.default\">\n\t\t\t\t<div class=\"elementor-widget-container\">\n\t\t\t\t\t\t\t\t\t<p><span style=\"color: #ffffff;\"><a style=\"color: #ffffff;\" href=\"https:\/\/abes.ch\/offerbestellungen\/\" target=\"_blank\" rel=\"noopener\"><strong>Hier gelangen Sie zu unserem Download Bereich<\/strong><\/a><\/span><\/p>\t\t\t\t\t\t\t\t<\/div>\n\t\t\t\t<\/div>\n\t\t\t\t<div class=\"elementor-element elementor-element-edf6bbb elementor-widget elementor-widget-spacer\" data-id=\"edf6bbb\" data-element_type=\"widget\" data-e-type=\"widget\" data-settings=\"{&quot;ekit_we_effect_on&quot;:&quot;none&quot;}\" data-widget_type=\"spacer.default\">\n\t\t\t\t<div class=\"elementor-widget-container\">\n\t\t\t\t\t\t\t<div class=\"elementor-spacer\">\n\t\t\t<div class=\"elementor-spacer-inner\"><\/div>\n\t\t<\/div>\n\t\t\t\t\t\t<\/div>\n\t\t\t\t<\/div>\n\t\t\t\t<div class=\"elementor-element elementor-element-cda48e5 elementor-widget elementor-widget-heading\" data-id=\"cda48e5\" data-element_type=\"widget\" data-e-type=\"widget\" data-settings=\"{&quot;ekit_we_effect_on&quot;:&quot;none&quot;}\" data-widget_type=\"heading.default\">\n\t\t\t\t<div class=\"elementor-widget-container\">\n\t\t\t\t\t<h2 class=\"elementor-heading-title elementor-size-default\">Bitte melden Sie sich an, um als registrierter  Subbroker zu den Konditionen und Rechnern zu gelangen<\/h2>\t\t\t\t<\/div>\n\t\t\t\t<\/div>\n\t\t\t\t<div class=\"elementor-element elementor-element-5b71e13 elementor-widget elementor-widget-heading\" data-id=\"5b71e13\" data-element_type=\"widget\" data-e-type=\"widget\" data-settings=\"{&quot;ekit_we_effect_on&quot;:&quot;none&quot;}\" data-widget_type=\"heading.default\">\n\t\t\t\t<div class=\"elementor-widget-container\">\n\t\t\t\t\t<h2 class=\"elementor-heading-title elementor-size-default\">Nach Eingabe Ihres Namens und der E-Mail Adresse erfolgt eine Systempr\u00fcfung welche einige Sekunden dauert. Sie werden danach bei einer positiven Autorisierung zu den Konditionen und Rechnern weitergeleitet. Alle Aktivit\u00e4ten werden danach aufgezeichnet und auf unseren Servern gespeichert.<\/h2>\t\t\t\t<\/div>\n\t\t\t\t<\/div>\n\t\t\t\t<div class=\"elementor-element elementor-element-89d7022 elementor-widget elementor-widget-wpforms\" data-id=\"89d7022\" data-element_type=\"widget\" data-e-type=\"widget\" data-settings=\"{&quot;ekit_we_effect_on&quot;:&quot;none&quot;}\" data-widget_type=\"wpforms.default\">\n\t\t\t\t<div class=\"elementor-widget-container\">\n\t\t\t\t\t<style id=\"wpforms-css-vars-elementor-widget-89d7022\">\n\t\t\t\t.elementor-widget-wpforms.elementor-element-89d7022 {\n\t\t\t\t--wpforms-label-color: #FFFFFFD9;\n--wpforms-label-sublabel-color: #FFFFFF;\n--wpforms-button-border-radius: 16px;\n--wpforms-button-background-color: #066AAB;\n--wpforms-button-text-color: #FCFBFB;\n--wpforms-button-size-font-size: 20px;\n--wpforms-button-size-height: 48px;\n--wpforms-button-size-padding-h: 20px;\n--wpforms-button-size-margin-top: 15px;\n\t\t\t}\n\t\t\t<\/style><div class=\"wpforms-container wpforms-container-full wpforms-container-save-resume wpforms-render-modern\" id=\"wpforms-58192\"><form id=\"wpforms-form-58192\" class=\"wpforms-validate wpforms-form wpforms-ajax-form\" data-formid=\"58192\" method=\"post\" enctype=\"multipart\/form-data\" action=\"\/it\/wp-json\/wp\/v2\/pages\/30528\" data-token=\"3ad66a1bdd3f24a72480b6922b5a322c\" data-token-time=\"1775817318\"><noscript class=\"wpforms-error-noscript\">Abilita JavaScript nel browser per completare questo modulo.<\/noscript><div id=\"wpforms-error-noscript\" style=\"display: none;\">Abilita JavaScript nel browser per completare questo modulo.<\/div><div class=\"wpforms-field-container\"><div id=\"wpforms-58192-field_2-container\" class=\"wpforms-field wpforms-field-name\" data-field-type=\"name\" data-field-id=\"2\"><fieldset><legend class=\"wpforms-field-label\">Name <span class=\"wpforms-required-label\" aria-hidden=\"true\">*<\/span><\/legend><div class=\"wpforms-field-row wpforms-field-medium\"><div class=\"wpforms-field-row-block wpforms-first wpforms-one-half\"><input type=\"text\" id=\"wpforms-58192-field_2\" class=\"wpforms-field-name-first wpforms-field-required\" name=\"wpforms[fields][2][first]\" aria-errormessage=\"wpforms-58192-field_2-error\" required><label for=\"wpforms-58192-field_2\" class=\"wpforms-field-sublabel after\">Nome<\/label><\/div><div class=\"wpforms-field-row-block wpforms-one-half\"><input type=\"text\" id=\"wpforms-58192-field_2-last\" class=\"wpforms-field-name-last wpforms-field-required\" name=\"wpforms[fields][2][last]\" aria-errormessage=\"wpforms-58192-field_2-last-error\" required><label for=\"wpforms-58192-field_2-last\" class=\"wpforms-field-sublabel after\">Cognome<\/label><\/div><\/div><\/fieldset><\/div>\t\t<div id=\"wpforms-58192-field_4-container\"\n\t\t\tclass=\"wpforms-field wpforms-field-text\"\n\t\t\tdata-field-type=\"text\"\n\t\t\tdata-field-id=\"4\"\n\t\t\t>\n\t\t\t<label class=\"wpforms-field-label\" for=\"wpforms-58192-field_4\" >E-Mail-Adresse Nutzungsbedingungen Name<\/label>\n\t\t\t<input type=\"text\" id=\"wpforms-58192-field_4\" class=\"wpforms-field-medium\" name=\"wpforms[fields][4]\" >\n\t\t<\/div>\n\t\t<div id=\"wpforms-58192-field_1-container\" class=\"wpforms-field wpforms-field-email\" data-field-type=\"email\" data-field-id=\"1\"><label class=\"wpforms-field-label\" for=\"wpforms-58192-field_1\">E-Mail-Adresse <span class=\"wpforms-required-label\" aria-hidden=\"true\">*<\/span><\/label><input type=\"email\" id=\"wpforms-58192-field_1\" class=\"wpforms-field-medium wpforms-field-required\" data-rule-restricted-email=\"1\" name=\"wpforms[fields][1]\" spellcheck=\"false\" aria-errormessage=\"wpforms-58192-field_1-error\" required><\/div><div id=\"wpforms-58192-field_3-container\" class=\"wpforms-field wpforms-field-checkbox\" data-field-type=\"checkbox\" data-field-id=\"3\"><fieldset><legend class=\"wpforms-field-label\">Nutzungsbedingungen <span class=\"wpforms-required-label\" aria-hidden=\"true\">*<\/span><\/legend><ul id=\"wpforms-58192-field_3\" class=\"wpforms-field-required\"><li class=\"choice-1 depth-1\"><input type=\"checkbox\" id=\"wpforms-58192-field_3_1\" name=\"wpforms[fields][3][]\" value=\"Ich akzeptiere die Nutzungsbedingungen\" aria-errormessage=\"wpforms-58192-field_3_1-error\" aria-describedby=\"wpforms-58192-field_3-description\" required ><label class=\"wpforms-field-label-inline\" for=\"wpforms-58192-field_3_1\">Ich akzeptiere die Nutzungsbedingungen<\/label><\/li><\/ul><div id=\"wpforms-58192-field_3-description\" class=\"wpforms-field-description\">ABES Group AG speichert den gesamten Nutzungsverlauf der Datenbetrachtung des jeweiligen Nutzers und speichert die Daten auf den eigenen Servern.<br \/>\nDiese Dokumente dienen lediglich der Veranschaulichung der Entsch\u00e4digungen f\u00fcr registrierte Subbroker und sind nicht verbindlich. ABES Group AG \u00fcbernimmt keine Haftung oder Gew\u00e4hr, f\u00fcr den Gebrauch oder das Ergebnis dieser Dokumente, Auswertungen oder Entsch\u00e4digungsrechner oder deren Aktualit\u00e4t und Vollst\u00e4ndigkeit. Massgebend sind immer die aktuell g\u00fcltigen Entsch\u00e4digungskonditionen der jeweiligen Versicherungsgesellschaften Stiftungen oder Krankenkassen.<br \/><br \/>\nGleichsam kann nicht ausgeschlossen werden, dass aus Teilen dieser Daten falsche R\u00fcckschl\u00fcsse auf bestimmte Entsch\u00e4digungen gezogen werden k\u00f6nnte. ABES Group AG lehnt jegliche Haftung aus derartigen R\u00fcckschl\u00fcssen ab. Die Verbreitung der Daten oder Teile von Inhalten sind ausschliesslich untersagt. Die Verwendung ist nur f\u00fcr den registrierten User und nur f\u00fcr den firmeninternen Gebrauch zugelassen. Verst\u00f6sse werden zivil- und\/oder strafrechtlich verfolgt.<br \/><br \/>\nObwohl ABES Group AG bestrebt war, dass der Inhalt und das Ergebnis der Daten und Entsch\u00e4digungsrechner korrekt sind und nach aktuellen, wissenschaftlich korrekten Methoden erstellt wurden, kann die ABES Group AG f\u00fcr die Aktualit\u00e4t, Richtigkeit oder Vollst\u00e4ndigkeit der bereitgestellten Informationen keine Haftung \u00fcbernehmen. Ebenso kann keine Verantwortung daf\u00fcr \u00fcbernommen werden, dass die Informationen dem gew\u00fcnschten Zweck der Nutzer entsprechen.<br \/><br \/>\nABES Group AG schliesst jede Haftung oder Verantwortung f\u00fcr etwaige fehlerhafte oder unvollst\u00e4ndige Inhalte dieser Analyse aus. Insbesondere Pr\u00e4miens\u00e4tze, prozentuale Angaben oder Entsch\u00e4digungsformeln k\u00f6nnten technische oder typografische Fehler enthalten. Die Nutzung der Analyse erfolgt auf eigenes Risiko des Subbrokers.\n\nDie Ergebnisse dieser Daten darf keinesfalls f\u00fcr die Verwendung zur gesetzlichen \u00abOffenlegungspflicht\u00bb nach VAG Art. 45b gegen\u00fcber dem Kunden verwendet werden. In diesem Zusammenhang schliesst ABES Group AG die Haftung f\u00fcr direkte, zuf\u00e4llige oder indirekte Sch\u00e4den, Folgesch\u00e4den oder Schadensersatzanspr\u00fcche, die aus der Verwendung bzw. aus der Nutzung der Daten entstehen, vollst\u00e4ndig aus. Insbesondere wird auch die Haftung f\u00fcr leicht fahrl\u00e4ssige Pflichtverletzungen aus vertraglicher Bindung ausgeschlossen.\n<\/div><\/fieldset><\/div><script>\n\t\t\t\t( function() {\n\t\t\t\t\tconst style = document.createElement( 'style' );\n\t\t\t\t\tstyle.appendChild( document.createTextNode( '#wpforms-58192-field_4-container { position: absolute !important; overflow: hidden !important; display: inline !important; height: 1px !important; width: 1px !important; z-index: -1000 !important; padding: 0 !important; } #wpforms-58192-field_4-container input { visibility: hidden; } #wpforms-conversational-form-page #wpforms-58192-field_4-container label { counter-increment: none; }' ) );\n\t\t\t\t\tdocument.head.appendChild( style );\n\t\t\t\t\tdocument.currentScript?.remove();\n\t\t\t\t} )();\n\t\t\t<\/script><\/div><!-- .wpforms-field-container --><div class=\"wpforms-submit-container\" ><input type=\"hidden\" name=\"wpforms[id]\" value=\"58192\"><input type=\"hidden\" name=\"page_title\" value=\"\"><input type=\"hidden\" name=\"page_url\" value=\"https:\/\/abes.ch\/it\/wp-json\/wp\/v2\/pages\/30528\"><input type=\"hidden\" name=\"url_referer\" value=\"\"><button type=\"submit\" name=\"wpforms[submit]\" id=\"wpforms-submit-58192\" class=\"wpforms-submit\" data-alt-text=\"Wird gesendet\u00a0\u2026\" data-submit-text=\"Absenden\" aria-live=\"assertive\" value=\"wpforms-submit\">Absenden<\/button><img decoding=\"async\" src=\"https:\/\/abes.ch\/wp-content\/plugins\/wpforms\/assets\/images\/submit-spin.svg\" class=\"wpforms-submit-spinner\" style=\"display: none;\" width=\"26\" height=\"26\" alt=\"Caricamento\"><\/div><input type=\"hidden\" id=\"ct_checkjs_wpforms_34ed066df378efacc9b924ec161e7639\" name=\"ct_checkjs_wpforms\" value=\"0\" \/><script>setTimeout(function(){var ct_input_name = \"ct_checkjs_wpforms_34ed066df378efacc9b924ec161e7639\";if (document.getElementById(ct_input_name) !== null) {var ct_input_value = document.getElementById(ct_input_name).value;document.getElementById(ct_input_name).value = document.getElementById(ct_input_name).value.replace(ct_input_value, '1756597420');}}, 1000);<\/script><input\n                    class=\"apbct_special_field apbct_email_id__wp_wpforms\"\n                    name=\"apbct__email_id__wp_wpforms\"\n                    aria-label=\"apbct__label_id__wp_wpforms\"\n                    type=\"text\" size=\"30\" maxlength=\"200\" autocomplete=\"off\"\n                    value=\"\"\n                \/><input\n                    class=\"apbct_special_field apbct_email_id__elementor_form\"\n                    name=\"apbct__email_id__elementor_form\"\n                    aria-label=\"apbct__label_id__elementor_form\"\n                    type=\"text\" size=\"30\" maxlength=\"200\" autocomplete=\"off\"\n                    value=\"\"\n                \/><\/form><\/div>  <!-- .wpforms-container -->\t\t\t\t<\/div>\n\t\t\t\t<\/div>\n\t\t\t\t\t<\/div>\n\t\t<\/div>\n\t\t\t\t\t<\/div>\n\t\t<\/section>\n\t\t\t\t<\/div>\n\t\t","protected":false},"excerpt":{"rendered":"<p>Herzlich Wilkommen auf der Partner-Login Seite Partner-Login Seite Partner-Login Seite der ABES Group AG Hier gelangen Sie zu unserem Download Bereich Bitte melden Sie sich an, um als registrierter Subbroker zu den Konditionen und Rechnern zu gelangen Nach Eingabe Ihres Namens und der E-Mail Adresse erfolgt eine Systempr\u00fcfung welche einige Sekunden dauert. Sie werden danach [&hellip;]<\/p>\n","protected":false},"author":5,"featured_media":0,"parent":0,"menu_order":0,"comment_status":"closed","ping_status":"closed","template":"","meta":{"advgb_blocks_editor_width":"","advgb_blocks_columns_visual_guide":"","footnotes":""},"class_list":["post-30528","page","type-page","status-publish","hentry"],"coauthors":[],"author_meta":{"author_link":"https:\/\/abes.ch\/it\/author\/pascal-mayor\/","display_name":"pascal.mayor"},"relative_dates":{"created":"Pubblicato 4 anni fa","modified":"Aggiornato 1 anno fa"},"absolute_dates":{"created":"Pubblicato il 1. Febbraio 2022","modified":"Aggiornato il 9. Febbraio 2025"},"absolute_dates_time":{"created":"Pubblicato il 1. Febbraio 2022 06:22","modified":"Aggiornato il 9. Febbraio 2025 11:12"},"featured_img_caption":"","featured_img":false,"series_order":"","_links":{"self":[{"href":"https:\/\/abes.ch\/it\/wp-json\/wp\/v2\/pages\/30528","targetHints":{"allow":["GET"]}}],"collection":[{"href":"https:\/\/abes.ch\/it\/wp-json\/wp\/v2\/pages"}],"about":[{"href":"https:\/\/abes.ch\/it\/wp-json\/wp\/v2\/types\/page"}],"author":[{"embeddable":true,"href":"https:\/\/abes.ch\/it\/wp-json\/wp\/v2\/users\/5"}],"replies":[{"embeddable":true,"href":"https:\/\/abes.ch\/it\/wp-json\/wp\/v2\/comments?post=30528"}],"version-history":[{"count":411,"href":"https:\/\/abes.ch\/it\/wp-json\/wp\/v2\/pages\/30528\/revisions"}],"predecessor-version":[{"id":58284,"href":"https:\/\/abes.ch\/it\/wp-json\/wp\/v2\/pages\/30528\/revisions\/58284"}],"wp:attachment":[{"href":"https:\/\/abes.ch\/it\/wp-json\/wp\/v2\/media?parent=30528"}],"curies":[{"name":"wp","href":"https:\/\/api.w.org\/{rel}","templated":true}]}}