{"id":215,"date":"2021-11-17T16:42:19","date_gmt":"2021-11-17T15:42:19","guid":{"rendered":"http:\/\/abeszuerich.ch.paragon.sui-inter.net\/?page_id=215"},"modified":"2024-09-18T09:37:40","modified_gmt":"2024-09-18T07:37:40","slug":"vag-45","status":"publish","type":"page","link":"https:\/\/abes.ch\/it\/vag-45\/","title":{"rendered":"Requisiti informativi secondo la vigilanza assicurativa"},"content":{"rendered":"<div data-elementor-type=\"wp-page\" data-elementor-id=\"215\" class=\"elementor elementor-215\" data-elementor-post-type=\"page\">\n\t\t\t\t<div class=\"elementor-element elementor-element-6f749851 e-flex e-con-boxed e-con e-parent\" data-id=\"6f749851\" data-element_type=\"container\" data-e-type=\"container\" data-settings=\"{&quot;ekit_has_onepagescroll_dot&quot;:&quot;yes&quot;}\">\n\t\t\t\t\t<div class=\"e-con-inner\">\n\t\t\t\t<div class=\"elementor-element elementor-element-a72dcf5 elementor-widget elementor-widget-heading\" data-id=\"a72dcf5\" data-element_type=\"widget\" data-e-type=\"widget\" data-settings=\"{&quot;ekit_we_effect_on&quot;:&quot;none&quot;}\" data-widget_type=\"heading.default\">\n\t\t\t\t<div class=\"elementor-widget-container\">\n\t\t\t\t\t<h2 class=\"elementor-heading-title elementor-size-default\">Requisiti informativi secondo la vigilanza assicurativa<\/h2>\t\t\t\t<\/div>\n\t\t\t\t<\/div>\n\t\t\t\t<div class=\"elementor-element elementor-element-44f428b elementor-widget elementor-widget-menu-anchor\" data-id=\"44f428b\" data-element_type=\"widget\" data-e-type=\"widget\" data-settings=\"{&quot;ekit_we_effect_on&quot;:&quot;none&quot;}\" data-widget_type=\"menu-anchor.default\">\n\t\t\t\t<div class=\"elementor-widget-container\">\n\t\t\t\t\t\t\t<div class=\"elementor-menu-anchor\" id=\"Informationspflicht\"><\/div>\n\t\t\t\t\t\t<\/div>\n\t\t\t\t<\/div>\n\t\t\t\t<div class=\"elementor-element elementor-element-f0e3d32 elementor-widget elementor-widget-heading\" data-id=\"f0e3d32\" data-element_type=\"widget\" data-e-type=\"widget\" data-settings=\"{&quot;ekit_we_effect_on&quot;:&quot;none&quot;}\" data-widget_type=\"heading.default\">\n\t\t\t\t<div class=\"elementor-widget-container\">\n\t\t\t\t\t<h4 class=\"elementor-heading-title elementor-size-default\">Gruppo ABES AG<br><br>\nFeldeggstrasse 5<br>\n8152 Glattbrugg<br><br>\n\nNumero di registrazione FINMA: F01115708<\/h4>\t\t\t\t<\/div>\n\t\t\t\t<\/div>\n\t\t\t\t<div class=\"elementor-element elementor-element-c7fee66 elementor-widget elementor-widget-heading\" data-id=\"c7fee66\" data-element_type=\"widget\" data-e-type=\"widget\" data-settings=\"{&quot;ekit_we_effect_on&quot;:&quot;none&quot;}\" data-widget_type=\"heading.default\">\n\t\t\t\t<div class=\"elementor-widget-container\">\n\t\t\t\t\t<h4 class=\"elementor-heading-title elementor-size-default\">Obbligo di informazione ai sensi dell'articolo 45 ISA (Legge sulla vigilanza delle assicurazioni)<\/h4>\t\t\t\t<\/div>\n\t\t\t\t<\/div>\n\t\t\t\t<div class=\"elementor-element elementor-element-7e7e9b97 elementor-widget elementor-widget-text-editor\" data-id=\"7e7e9b97\" data-element_type=\"widget\" data-e-type=\"widget\" data-settings=\"{&quot;ekit_we_effect_on&quot;:&quot;none&quot;}\" data-widget_type=\"text-editor.default\">\n\t\t\t\t<div class=\"elementor-widget-container\">\n\t\t\t\t\t\t\t\t\t<p><\/p>\n<div>\n<div>\n<p><\/p>\n<p><\/p>\n<p>Ai sensi dell'art. 45 comma 1 ISA, siamo tenuti a informarvi non appena entriamo in contatto con voi:<\/p>\n<ul>\n<li><span style=\"color: var( --e-global-color-text ); font-family: var( --e-global-typography-text-font-family ), Sans-serif; font-weight: var( --e-global-typography-text-font-weight ); text-align: var(--text-align);\">la nostra identit\u00e0 e il nostro indirizzo;<\/span><\/li>\n<\/ul>\n<ul>\n<li>la nostra attivit\u00e0 di broker e di titolare di mandato, che ci vede in un rapporto finanziariamente ed economicamente non vincolato con le compagnie di assicurazione e che ci impegna a un esclusivo dovere di lealt\u00e0 nei confronti del cliente;<\/li>\n<\/ul>\n<ul>\n<li>il modo in cui potete informarvi sulle qualifiche professionali dei nostri dipendenti, nonch\u00e9 sulla loro formazione e aggiornamento;<\/li>\n<\/ul>\n<ul>\n<li>che possono essere ritenuti responsabili per negligenza, errori o informazioni errate in relazione all'attivit\u00e0 di intermediazione;<\/li>\n<\/ul>\n<ul>\n<li>il trattamento dei dati personali, in particolare l'obiettivo, lo scopo, la portata e i destinatari dei dati, nonch\u00e9 la loro conservazione.<\/li>\n<\/ul>\n<p><\/p>\n<p><\/p>\n<\/div>\n<\/div>\n<p><\/p>\n<p><br \/><br \/><strong>Diritto di recesso dal contratto stipulato ai sensi dell'art. 2a della Legge sul contratto di assicurazione (LCA):<\/strong><br \/><br \/>Il contraente pu\u00f2 annullare la richiesta di stipula del contratto o la dichiarazione di accettazione. Il periodo di annullamento \u00e8 di 14 giorni e decorre dal momento in cui il contraente ha richiesto o accettato il contratto. Non \u00e8 necessario che la disdetta avvenga per iscritto, ma semplicemente in una forma che consenta la prova per via testuale, quindi anche per e-mail (ma sono sufficienti anche SMS, WhatsApp, ecc.). I terzi danneggiati possono far valere le proprie pretese nei confronti della compagnia assicurativa in buona fede nonostante la disdetta. In questi casi, tuttavia, l'assicurato deve il premio.<\/p>\t\t\t\t\t\t\t\t<\/div>\n\t\t\t\t<\/div>\n\t\t\t\t\t<\/div>\n\t\t\t\t<\/div>\n\t\t<div class=\"elementor-element elementor-element-453bce3 e-flex e-con-boxed e-con e-parent\" data-id=\"453bce3\" data-element_type=\"container\" data-e-type=\"container\" data-settings=\"{&quot;ekit_has_onepagescroll_dot&quot;:&quot;yes&quot;}\">\n\t\t\t\t\t<div class=\"e-con-inner\">\n\t\t\t\t<div class=\"elementor-element elementor-element-92360f8 elementor-widget elementor-widget-menu-anchor\" data-id=\"92360f8\" data-element_type=\"widget\" data-e-type=\"widget\" data-settings=\"{&quot;ekit_we_effect_on&quot;:&quot;none&quot;}\" data-widget_type=\"menu-anchor.default\">\n\t\t\t\t<div class=\"elementor-widget-container\">\n\t\t\t\t\t\t\t<div class=\"elementor-menu-anchor\" id=\"Ausbildung\"><\/div>\n\t\t\t\t\t\t<\/div>\n\t\t\t\t<\/div>\n\t\t\t\t<div class=\"elementor-element elementor-element-0028441 elementor-widget elementor-widget-heading\" data-id=\"0028441\" data-element_type=\"widget\" data-e-type=\"widget\" data-settings=\"{&quot;ekit_we_effect_on&quot;:&quot;none&quot;}\" data-widget_type=\"heading.default\">\n\t\t\t\t<div class=\"elementor-widget-container\">\n\t\t\t\t\t<h4 class=\"elementor-heading-title elementor-size-default\">Istruzione, formazione e qualifiche professionali<\/h4>\t\t\t\t<\/div>\n\t\t\t\t<\/div>\n\t\t\t\t\t<\/div>\n\t\t\t\t<\/div>\n\t\t<div class=\"elementor-element elementor-element-61b9ef3 e-flex e-con-boxed e-con e-parent\" data-id=\"61b9ef3\" data-element_type=\"container\" data-e-type=\"container\" data-settings=\"{&quot;ekit_has_onepagescroll_dot&quot;:&quot;yes&quot;}\">\n\t\t\t\t\t<div class=\"e-con-inner\">\n\t\t\t\t<div class=\"elementor-element elementor-element-600e211 elementor-widget elementor-widget-text-editor\" data-id=\"600e211\" data-element_type=\"widget\" data-e-type=\"widget\" data-settings=\"{&quot;ekit_we_effect_on&quot;:&quot;none&quot;}\" data-widget_type=\"text-editor.default\">\n\t\t\t\t<div class=\"elementor-widget-container\">\n\t\t\t\t\t\t\t\t\t<p>Ai sensi dell'art. 43 dell'ISA, siamo tenuti a fornire ai nostri dipendenti una formazione e un aggiornamento regolari per consentire loro di svolgere le proprie mansioni. A tal fine, disponiamo di un programma completo di promozione e sviluppo dei dipendenti che attribuisce grande importanza all'acquisizione di qualifiche professionali. Confermiamo inoltre che soddisfiamo tutti i requisiti stabiliti dal Consiglio federale per la formazione e il perfezionamento degli intermediari assicurativi, ma che non esistono standard minimi adeguati.<\/p>\n<p>Ai sensi dell'art. 45, par. 1, lett. c. dell'ISA, siamo inoltre tenuti a informarvi su come potete informarvi sulle qualifiche professionali dei nostri dipendenti.<\/p>\n<p>Con la presente confermiamo a nome nostro e di tutti i dipendenti che:<\/p>\n<ul>\n<li><span style=\"color: var( --e-global-color-text ); font-family: var( --e-global-typography-text-font-family ), Sans-serif; font-weight: var( --e-global-typography-text-font-weight ); text-align: var(--text-align);\">Vi informeremo in modo trasparente sullo stato di formazione di ogni singolo dipendente in ogni momento;<\/span><\/li>\n<\/ul>\n<ul>\n<li><span style=\"color: var( --e-global-color-text ); font-family: var( --e-global-typography-text-font-family ), Sans-serif; font-weight: var( --e-global-typography-text-font-weight ); text-align: var(--text-align);\">Dimostrare all'utente le qualifiche professionali del dipendente che entra in contatto con lui, adottando misure adeguate;\u00a0<\/span><\/li>\n<\/ul>\n<ul>\n<li><span style=\"color: var( --e-global-color-text ); font-family: var( --e-global-typography-text-font-family ), Sans-serif; font-weight: var( --e-global-typography-text-font-weight ); text-align: var(--text-align);\">Desideriamo darvi l'opportunit\u00e0 di informarvi dettagliatamente sul nostro concetto di formazione in qualsiasi momento;<\/span><\/li>\n<\/ul>\n<ul>\n<li><span style=\"color: var( --e-global-color-text ); font-family: var( --e-global-typography-text-font-family ), Sans-serif; font-weight: var( --e-global-typography-text-font-weight ); text-align: var(--text-align);\">una qualifica professionale superiore di \"Economista d'impresa\" con \"Diploma professionale federale\", un diploma di \"Consulente di fondi certificato a livello federale IAF\", un diploma di \"Consulente finanziario certificato a livello federale IAF\" o un diploma di \"Gestore patrimoniale certificato a livello federale IAF\".<\/span><\/li>\n<\/ul>\t\t\t\t\t\t\t\t<\/div>\n\t\t\t\t<\/div>\n\t\t\t\t\t<\/div>\n\t\t\t\t<\/div>\n\t\t<div class=\"elementor-element elementor-element-2bfaf2a e-flex e-con-boxed e-con e-parent\" data-id=\"2bfaf2a\" data-element_type=\"container\" data-e-type=\"container\" data-settings=\"{&quot;ekit_has_onepagescroll_dot&quot;:&quot;yes&quot;}\">\n\t\t\t\t\t<div class=\"e-con-inner\">\n\t\t\t\t<div class=\"elementor-element elementor-element-a9f4c47 elementor-widget elementor-widget-text-editor\" data-id=\"a9f4c47\" data-element_type=\"widget\" data-e-type=\"widget\" data-settings=\"{&quot;ekit_we_effect_on&quot;:&quot;none&quot;}\" data-widget_type=\"text-editor.default\">\n\t\t\t\t<div class=\"elementor-widget-container\">\n\t\t\t\t\t\t\t\t\t<p>Qui potete trovare la formazione dei nostri titolari di mandato in dettaglio<\/p>\t\t\t\t\t\t\t\t<\/div>\n\t\t\t\t<\/div>\n\t\t\t\t<div class=\"elementor-element elementor-element-93f0369 elementor-widget elementor-widget-image\" data-id=\"93f0369\" data-element_type=\"widget\" data-e-type=\"widget\" data-settings=\"{&quot;ekit_we_effect_on&quot;:&quot;none&quot;}\" data-widget_type=\"image.default\">\n\t\t\t\t<div class=\"elementor-widget-container\">\n\t\t\t\t\t\t\t\t\t\t\t\t\t\t\t<img decoding=\"async\" width=\"150\" height=\"150\" src=\"https:\/\/abes.ch\/wp-content\/uploads\/2023\/12\/QR-Code-Ansprechpartner-ABES-Group-AG-150x150.png\" class=\"attachment-thumbnail size-thumbnail wp-image-50236\" alt=\"\" srcset=\"https:\/\/abes.ch\/wp-content\/uploads\/2023\/12\/QR-Code-Ansprechpartner-ABES-Group-AG-150x150.png 150w, https:\/\/abes.ch\/wp-content\/uploads\/2023\/12\/QR-Code-Ansprechpartner-ABES-Group-AG-300x300.png 300w, https:\/\/abes.ch\/wp-content\/uploads\/2023\/12\/QR-Code-Ansprechpartner-ABES-Group-AG-12x12.png 12w, https:\/\/abes.ch\/wp-content\/uploads\/2023\/12\/QR-Code-Ansprechpartner-ABES-Group-AG.png 315w\" sizes=\"(max-width: 150px) 100vw, 150px\" \/>\t\t\t\t\t\t\t\t\t\t\t\t\t\t\t<\/div>\n\t\t\t\t<\/div>\n\t\t\t\t<div class=\"elementor-element elementor-element-b68a4f9 elementor-widget elementor-widget-menu-anchor\" data-id=\"b68a4f9\" data-element_type=\"widget\" data-e-type=\"widget\" data-settings=\"{&quot;ekit_we_effect_on&quot;:&quot;none&quot;}\" data-widget_type=\"menu-anchor.default\">\n\t\t\t\t<div class=\"elementor-widget-container\">\n\t\t\t\t\t\t\t<div class=\"elementor-menu-anchor\" id=\"Interessenskonflikte\"><\/div>\n\t\t\t\t\t\t<\/div>\n\t\t\t\t<\/div>\n\t\t\t\t<div class=\"elementor-element elementor-element-13eda37 elementor-widget elementor-widget-heading\" data-id=\"13eda37\" data-element_type=\"widget\" data-e-type=\"widget\" data-settings=\"{&quot;ekit_we_effect_on&quot;:&quot;none&quot;}\" data-widget_type=\"heading.default\">\n\t\t\t\t<div class=\"elementor-widget-container\">\n\t\t\t\t\t<h4 class=\"elementor-heading-title elementor-size-default\">Evitare i conflitti di interesse<\/h4>\t\t\t\t<\/div>\n\t\t\t\t<\/div>\n\t\t\t\t<div class=\"elementor-element elementor-element-d0700d2 elementor-widget elementor-widget-text-editor\" data-id=\"d0700d2\" data-element_type=\"widget\" data-e-type=\"widget\" data-settings=\"{&quot;ekit_we_effect_on&quot;:&quot;none&quot;}\" data-widget_type=\"text-editor.default\">\n\t\t\t\t<div class=\"elementor-widget-container\">\n\t\t\t\t\t\t\t\t\t<p>Ai sensi dell'art. 45a della VAG, siamo tenuti ad adottare le opportune precauzioni organizzative per evitare i conflitti di interesse che possono insorgere nell'ambito dell'intermediazione di servizi assicurativi o per escludere i possibili svantaggi che potrebbero derivare all'utente da tali conflitti di interesse.<\/p>\n<p>Con la presente confermiamo a nome nostro e di tutti i collaboratori interni ed esterni, dei terzi consultati nonch\u00e9 degli organi direttivi e dei membri della direzione che noi, in qualit\u00e0 di titolari del mandato, ci impegniamo esclusivamente a tutelare i vostri interessi e che tra noi e le compagnie di assicurazione, le casse pensioni e gli altri partner contrattuali coinvolti non sussiste alcun contratto di intermediazione indipendente ai sensi dell'OR 412 ss. In tal modo, ci impegniamo a rispettare un dovere di lealt\u00e0 esclusivo nei vostri confronti e garantiamo che:<\/p>\n<ul>\n<li><span style=\"color: var( --e-global-color-text ); font-family: var( --e-global-typography-text-font-family ), Sans-serif; font-weight: var( --e-global-typography-text-font-weight ); text-align: var(--text-align);\">non siamo in stato di fallimento, di insolvenza, di concordato giudiziario o di liquidazione o abbiamo cessato l'attivit\u00e0 o siamo in grado di farlo ai sensi della legge applicabile;<\/span><\/li>\n<\/ul>\n<ul>\n<li>non sono stati condannati con sentenza passata in giudicato per un reato che metta in dubbio la nostra affidabilit\u00e0;<\/li>\n<\/ul>\n<ul>\n<li>non abbiamo commesso, nell'ambito della nostra attivit\u00e0 professionale, alcuna grave mancanza che non sia giustificabile;<\/li>\n<\/ul>\n<ul>\n<li>abbiamo adempiuto all'obbligo di versare i contributi previdenziali, le imposte o altri tributi in conformit\u00e0 alla legge;<\/li>\n<\/ul>\n<ul>\n<li>vi fornir\u00e0 informazioni corrette, veritiere e complete nell'ambito del rapporto di mandato;<\/li>\n<\/ul>\n<ul>\n<li>non siano stati oggetto di una sentenza passata in giudicato per frode, corruzione, partecipazione a un'organizzazione criminale o qualsiasi altra attivit\u00e0 illegale che leda gli interessi finanziari delle Comunit\u00e0;<\/li>\n<\/ul>\n<ul>\n<li>non siamo soggetti a sanzioni per aver fornito informazioni errate o incomplete nell'esecuzione degli ordini, o per aver commesso una grave violazione del contratto in relazione a un ordine o un mancato adempimento degli obblighi contrattuali;<\/li>\n<\/ul>\n<ul>\n<li>prender\u00e0 o render\u00e0 note tutte le precauzioni per non incorrere in un conflitto di interessi in relazione a un rapporto di mandato, laddove un conflitto di interessi potrebbe derivare in particolare da interessi economici, affinit\u00e0 politiche o legami nazionali, relazioni familiari o di amicizia e altri legami o interessi;<\/li>\n<\/ul>\n<ul>\n<li>vi comunicher\u00e0 tempestivamente qualsiasi questione che costituisca o possa dar luogo a un conflitto di interessi;<\/li>\n<\/ul>\n<ul>\n<li>non fare - e non far\u00e0 in futuro - offerte di alcun tipo che possano promettere, offrire o conferire un vantaggio;<\/li>\n<\/ul>\n<ul>\n<li>non concedono, ricevono, tentano di ricevere o hanno accettato, n\u00e9 direttamente n\u00e9 indirettamente, benefici finanziari o in natura come incentivo o corrispettivo per l'assegnazione o l'accettazione di un mandato o l'esecuzione di un contratto, che - direttamente o indirettamente - sono da considerarsi una condotta illegale o di corruzione o concussione, e si asterranno dal farlo in futuro;<\/li>\n<\/ul>\n<ul>\n<li>non sono stati stipulati accordi di collaborazione o altri accordi con una compagnia di assicurazione che pregiudichino la nostra libert\u00e0 di agire anche per altre compagnie di assicurazione e nessuna compagnia di assicurazione o persona incaricata dell'amministrazione e della gestione della societ\u00e0 ha una partecipazione nella nostra societ\u00e0;<\/li>\n<\/ul>\n<ul>\n<li>non detengono, direttamente o indirettamente, pi\u00f9 del 10% del capitale sociale di una compagnia di assicurazione;<\/li>\n<\/ul>\n<ul>\n<li>non impiegare personale che ricopra una posizione dirigenziale in un'impresa di assicurazione o che possa influenzare in altro modo l'andamento degli affari di un'impresa di assicurazione.<\/li>\n<\/ul>\t\t\t\t\t\t\t\t<\/div>\n\t\t\t\t<\/div>\n\t\t\t\t\t<\/div>\n\t\t\t\t<\/div>\n\t\t<div class=\"elementor-element elementor-element-e853707 e-flex e-con-boxed e-con e-parent\" data-id=\"e853707\" data-element_type=\"container\" data-e-type=\"container\" data-settings=\"{&quot;ekit_has_onepagescroll_dot&quot;:&quot;yes&quot;}\">\n\t\t\t\t\t<div class=\"e-con-inner\">\n\t\t\t\t<div class=\"elementor-element elementor-element-6735007 elementor-widget elementor-widget-menu-anchor\" data-id=\"6735007\" data-element_type=\"widget\" data-e-type=\"widget\" data-settings=\"{&quot;ekit_we_effect_on&quot;:&quot;none&quot;}\" data-widget_type=\"menu-anchor.default\">\n\t\t\t\t<div class=\"elementor-widget-container\">\n\t\t\t\t\t\t\t<div class=\"elementor-menu-anchor\" id=\"Offenlegung\"><\/div>\n\t\t\t\t\t\t<\/div>\n\t\t\t\t<\/div>\n\t\t\t\t<div class=\"elementor-element elementor-element-12f8b11 elementor-widget elementor-widget-heading\" data-id=\"12f8b11\" data-element_type=\"widget\" data-e-type=\"widget\" data-settings=\"{&quot;ekit_we_effect_on&quot;:&quot;none&quot;}\" data-widget_type=\"heading.default\">\n\t\t\t\t<div class=\"elementor-widget-container\">\n\t\t\t\t\t<h4 class=\"elementor-heading-title elementor-size-default\">Divulgazione dei compensi delle compagnie di assicurazione<\/h4>\t\t\t\t<\/div>\n\t\t\t\t<\/div>\n\t\t\t\t\t<\/div>\n\t\t\t\t<\/div>\n\t\t<div class=\"elementor-element elementor-element-b0f087e e-flex e-con-boxed e-con e-parent\" data-id=\"b0f087e\" data-element_type=\"container\" data-e-type=\"container\" data-settings=\"{&quot;ekit_has_onepagescroll_dot&quot;:&quot;yes&quot;}\">\n\t\t\t\t\t<div class=\"e-con-inner\">\n\t\t\t\t<div class=\"elementor-element elementor-element-3357e04 elementor-widget elementor-widget-text-editor\" data-id=\"3357e04\" data-element_type=\"widget\" data-e-type=\"widget\" data-settings=\"{&quot;ekit_we_effect_on&quot;:&quot;none&quot;}\" data-widget_type=\"text-editor.default\">\n\t\t\t\t<div class=\"elementor-widget-container\">\n\t\t\t\t\t\t\t\t\t<p>Per la fornitura dei nostri servizi, possiamo essere compensati con un compenso amministrativo pagato dall'assicuratore. L'importo e la natura di tale compenso amministrativo vengono dichiarati come segue nell'ambito dell'\"obbligo di informazione\" previsto dalla legge ai sensi dell'art. 45b ISA mediante i seguenti parametri di calcolo:<\/p>\n<ul>\n<li><span style=\"color: var( --e-global-color-text ); font-family: var( --e-global-typography-text-font-family ), Sans-serif; font-weight: var( --e-global-typography-text-font-weight ); text-align: var(--text-align);\">Assicurazione di propriet\u00e0, responsabilit\u00e0 civile, protezione giuridica informatica e trasporti max. 15% del premio netto annuo fatturato.<\/span><\/li>\n<li>Assicurazioni per fabbricato, deposito, montaggio e tecniche max. 15% del premio netto annuo fatturato.<\/li>\n<li>Assicurazione equina 11% del premio annuale netto fatturato<\/li>\n<li>Contratti per veicoli a motore e flotte aziendali max. 10% del premio netto annuo fatturato<\/li>\n<li>Assicurazione obbligatoria contro gli infortuni LAINF max. 5% del premio annuo netto fatturato<\/li>\n<li>Assicurazione complementare contro gli infortuni max. 15% del premio netto annuale fatturato<\/li>\n<li>Assicurazione di indennit\u00e0 giornaliera di malattia max. 7,5% del premio annuo netto fatturato<\/li>\n<li>\n<div dir=\"ltr\">Assicurazione sanitaria per l'assicurazione di base secondo la LAMal max. 70, per l'assicurazione complementare secondo la LCA max. 16 x il premio mensile netto fatturato<\/div>\n<\/li>\n<li>Fondi pensione aziendali e contratti 1E max. 7% del premio annuo di puro rischio<\/li>\n<li>Polizze di assicurazione sulla vita e polizze pensionistiche max. 5% della somma di produzione una tantum calcolata da premio * durata in anni<\/li>\n<\/ul>\n<p><br \/>A causa della progettazione o delle modifiche situazionali di queste indennit\u00e0 da parte delle singole compagnie di assicurazione, nei singoli casi possono verificarsi scostamenti di questi parametri di calcolo.<\/p>\n<p class=\"MsoNormal\">A prescindere da ci\u00f2, tuttavia, ci impegniamo a fornirvi per iscritto, in qualsiasi momento e su richiesta, informazioni complete e dettagliate sulle spese amministrative attualmente derivanti da un mandato.<\/p>\n<p>Inoltre, i nostri collaboratori vi mostreranno sempre in modo trasparente l'importo dell'indennizzo dell'assicuratore durante il colloquio di consulenza prima di stipulare una polizza assicurativa, a seconda delle possibilit\u00e0.<\/p>\n<p>Se le commissioni di gestione sono un compenso per la prestazione di servizi per la previdenza professionale, confermiamo espressamente di rifiutare categoricamente qualsiasi forma di compenso aggiuntivo basato sul volume, sulla crescita o sui sinistri.<\/p>\n<p>In questo contesto, confermiamo inoltre di rispettare in ogni momento i requisiti di legge ai sensi dell'art. 48 del Codice Civile.<em>k<\/em> BVV 2 e informare il cliente sulla natura e l'origine di tutte le spese di gestione in occasione della prima consultazione.<\/p>\t\t\t\t\t\t\t\t<\/div>\n\t\t\t\t<\/div>\n\t\t\t\t\t<\/div>\n\t\t\t\t<\/div>\n\t\t<div class=\"elementor-element elementor-element-6b54d24 e-flex e-con-boxed e-con e-parent\" data-id=\"6b54d24\" data-element_type=\"container\" data-e-type=\"container\" data-settings=\"{&quot;ekit_has_onepagescroll_dot&quot;:&quot;yes&quot;}\">\n\t\t\t\t\t<div class=\"e-con-inner\">\n\t\t<div class=\"elementor-element elementor-element-49a8cf2 e-flex e-con-boxed e-con e-child\" data-id=\"49a8cf2\" data-element_type=\"container\" data-e-type=\"container\" data-settings=\"{&quot;ekit_has_onepagescroll_dot&quot;:&quot;yes&quot;}\">\n\t\t\t\t\t<div class=\"e-con-inner\">\n\t\t\t\t<div class=\"elementor-element elementor-element-e29e983 elementor-widget elementor-widget-heading\" data-id=\"e29e983\" data-element_type=\"widget\" data-e-type=\"widget\" data-settings=\"{&quot;ekit_we_effect_on&quot;:&quot;none&quot;}\" data-widget_type=\"heading.default\">\n\t\t\t\t<div class=\"elementor-widget-container\">\n\t\t\t\t\t<p class=\"elementor-heading-title elementor-size-default\">\u00a9 2024 Gruppo ABES SA<\/p>\t\t\t\t<\/div>\n\t\t\t\t<\/div>\n\t\t\t\t\t<\/div>\n\t\t\t\t<\/div>\n\t\t\t\t\t<\/div>\n\t\t\t\t<\/div>\n\t\t\t\t<\/div>","protected":false},"excerpt":{"rendered":"<p>Informationspflichten gem\u00e4ss Versicherungsaufsicht ABES Group AG Feldeggstrasse 5 8152 Glattbrugg FINMA Registernummer: F01115708 Informationspflicht nach Artikel 45 VAG (Versicherungsaufsichtsgesetz) Nach Art. 45 Abs. 1 VAG m\u00fcssen wir Sie, sobald wir mit Ihnen in Kontakt treten, \u00fcber folgende Punkte in Kenntnis setzen: unsere Identit\u00e4t und die Adresse; unsere T\u00e4tigkeit als Broker und Mandatstr\u00e4gerin, wobei wir in [&hellip;]<\/p>\n","protected":false},"author":4,"featured_media":0,"parent":0,"menu_order":0,"comment_status":"closed","ping_status":"closed","template":"","meta":{"advgb_blocks_editor_width":"","advgb_blocks_columns_visual_guide":"","footnotes":""},"class_list":["post-215","page","type-page","status-publish","hentry"],"coauthors":[],"author_meta":{"author_link":"https:\/\/abes.ch\/it\/author\/","display_name":""},"relative_dates":{"created":"Pubblicato 4 anni fa","modified":"Aggiornato 2 anni fa"},"absolute_dates":{"created":"Pubblicato il 17. Novembre 2021","modified":"Aggiornato il 18. Settembre 2024"},"absolute_dates_time":{"created":"Pubblicato il 17. Novembre 2021 16:42","modified":"Aggiornato il 18. Settembre 2024 09:37"},"featured_img_caption":"","featured_img":false,"series_order":"","_links":{"self":[{"href":"https:\/\/abes.ch\/it\/wp-json\/wp\/v2\/pages\/215","targetHints":{"allow":["GET"]}}],"collection":[{"href":"https:\/\/abes.ch\/it\/wp-json\/wp\/v2\/pages"}],"about":[{"href":"https:\/\/abes.ch\/it\/wp-json\/wp\/v2\/types\/page"}],"author":[{"embeddable":true,"href":"https:\/\/abes.ch\/it\/wp-json\/wp\/v2\/users\/4"}],"replies":[{"embeddable":true,"href":"https:\/\/abes.ch\/it\/wp-json\/wp\/v2\/comments?post=215"}],"version-history":[{"count":539,"href":"https:\/\/abes.ch\/it\/wp-json\/wp\/v2\/pages\/215\/revisions"}],"predecessor-version":[{"id":55714,"href":"https:\/\/abes.ch\/it\/wp-json\/wp\/v2\/pages\/215\/revisions\/55714"}],"wp:attachment":[{"href":"https:\/\/abes.ch\/it\/wp-json\/wp\/v2\/media?parent=215"}],"curies":[{"name":"wp","href":"https:\/\/api.w.org\/{rel}","templated":true}]}}