{"id":57787,"date":"2025-02-02T11:10:39","date_gmt":"2025-02-02T10:10:39","guid":{"rendered":"https:\/\/abes.ch\/?page_id=57787"},"modified":"2025-06-26T14:45:14","modified_gmt":"2025-06-26T12:45:14","slug":"mettler-entwickler-ag","status":"publish","type":"page","link":"https:\/\/abes.ch\/fr\/mettler-entwickler-ag\/","title":{"rendered":"Mettler D\u00e9veloppeurs AG"},"content":{"rendered":"","protected":true},"excerpt":{"rendered":"","protected":true},"author":108,"featured_media":0,"parent":0,"menu_order":0,"comment_status":"closed","ping_status":"closed","template":"elementor_canvas","meta":{"advgb_blocks_editor_width":"","advgb_blocks_columns_visual_guide":"","footnotes":""},"class_list":["post-57787","page","type-page","status-publish","post-password-required","hentry"],"coauthors":[],"author_meta":{"author_link":"https:\/\/abes.ch\/fr\/author\/supervisor\/","display_name":"Supervisor"},"relative_dates":{"created":"Publi\u00e9 1 an il y a","modified":"Mis \u00e0 jour 10 mois il y a"},"absolute_dates":{"created":"Publi\u00e9 le 2. f\u00e9vrier 2025","modified":"Mise \u00e0 jour le 26. juin 2025"},"absolute_dates_time":{"created":"Publi\u00e9 le 2. f\u00e9vrier 2025 11:10","modified":"Mise \u00e0 jour le 26. juin 2025 14:45"},"featured_img_caption":"","featured_img":false,"series_order":"","_links":{"self":[{"href":"https:\/\/abes.ch\/fr\/wp-json\/wp\/v2\/pages\/57787","targetHints":{"allow":["GET"]}}],"collection":[{"href":"https:\/\/abes.ch\/fr\/wp-json\/wp\/v2\/pages"}],"about":[{"href":"https:\/\/abes.ch\/fr\/wp-json\/wp\/v2\/types\/page"}],"author":[{"embeddable":true,"href":"https:\/\/abes.ch\/fr\/wp-json\/wp\/v2\/users\/108"}],"replies":[{"embeddable":true,"href":"https:\/\/abes.ch\/fr\/wp-json\/wp\/v2\/comments?post=57787"}],"version-history":[{"count":10,"href":"https:\/\/abes.ch\/fr\/wp-json\/wp\/v2\/pages\/57787\/revisions"}],"predecessor-version":[{"id":59367,"href":"https:\/\/abes.ch\/fr\/wp-json\/wp\/v2\/pages\/57787\/revisions\/59367"}],"wp:attachment":[{"href":"https:\/\/abes.ch\/fr\/wp-json\/wp\/v2\/media?parent=57787"}],"curies":[{"name":"wp","href":"https:\/\/api.w.org\/{rel}","templated":true}]}}