{"id":44174,"date":"2023-11-05T15:08:56","date_gmt":"2023-11-05T14:08:56","guid":{"rendered":"https:\/\/abes.ch\/?page_id=44174"},"modified":"2023-11-05T21:12:59","modified_gmt":"2023-11-05T20:12:59","slug":"formulaire-de-contact","status":"publish","type":"page","link":"https:\/\/abes.ch\/fr\/kontaktformular\/","title":{"rendered":"Formulaire de contact"},"content":{"rendered":"\t\t<div data-elementor-type=\"wp-page\" data-elementor-id=\"44174\" class=\"elementor elementor-44174\" data-elementor-post-type=\"page\">\n\t\t\t\t<div class=\"elementor-element elementor-element-a916ba6 e-flex e-con-boxed e-con e-parent\" data-id=\"a916ba6\" data-element_type=\"container\" data-e-type=\"container\" data-settings=\"{&quot;ekit_has_onepagescroll_dot&quot;:&quot;yes&quot;}\">\n\t\t\t\t\t<div class=\"e-con-inner\">\n\t\t\t\t<div class=\"elementor-element elementor-element-358088e elementor-widget elementor-widget-wpforms\" data-id=\"358088e\" data-element_type=\"widget\" data-e-type=\"widget\" data-settings=\"{&quot;ekit_we_effect_on&quot;:&quot;none&quot;}\" data-widget_type=\"wpforms.default\">\n\t\t\t\t<div class=\"elementor-widget-container\">\n\t\t\t\t\t\r\n<style type=\"text\/css\">\r\n\r\n\r\n\r\n\r\n\r\n\r\n\r\n\tbody #wpforms-39913 .wpforms-submit-container .wpforms-submit, body #wpforms-39913 .wpforms-field-pagebreak button.wpforms-page-button {\r\n\t\ttext-align:left ;\t\tborder-width: 0px;\t}\r\n\r\n\tbody #wpforms-39913 .wpforms-submit-container .wpforms-submit:hover, body #wpforms-39913 .wpforms-field-pagebreak button.wpforms-page-button:hover {\r\n\t\t\t}\r\n\r\n\tbody #wpforms-39913 .wpforms-submit-container,\r\n\tbody #wpforms-39913 .wpforms-field-pagebreak .wpforms-pagebreak-left{\r\n\ttext-align:left;\t}\r\n\r\n\r\n\r\n\r\n\r\n\r\n\r\n\r\n\r\n\r\n\r\n\/* Styling for Tablets *\/\r\n@media only screen and (max-width: 800px) and (min-width:481px) {\r\n\t\r\n\r\n\r\n\r\n}\r\n\r\n@media only screen and (max-width: 480px){\r\n\t\r\n\r\n\r\n\r\n}\r\n\/*Option to add custom CSS *\/\r\n\r\n\r\n\r\n\t\t<\/style>\r\n\t\t<div class=\"wpforms-container wpforms-container-full wpforms-container-save-resume wpforms-render-modern\" id=\"wpforms-39913\"><form id=\"wpforms-form-39913\" class=\"wpforms-validate wpforms-form wpforms-ajax-form\" data-formid=\"39913\" method=\"post\" enctype=\"multipart\/form-data\" action=\"\/fr\/wp-json\/wp\/v2\/pages\/44174?wpforms_form_id=39913\" data-token=\"af872b58b1c4b909c2eeba8ee6b7d935\" data-token-time=\"1778246757\"><noscript class=\"wpforms-error-noscript\">Veuillez activer JavaScript dans votre navigateur pour remplir ce formulaire.<\/noscript><div id=\"wpforms-error-noscript\" style=\"display: none;\">Veuillez activer JavaScript dans votre navigateur pour remplir ce formulaire.<\/div><div class=\"wpforms-field-container\"><div id=\"wpforms-39913-field_23-container\" class=\"wpforms-field wpforms-field-radio wpforms-conditional-trigger\" data-field-type=\"radio\" data-field-id=\"23\"><fieldset><legend class=\"wpforms-field-label\">Wie m\u00f6chten Sie mit uns in Kontakt treten?<\/legend><ul id=\"wpforms-39913-field_23\" class=\"wpforms-icon-choices wpforms-icon-choices-modern wpforms-icon-choices-large\" style=\"--wpforms-icon-choices-color: #066aab;\"><li class=\"choice-2 depth-1 wpforms-icon-choices-item\"><label class=\"wpforms-field-label-inline\" for=\"wpforms-39913-field_23_2\">\n\t\t\t\t<span class=\"wpforms-icon-choices-icon\">\n\t\t\t\t\t<svg xmlns=\"http:\/\/www.w3.org\/2000\/svg\" width=\"80\" height=\"64\" viewBox=\"0 0 448 512\"><!--! Font Awesome Free 6.4.0 by @fontawesome - https:\/\/fontawesome.com License - https:\/\/fontawesome.com\/license\/free (Icons: CC BY 4.0, Fonts: SIL OFL 1.1, Code: MIT License) Copyright 2023 Fonticons, Inc. --><path d=\"M448 75.2v361.7c0 24.3-19 43.2-43.2 43.2H43.2C19.3 480 0 461.4 0 436.8V75.2C0 51.1 18.8 32 43.2 32h361.7c24 0 43.1 18.8 43.1 43.2zm-37.3 361.6V75.2c0-3-2.6-5.8-5.8-5.8h-9.3L285.3 144 224 94.1 162.8 144 52.5 69.3h-9.3c-3.2 0-5.8 2.8-5.8 5.8v361.7c0 3 2.6 5.8 5.8 5.8h361.7c3.2.1 5.8-2.7 5.8-5.8zM150.2 186v37H76.7v-37h73.5zm0 74.4v37.3H76.7v-37.3h73.5zm11.1-147.3l54-43.7H96.8l64.5 43.7zm210 72.9v37h-196v-37h196zm0 74.4v37.3h-196v-37.3h196zm-84.6-147.3l64.5-43.7H232.8l53.9 43.7zM371.3 335v37.3h-99.4V335h99.4z\"\/><\/svg>\n\t\t\t\t\t<span class=\"wpforms-icon-choices-icon-bg\"><\/span>\n\t\t\t\t<\/span>\n\t\t\t\t<input type=\"radio\" id=\"wpforms-39913-field_23_2\" class=\"wpforms-screen-reader-element\" name=\"wpforms[fields][23]\" value=\"Ich m\u00f6chte mein Anliegen schriftlich mitteilen\" aria-errormessage=\"wpforms-39913-field_23_2-error\"  >\n\t\t\t\t<span class=\"wpforms-icon-choices-label\">Ich m\u00f6chte mein Anliegen schriftlich mitteilen<\/span>\n\t\t\t<\/label><\/li><li class=\"choice-1 depth-1 wpforms-icon-choices-item\"><label class=\"wpforms-field-label-inline\" for=\"wpforms-39913-field_23_1\">\n\t\t\t\t<span class=\"wpforms-icon-choices-icon\">\n\t\t\t\t\t<svg xmlns=\"http:\/\/www.w3.org\/2000\/svg\" width=\"80\" height=\"64\" viewBox=\"0 0 512 512\"><!--! Font Awesome Free 6.4.0 by @fontawesome - https:\/\/fontawesome.com License - https:\/\/fontawesome.com\/license\/free (Icons: CC BY 4.0, Fonts: SIL OFL 1.1, Code: MIT License) Copyright 2023 Fonticons, Inc. --><path d=\"M280 0C408.1 0 512 103.9 512 232c0 13.3-10.7 24-24 24s-24-10.7-24-24c0-101.6-82.4-184-184-184c-13.3 0-24-10.7-24-24s10.7-24 24-24zm8 192a32 32 0 1 1 0 64 32 32 0 1 1 0-64zm-32-72c0-13.3 10.7-24 24-24c75.1 0 136 60.9 136 136c0 13.3-10.7 24-24 24s-24-10.7-24-24c0-48.6-39.4-88-88-88c-13.3 0-24-10.7-24-24zM117.5 1.4c19.4-5.3 39.7 4.6 47.4 23.2l40 96c6.8 16.3 2.1 35.2-11.6 46.3L144 207.3c33.3 70.4 90.3 127.4 160.7 160.7L345 318.7c11.2-13.7 30-18.4 46.3-11.6l96 40c18.6 7.7 28.5 28 23.2 47.4l-24 88C481.8 499.9 466 512 448 512C200.6 512 0 311.4 0 64C0 46 12.1 30.2 29.5 25.4l88-24z\"\/><\/svg>\n\t\t\t\t\t<span class=\"wpforms-icon-choices-icon-bg\"><\/span>\n\t\t\t\t<\/span>\n\t\t\t\t<input type=\"radio\" id=\"wpforms-39913-field_23_1\" class=\"wpforms-screen-reader-element\" name=\"wpforms[fields][23]\" value=\"Ich w\u00fcnsche einen R\u00fcckruf\" aria-errormessage=\"wpforms-39913-field_23_1-error\"  >\n\t\t\t\t<span class=\"wpforms-icon-choices-label\">Ich w\u00fcnsche einen R\u00fcckruf<\/span>\n\t\t\t<\/label><\/li><\/ul><\/fieldset><\/div><div id=\"wpforms-39913-field_25-container\" class=\"wpforms-field wpforms-field-date-time wpforms-conditional-field wpforms-conditional-show\" data-field-type=\"date-time\" data-field-id=\"25\" style=\"display:none;\"><fieldset><legend class=\"wpforms-field-label\">Bitte rufen Sie mich unter der bekanntgegebenen Nummer nach M\u00f6glichkeit wie folgt zur\u00fcck <span class=\"wpforms-required-label\" aria-hidden=\"true\">*<\/span><\/legend><div class=\"wpforms-field-row wpforms-field-large\"><div class=\"wpforms-field-row-block wpforms-date-type-datepicker\"><div class=\"wpforms-datepicker-wrap\"><input type=\"text\" id=\"wpforms-39913-field_25\" class=\"wpforms-field-date-time-date wpforms-datepicker wpforms-field-required\" data-date-format=\"m\/d\/Y\" data-limit-days=\"mon,tue,wed,thu,fri\" data-disable-past-dates=\"1\" data-disable-todays-date=\"0\" data-input=\"true\" name=\"wpforms[fields][25][date]\" aria-errormessage=\"wpforms-39913-field_25-error\" required><a title=\"Effacer la date\" data-clear role=\"button\" tabindex=\"0\" class=\"wpforms-datepicker-clear\" aria-label=\"Effacer la date\" style=\"display:none;\"><\/a><\/div><label for=\"wpforms-39913-field_25\" class=\"wpforms-field-sublabel after\">Date<\/label><\/div><div class=\"wpforms-field-row-block\"><input type=\"text\" id=\"wpforms-39913-field_25-time\" class=\"wpforms-field-date-time-time wpforms-timepicker wpforms-field-required\" data-time-format=\"H:i\" data-step=\"30\" data-rule-time24h=\"true\" data-min-time=\"08:00\" data-max-time=\"17:00\" data-rule-time-limit=\"true\" name=\"wpforms[fields][25][time]\" aria-errormessage=\"wpforms-39913-field_25-time-error\" required><label for=\"wpforms-39913-field_25-time\" class=\"wpforms-field-sublabel after\">Heure<\/label><\/div><\/div><\/fieldset><\/div><div id=\"wpforms-39913-field_7-container\" class=\"wpforms-field wpforms-field-name\" data-field-type=\"name\" data-field-id=\"7\"><fieldset><legend class=\"wpforms-field-label\">Name <span class=\"wpforms-required-label\" aria-hidden=\"true\">*<\/span><\/legend><div class=\"wpforms-field-row wpforms-field-large\"><div class=\"wpforms-field-row-block wpforms-first wpforms-one-half\"><input type=\"text\" id=\"wpforms-39913-field_7\" class=\"wpforms-field-name-first wpforms-field-required\" name=\"wpforms[fields][7][first]\" aria-errormessage=\"wpforms-39913-field_7-error\" required><label for=\"wpforms-39913-field_7\" class=\"wpforms-field-sublabel after\">Pr\u00e9nom<\/label><\/div><div class=\"wpforms-field-row-block wpforms-one-half\"><input type=\"text\" id=\"wpforms-39913-field_7-last\" class=\"wpforms-field-name-last wpforms-field-required\" name=\"wpforms[fields][7][last]\" aria-errormessage=\"wpforms-39913-field_7-last-error\" required><label for=\"wpforms-39913-field_7-last\" class=\"wpforms-field-sublabel after\">Nom<\/label><\/div><\/div><\/fieldset><\/div><div id=\"wpforms-39913-field_17-container\" class=\"wpforms-field wpforms-field-text\" data-field-type=\"text\" data-field-id=\"17\"><label class=\"wpforms-field-label\" for=\"wpforms-39913-field_17\">Fimenname<\/label><input type=\"text\" id=\"wpforms-39913-field_17\" class=\"wpforms-field-large\" name=\"wpforms[fields][17]\" aria-errormessage=\"wpforms-39913-field_17-error\" ><\/div><div id=\"wpforms-39913-field_8-container\" class=\"wpforms-field wpforms-field-address\" data-field-type=\"address\" data-field-id=\"8\"><fieldset><legend class=\"wpforms-field-label\">Anschrift<\/legend><div class=\"wpforms-field-row wpforms-field-large\"><div ><input type=\"text\" id=\"wpforms-39913-field_8\" class=\"wpforms-field-address-address1\" name=\"wpforms[fields][8][address1]\" value=\"Strasse und Hausnummer\" aria-errormessage=\"wpforms-39913-field_8-error\" ><label for=\"wpforms-39913-field_8\" class=\"wpforms-field-sublabel after wpforms-sublabel-hide\">Adresse ligne\u00a01<\/label><\/div><\/div><div class=\"wpforms-field-row wpforms-field-large\"><div class=\"wpforms-field-row-block wpforms-one-half wpforms-first\"><input type=\"text\" id=\"wpforms-39913-field_8-city\" class=\"wpforms-field-address-city\" name=\"wpforms[fields][8][city]\" value=\"PLZ\" aria-errormessage=\"wpforms-39913-field_8-city-error\" ><label for=\"wpforms-39913-field_8-city\" class=\"wpforms-field-sublabel after wpforms-sublabel-hide\">Ville<\/label><\/div><div class=\"wpforms-field-row-block wpforms-one-half\"><input type=\"text\" id=\"wpforms-39913-field_8-state\" class=\"wpforms-field-address-state\" name=\"wpforms[fields][8][state]\" value=\"Ort\" aria-errormessage=\"wpforms-39913-field_8-state-error\" ><label for=\"wpforms-39913-field_8-state\" class=\"wpforms-field-sublabel after wpforms-sublabel-hide\">\u00c9tat \/ Province \/ R\u00e9gion<\/label><\/div><\/div><\/fieldset><\/div><div id=\"wpforms-39913-field_18-container\" class=\"wpforms-field wpforms-field-email\" data-field-type=\"email\" data-field-id=\"18\"><label class=\"wpforms-field-label\" for=\"wpforms-39913-field_18\">E-Mail-Adresse <span class=\"wpforms-required-label\" aria-hidden=\"true\">*<\/span><\/label><input type=\"email\" id=\"wpforms-39913-field_18\" class=\"wpforms-field-large wpforms-field-required\" name=\"wpforms[fields][18]\" spellcheck=\"false\" aria-errormessage=\"wpforms-39913-field_18-error\" required><\/div><div id=\"wpforms-39913-field_24-container\" class=\"wpforms-field wpforms-field-phone\" data-field-type=\"phone\" data-field-id=\"24\"><label class=\"wpforms-field-label\" for=\"wpforms-39913-field_24\">Telefonnummer <span class=\"wpforms-required-label\" aria-hidden=\"true\">*<\/span><\/label><input type=\"tel\" id=\"wpforms-39913-field_24\" class=\"wpforms-field-large wpforms-field-required wpforms-smart-phone-field\" data-rule-smart-phone-field=\"true\" name=\"wpforms[fields][24]\" aria-label=\"Telefonnummer\" aria-errormessage=\"wpforms-39913-field_24-error\" required><\/div><div id=\"wpforms-39913-field_26-container\" class=\"wpforms-field wpforms-field-checkbox wpforms-conditional-field wpforms-conditional-show wpforms-conditional-trigger\" data-field-type=\"checkbox\" data-field-id=\"26\" style=\"display:none;\"><fieldset><legend class=\"wpforms-field-label\">Zu welchem Anliegen m\u00f6chten Sie uns kontaktieren?<\/legend><ul id=\"wpforms-39913-field_26\"><li class=\"choice-4 depth-1\"><input type=\"checkbox\" id=\"wpforms-39913-field_26_4\" name=\"wpforms[fields][26][]\" value=\"Generelle Anfrage\" aria-errormessage=\"wpforms-39913-field_26_4-error\"  ><label class=\"wpforms-field-label-inline\" for=\"wpforms-39913-field_26_4\">Generelle Anfrage<\/label><\/li><li class=\"choice-2 depth-1\"><input type=\"checkbox\" id=\"wpforms-39913-field_26_2\" name=\"wpforms[fields][26][]\" value=\"Meldung eines Schadenfalles\" aria-errormessage=\"wpforms-39913-field_26_2-error\"  ><label class=\"wpforms-field-label-inline\" for=\"wpforms-39913-field_26_2\">Meldung eines Schadenfalles<\/label><\/li><li class=\"choice-1 depth-1\"><input type=\"checkbox\" id=\"wpforms-39913-field_26_1\" name=\"wpforms[fields][26][]\" value=\"Fragen zu Inkasso\" aria-errormessage=\"wpforms-39913-field_26_1-error\"  ><label class=\"wpforms-field-label-inline\" for=\"wpforms-39913-field_26_1\">Fragen zu Inkasso<\/label><\/li><li class=\"choice-3 depth-1\"><input type=\"checkbox\" id=\"wpforms-39913-field_26_3\" name=\"wpforms[fields][26][]\" value=\"Sichere \u00dcbermittlung von Daten\" aria-errormessage=\"wpforms-39913-field_26_3-error\"  ><label class=\"wpforms-field-label-inline\" for=\"wpforms-39913-field_26_3\">Sichere \u00dcbermittlung von Daten<\/label><\/li><\/ul><\/fieldset><\/div><div id=\"wpforms-39913-field_29-container\" class=\"wpforms-field wpforms-field-textarea wpforms-conditional-field wpforms-conditional-show\" data-field-type=\"textarea\" data-field-id=\"29\" style=\"display:none;\"><label class=\"wpforms-field-label\" for=\"wpforms-39913-field_29\">Was ist Ihr Anliegen?<\/label><textarea id=\"wpforms-39913-field_29\" class=\"wpforms-field-large\" name=\"wpforms[fields][29]\" aria-errormessage=\"wpforms-39913-field_29-error\" ><\/textarea><\/div><div id=\"wpforms-39913-field_27-container\" class=\"wpforms-field wpforms-field-file-upload\" data-field-type=\"file-upload\" data-field-id=\"27\"><label class=\"wpforms-field-label\" for=\"wpforms-39913-field_27\">Laden Sie hier Ihre gegebenenfalls Daten hoch<\/label><div\n\t\tclass=\"wpforms-uploader \"\n\t\tdata-field-id=\"27\"\n\t\tdata-form-id=\"39913\"\n\t\tdata-input-name=\"wpforms_39913_27\"\n\t\tdata-extensions=\"jpg,jpeg,jpe,gif,png,bmp,tiff,tif,webp,avif,ico,heic,heif,heics,heifs,asf,asx,wmv,wmx,wm,avi,divx,mov,qt,mpeg,mpg,mpe,mp4,m4v,ogv,webm,mkv,3gp,3gpp,3g2,3gp2,txt,asc,c,cc,h,srt,csv,tsv,ics,rtx,css,vtt,mp3,m4a,m4b,aac,ra,ram,wav,x-wav,ogg,oga,flac,mid,midi,wma,wax,mka,rtf,pdf,class,tar,zip,gz,gzip,rar,7z,psd,xcf,doc,pot,pps,ppt,wri,xla,xls,xlt,xlw,mpp,docx,docm,dotx,dotm,xlsx,xlsm,xlsb,xltx,xltm,xlam,pptx,pptm,ppsx,ppsm,potx,potm,ppam,sldx,sldm,onetoc,onetoc2,onepkg,oxps,xps,odt,odp,ods,odg,odc,odb,odf,wp,wpd,key,numbers,pages,json\"\n\t\tdata-max-size=\"314572800\"\n\t\tdata-max-file-number=\"10\"\n\t\tdata-post-max-size=\"314572800\"\n\t\tdata-max-parallel-uploads=\"4\"\n\t\tdata-parallel-uploads=\"true\"\n\t\tdata-file-chunk-size=\"2097152\">\n\t<div class=\"dz-message\">\n\t\t<svg  viewBox=\"0 0 640 640\" focusable=\"false\" data-icon=\"inbox\" width=\"50px\" height=\"50px\" fill=\"currentColor\" aria-hidden=\"true\">\n\t\t\t<path d=\"M352 173.3L352 384C352 401.7 337.7 416 320 416C302.3 416 288 401.7 288 384L288 173.3L246.6 214.7C234.1 227.2 213.8 227.2 201.3 214.7C188.8 202.2 188.8 181.9 201.3 169.4L297.3 73.4C309.8 60.9 330.1 60.9 342.6 73.4L438.6 169.4C451.1 181.9 451.1 202.2 438.6 214.7C426.1 227.2 405.8 227.2 393.3 214.7L352 173.3zM320 464C364.2 464 400 428.2 400 384L480 384C515.3 384 544 412.7 544 448L544 480C544 515.3 515.3 544 480 544L160 544C124.7 544 96 515.3 96 480L96 448C96 412.7 124.7 384 160 384L240 384C240 428.2 275.8 464 320 464zM464 488C477.3 488 488 477.3 488 464C488 450.7 477.3 440 464 440C450.7 440 440 450.7 440 464C440 477.3 450.7 488 464 488z\"\/>\n\t\t<\/svg>\n\n\t\t<span class=\"modern-title\">\n\t\t\t\t\t\t\tDrag &amp; Drop Files, \t\t\t\t<span>Choose Files to Upload<\/span>\n\t\t\t\t\t<\/span>\n\n\t\t\t\t\t<span class=\"modern-hint\">Vous pouvez t\u00e9l\u00e9verser jusqu\u2019\u00e0 10 fichiers.<\/span>\n\t\t\t<\/div>\n<\/div>\n\n<input\n\t\ttype=\"text\"\n\t\tautocomplete=\"off\"\n\t\treadonly\n\t\tclass=\"dropzone-input\"\n\t\tstyle=\"position:absolute!important;clip:rect(0,0,0,0)!important;height:1px!important;width:1px!important;border:0!important;overflow:hidden!important;padding:0!important;margin:0!important;\"\n\t\tid=\"wpforms-39913-field_27\"\n\t\tname=\"wpforms_39913_27\" \t\tvalue=\"\">\n<\/div><div id=\"wpforms-39913-field_32-container\" class=\"wpforms-field wpforms-field-radio\" data-field-type=\"radio\" data-field-id=\"32\"><fieldset><legend class=\"wpforms-field-label\">Nutzungsbedingungen <span class=\"wpforms-required-label\" aria-hidden=\"true\">*<\/span><\/legend><ul id=\"wpforms-39913-field_32\" class=\"wpforms-field-required\"><li class=\"choice-1 depth-1 wpforms-selected\"><input type=\"radio\" id=\"wpforms-39913-field_32_1\" name=\"wpforms[fields][32]\" value=\"Ich best\u00e4tige, die &lt;a style=&quot;font-size: 9pt; font-family: Arial;&quot; href=&quot;https:\/\/abes.ch\/datenschutzerklaerung\/&quot;&gt;Datenschutzerkl\u00e4rung&lt;\/a&gt; sowie die &lt;a style=&quot;font-size: 9pt; font-family: Arial;&quot; href=&quot;https:\/\/abes.ch\/cookie-richtlinie-eu\/&quot;&gt;Cookie Richtlinie&lt;\/a&gt; gelesen zu haben haben und erkl\u00e4re mich damit einverstanden.\" aria-errormessage=\"wpforms-39913-field_32_1-error\" required  checked='checked'><label class=\"wpforms-field-label-inline\" for=\"wpforms-39913-field_32_1\">Ich best\u00e4tige, die <a style=\"font-size: 9pt;font-family: Arial\" href=\"https:\/\/abes.ch\/datenschutzerklaerung\/\">Datenschutzerkl\u00e4rung<\/a> sowie die <a style=\"font-size: 9pt;font-family: Arial\" href=\"https:\/\/abes.ch\/cookie-richtlinie-eu\/\">Cookie Richtlinie<\/a> gelesen zu haben haben und erkl\u00e4re mich damit einverstanden.<\/label><\/li><li class=\"choice-2 depth-1\"><input type=\"radio\" id=\"wpforms-39913-field_32_2\" name=\"wpforms[fields][32]\" value=\"Ich lehne die &lt;a style=&quot;font-size: 9pt; font-family: Arial;&quot; href=&quot;https:\/\/abes.ch\/datenschutzerklaerung\/&quot;&gt;Datenschutzerkl\u00e4rung&lt;\/a&gt;\u00a0sowie die &lt;a style=&quot;font-size: 9pt; font-family: Arial;&quot; href=&quot;https:\/\/abes.ch\/cookie-richtlinie-eu\/&quot;&gt;Cookie Richtlinie&lt;\/a&gt; ab.\" aria-errormessage=\"wpforms-39913-field_32_2-error\" required ><label class=\"wpforms-field-label-inline\" for=\"wpforms-39913-field_32_2\">Ich lehne die <a style=\"font-size: 9pt;font-family: Arial\" href=\"https:\/\/abes.ch\/datenschutzerklaerung\/\">Datenschutzerkl\u00e4rung<\/a>\u00a0sowie die <a style=\"font-size: 9pt;font-family: Arial\" href=\"https:\/\/abes.ch\/cookie-richtlinie-eu\/\">Cookie Richtlinie<\/a> ab.<\/label><\/li><\/ul><\/fieldset><\/div><div id=\"wpforms-39913-field_30-container\" class=\"wpforms-field wpforms-field-captcha\" data-field-type=\"captcha\" data-field-id=\"30\"><label class=\"wpforms-field-label\" for=\"wpforms-39913-field_30\">Ich bin kein Roboter <span class=\"wpforms-required-label\" aria-hidden=\"true\">*<\/span><\/label>\t\t\t<div class=\"wpforms-captcha-math\">\n\t\t\t\t<span id=\"wpforms-39913-field_30-question\" class=\"wpforms-captcha-equation\">\n\t\t\t\t\t<span class=\"n1\">2<\/span>\n\t\t\t\t\t\t\t<span class=\"cal\">+<\/span>\n\t\t\t\t\t\t\t<span class=\"n2\">7<\/span>\t\t\t\t\t<span class=\"e\">=<\/span>\n\t\t\t\t<\/span>\n\t\t\t\t<input type=\"text\" id=\"wpforms-39913-field_30\" class=\"wpforms-field-medium wpforms-field-required a\" data-rule-wpf-captcha=\"math\" data-is-wrapped-field=\"1\" name=\"wpforms[fields][30][a]\" aria-errormessage=\"wpforms-39913-field_30-error\" aria-describedby=\"wpforms-39913-field_30-question\" required>\t\t\t\t<input type=\"hidden\" name=\"wpforms[fields][30][cal]\" class=\"cal\">\n\t\t\t\t<input type=\"hidden\" name=\"wpforms[fields][30][n2]\" class=\"n2\">\n\t\t\t\t<input type=\"hidden\" name=\"wpforms[fields][30][n1]\" class=\"n1\">\n\t\t\t<\/div>\n\t\t\t<\/div><\/div><!-- .wpforms-field-container --><div class=\"wpforms-submit-container\" ><input type=\"hidden\" name=\"wpforms[id]\" value=\"39913\"><input type=\"hidden\" name=\"page_title\" value=\"\"><input type=\"hidden\" name=\"page_url\" value=\"https:\/\/abes.ch\/fr\/wp-json\/wp\/v2\/pages\/44174\"><input type=\"hidden\" name=\"url_referer\" value=\"\"><button type=\"submit\" name=\"wpforms[submit]\" id=\"wpforms-submit-39913\" class=\"wpforms-submit divwpforms-container-full wpforms-form buttontypesubmit  color 0099CC  Text color  background-color transparent Remove background border 2px solid Border thickness line style and border-radius 5px Adds curve to border corners text-transform uppercase Make letters uppercase \" data-alt-text=\"... senden\" data-submit-text=\"Versenden\" aria-live=\"assertive\" value=\"wpforms-submit\">Versenden<\/button><img decoding=\"async\" src=\"https:\/\/abes.ch\/wp-content\/plugins\/wpforms\/assets\/images\/submit-spin.svg\" class=\"wpforms-submit-spinner\" style=\"display: none;\" width=\"26\" height=\"26\" alt=\"Chargement en cours\"><\/div><input type=\"hidden\" id=\"ct_checkjs_wpforms_08c5433a60135c32e34f46a71175850c\" name=\"ct_checkjs_wpforms\" value=\"0\" \/><script>setTimeout(function(){var ct_input_name = \"ct_checkjs_wpforms_08c5433a60135c32e34f46a71175850c\";if (document.getElementById(ct_input_name) !== null) {var ct_input_value = document.getElementById(ct_input_name).value;document.getElementById(ct_input_name).value = document.getElementById(ct_input_name).value.replace(ct_input_value, '1537543589');}}, 1000);<\/script><input\n                    class=\"apbct_special_field apbct_email_id__wp_wpforms\"\n                    name=\"apbct__email_id__wp_wpforms\"\n                    aria-label=\"apbct__label_id__wp_wpforms\"\n                    type=\"text\" size=\"30\" maxlength=\"200\" autocomplete=\"off\"\n                    value=\"\"\n                \/><input\n                    class=\"apbct_special_field apbct_email_id__elementor_form\"\n                    name=\"apbct__email_id__elementor_form\"\n                    aria-label=\"apbct__label_id__elementor_form\"\n                    type=\"text\" size=\"30\" maxlength=\"200\" autocomplete=\"off\"\n                    value=\"\"\n                \/><\/form><\/div>  <!-- .wpforms-container -->\t\t\t\t<\/div>\n\t\t\t\t<\/div>\n\t\t\t\t\t<\/div>\n\t\t\t\t<\/div>\n\t\t\t\t<\/div>\n\t\t","protected":false},"excerpt":{"rendered":"<p>Bitte aktiviere JavaScript in deinem Browser, um dieses Formular fertigzustellen.Bitte aktiviere JavaScript in deinem Browser, um dieses Formular fertigzustellen. Wie m\u00f6chten Sie mit uns in Kontakt treten? Ich m\u00f6chte mein Anliegen schriftlich mitteilen Ich w\u00fcnsche einen R\u00fcckruf Bitte rufen Sie mich unter der bekanntgegebenen Nummer nach M\u00f6glichkeit wie folgt zur\u00fcck * DatumZeit Name * VornameNachname [&hellip;]<\/p>\n","protected":false},"author":5,"featured_media":0,"parent":0,"menu_order":0,"comment_status":"closed","ping_status":"closed","template":"","meta":{"advgb_blocks_editor_width":"","advgb_blocks_columns_visual_guide":"","footnotes":""},"class_list":["post-44174","page","type-page","status-publish","hentry"],"coauthors":[],"author_meta":{"author_link":"https:\/\/abes.ch\/fr\/author\/pascal-mayor\/","display_name":"pascal.mayor"},"relative_dates":{"created":"Publi\u00e9 3 ans il y a","modified":"Mis \u00e0 jour 3 ans il y a"},"absolute_dates":{"created":"Publi\u00e9 le 5. novembre 2023","modified":"Mise \u00e0 jour le 5. novembre 2023"},"absolute_dates_time":{"created":"Publi\u00e9 le 5. novembre 2023 15:08","modified":"Mise \u00e0 jour le 5. novembre 2023 21:12"},"featured_img_caption":"","featured_img":false,"series_order":"","_links":{"self":[{"href":"https:\/\/abes.ch\/fr\/wp-json\/wp\/v2\/pages\/44174","targetHints":{"allow":["GET"]}}],"collection":[{"href":"https:\/\/abes.ch\/fr\/wp-json\/wp\/v2\/pages"}],"about":[{"href":"https:\/\/abes.ch\/fr\/wp-json\/wp\/v2\/types\/page"}],"author":[{"embeddable":true,"href":"https:\/\/abes.ch\/fr\/wp-json\/wp\/v2\/users\/5"}],"replies":[{"embeddable":true,"href":"https:\/\/abes.ch\/fr\/wp-json\/wp\/v2\/comments?post=44174"}],"version-history":[{"count":19,"href":"https:\/\/abes.ch\/fr\/wp-json\/wp\/v2\/pages\/44174\/revisions"}],"predecessor-version":[{"id":44247,"href":"https:\/\/abes.ch\/fr\/wp-json\/wp\/v2\/pages\/44174\/revisions\/44247"}],"wp:attachment":[{"href":"https:\/\/abes.ch\/fr\/wp-json\/wp\/v2\/media?parent=44174"}],"curies":[{"name":"wp","href":"https:\/\/api.w.org\/{rel}","templated":true}]}}