{"id":37210,"date":"2023-07-31T09:01:36","date_gmt":"2023-07-31T07:01:36","guid":{"rendered":"https:\/\/abes.ch\/?page_id=37210"},"modified":"2023-08-17T08:12:24","modified_gmt":"2023-08-17T06:12:24","slug":"demandes-de-credit-pour-les-hypotheques","status":"publish","type":"page","link":"https:\/\/abes.ch\/fr\/kreditanfragen-fuer-hypotheken\/","title":{"rendered":"Demandes de cr\u00e9dit hypoth\u00e9caire"},"content":{"rendered":"<style id=\"wpforms-css-vars-37180\">\n\t\t\t\t#wpforms-37180 {\n\t\t\t\t\n\t\t\t}\n\t\t\t<\/style><div class=\"wpforms-container wpforms-container-full wpforms-container-save-resume wpforms-render-modern\" id=\"wpforms-37180\"><div class=\"wpforms-password-locked\" id=\"wpforms-locked-37180\">\n\t\t\t\n\t\t\t<form id=\"wpforms-form-locked-37180\"\n\t\t\t\tclass=\"wpforms-validate wpforms-form\"\n\t\t\t\tdata-formid=\"locked-37180\"\n\t\t\t\tmethod=\"post\"\n\t\t\t\tenctype=\"multipart\/form-data\"\n\t\t\t\taction=\"\/fr\/wp-json\/wp\/v2\/pages\/37210\"\n\t\t\t\taria-invalid=\"true\"\n\t\t\t\taria-errormessage=\"wpforms-form-locked-37180-error\">\n\n\t\t\t\t<div class=\"wpforms-field-container\">\n\t\t\t\t\t<div id=\"wpforms-locked-37180-field_form_locker_password-container\" class=\"wpforms-field wpforms-field-password\" data-field-id=\"form_locker_password\" data-field-type=\"form_locker_password\">\n\t\t\t\t\t\t<label class=\"wpforms-field-label\" for=\"wpforms-locked-37180-field_form_locker_password\">\n\t\t\t\t\t\t\tMot de passe\t\t\t\t\t\t\t<span class=\"wpforms-required-label\">*<\/span>\n\t\t\t\t\t\t<\/label>\n\t\t\t\t\t\t<input type=\"password\" id=\"wpforms-locked-37180-field_form_locker_password\" class=\"wpforms-field-medium wpforms-field-required \" name=\"wpforms[form_locker_password]\" required>\n\t\t\t\t\t\t\t\t\t\t\t<\/div>\n\t\t\t\t<\/div>\n\n\t\t\t\t<input type=\"hidden\" name=\"wpforms[form_locker_form_id]\" value=\"37180\">\n\n\t\t\t\t<div class=\"wpforms-submit-container\">\n\t\t\t\t\t<button type=\"submit\" name=\"wpforms[submit]\" class=\"wpforms-submit\" id=\"wpforms-submit-locked-37180\" value=\"wpforms-submit\" data-alt-text=\"Envoi...\">\n\t\t\t\t\t\tEnvoyer\t\t\t\t\t<\/button>\n\t\t\t\t<\/div>\n\n\t\t\t<\/form>\n\t\t<\/div><\/div>  <!-- .wpforms-container -->\n<div class=\"wpforms-save-resume-disclaimer\" id=\"wpforms-save-resume-disclaimer-37180\" style=\"display: none\">\n\t\t<div class=\"message\">\n\t\t<p><span style=\"vertical-align: inherit\"><span style=\"vertical-align: inherit\">Wenn Sie Ihren Fortschritt jetzt speichern, wird eine Kopie Ihres Eintrags auf diesem Server gespeichert, und der Eigent\u00fcmer der Website hat m\u00f6glicherweise Zugriff darauf. <\/span><span style=\"vertical-align: inherit\">Aus Sicherheitsgr\u00fcnden m\u00fcssen sensible Informationen wie Kreditkarten und Postanschriften sowie Datei-Uploads erneut eingegeben werden, wenn Sie fortfahren.<\/span><\/span><\/p>\n\t<\/div>\n\n\t<div class=\"wpforms-form\">\n\t\t<button type=\"submit\" class=\"wpforms-save-resume-disclaimer-continue wpforms-submit\">\n\t\t\tContinuer\t\t<\/button>\n\t\t<a href=\"#\" class=\"wpforms-save-resume-disclaimer-back\">\n\t\t\t<span>Retourner<\/span>\n\t\t<\/a>\n\t<\/div>\n\n\t<\/div>\n\n<div class=\"wpforms-save-resume-confirmation\" id=\"wpforms-save-resume-confirmation-37180\" style=\"display: none\">\n\n\t\n\t<div class=\"message\">\n\t\t<p><span style=\"vertical-align: inherit\"><span style=\"vertical-align: inherit\">Ihr Formulareintrag wurde gespeichert und es wurde ein eindeutiger Link erstellt, auf den Sie zugreifen k\u00f6nnen, um dieses Formular fortzusetzen.<\/span><\/span><\/p>\n<p><span style=\"vertical-align: inherit\"><span style=\"vertical-align: inherit\">Geben Sie Ihre E-Mail-Adresse ein, um den Link per E-Mail zu erhalten. <\/span><span style=\"vertical-align: inherit\">Alternativ k\u00f6nnen Sie den unten stehenden Link kopieren und speichern.<\/span><\/span><\/p>\n<p><span style=\"vertical-align: inherit\"><span style=\"vertical-align: inherit\">Bitte beachten Sie, dass dieser Link nicht geteilt werden darf und nach 30 Tagen abl\u00e4uft, danach wird Ihr Formulareintrag gel\u00f6scht.<\/span><\/span><\/p>\n\t<\/div>\n\n\t<div class=\"wpforms-save-resume-actions\">\n\t\t\n\t\t\t\t\t<form class=\"wpforms-validate wpforms-form wpforms-save-resume-email-notification\" method=\"post\" action=\"\/fr\/wp-json\/wp\/v2\/pages\/37210\" data-token=\"e9e785baa8dd4da8ca6029af4c64f5aa\">\n\t\t\t\t<div class=\"wpforms-field wpforms-field-email\">\n\t\t\t\t\t<label class=\"wpforms-field-label wpforms-save-resume-label\">\n\t\t\t\t\t\tE-mail\t\t\t\t\t\t<span class=\"wpforms-required-label\">*<\/span>\n\t\t\t\t\t<\/label>\n\t\t\t\t\t<input type=\"email\" name=\"wpforms[save_resume_email]\" required>\n\t\t\t\t<\/div>\n\t\t\t\t<div class=\"wpforms-submit-container\">\n\t\t\t\t\t<input type=\"hidden\" id=\"_wpnonce\" name=\"_wpnonce\" value=\"e197bf3d6b\" \/><input type=\"hidden\" name=\"_wp_http_referer\" value=\"\/fr\/wp-json\/wp\/v2\/pages\/37210\" \/>\t\t\t\t\t<input type=\"hidden\" name=\"wpforms[form_id]\" value=\"37180\">\n\t\t\t\t\t<input type=\"hidden\" name=\"wpforms[entry_id]\" class=\"wpforms-save-resume-entry-id\" value=\"\">\n\t\t\t\t\t<button type=\"submit\" name=\"wpforms[save-resume]\" class=\"wpforms-submit\" value=\"wpforms-submit\" disabled>\n\t\t\t\t\t\tEnvoyer le lien\t\t\t\t\t<\/button>\n\t\t\t\t<\/div>\n\t\t\t<\/form>\n\t\t\t<\/div>\n<\/div>\n\n","protected":false},"excerpt":{"rendered":"","protected":false},"author":108,"featured_media":0,"parent":0,"menu_order":0,"comment_status":"closed","ping_status":"closed","template":"page-blank.php","meta":{"advgb_blocks_editor_width":"","advgb_blocks_columns_visual_guide":"","footnotes":""},"class_list":["post-37210","page","type-page","status-publish","hentry"],"coauthors":[],"author_meta":{"author_link":"https:\/\/abes.ch\/fr\/author\/supervisor\/","display_name":"Supervisor"},"relative_dates":{"created":"Publi\u00e9 3 ans il y a","modified":"Mis \u00e0 jour 3 ans il y a"},"absolute_dates":{"created":"Publi\u00e9 le 31. juillet 2023","modified":"Mise \u00e0 jour le 17. ao\u00fbt 2023"},"absolute_dates_time":{"created":"Publi\u00e9 le 31. juillet 2023 09:01","modified":"Mise \u00e0 jour le 17. ao\u00fbt 2023 08:12"},"featured_img_caption":"","featured_img":false,"series_order":"","_links":{"self":[{"href":"https:\/\/abes.ch\/fr\/wp-json\/wp\/v2\/pages\/37210","targetHints":{"allow":["GET"]}}],"collection":[{"href":"https:\/\/abes.ch\/fr\/wp-json\/wp\/v2\/pages"}],"about":[{"href":"https:\/\/abes.ch\/fr\/wp-json\/wp\/v2\/types\/page"}],"author":[{"embeddable":true,"href":"https:\/\/abes.ch\/fr\/wp-json\/wp\/v2\/users\/108"}],"replies":[{"embeddable":true,"href":"https:\/\/abes.ch\/fr\/wp-json\/wp\/v2\/comments?post=37210"}],"version-history":[{"count":1,"href":"https:\/\/abes.ch\/fr\/wp-json\/wp\/v2\/pages\/37210\/revisions"}],"predecessor-version":[{"id":37211,"href":"https:\/\/abes.ch\/fr\/wp-json\/wp\/v2\/pages\/37210\/revisions\/37211"}],"wp:attachment":[{"href":"https:\/\/abes.ch\/fr\/wp-json\/wp\/v2\/media?parent=37210"}],"curies":[{"name":"wp","href":"https:\/\/api.w.org\/{rel}","templated":true}]}}