{"id":33579,"date":"2022-06-05T17:38:39","date_gmt":"2022-06-05T15:38:39","guid":{"rendered":"https:\/\/abes.ch\/?page_id=33579"},"modified":"2025-02-03T07:57:36","modified_gmt":"2025-02-03T06:57:36","slug":"login-client","status":"publish","type":"page","link":"https:\/\/abes.ch\/fr\/kunden-login\/","title":{"rendered":"Connexion client"},"content":{"rendered":"<div data-elementor-type=\"wp-page\" data-elementor-id=\"33579\" class=\"elementor elementor-33579\" data-elementor-post-type=\"page\">\n\t\t\t\t<div class=\"elementor-element elementor-element-2cb3d16 e-flex e-con-boxed e-con e-parent\" data-id=\"2cb3d16\" data-element_type=\"container\" data-e-type=\"container\" data-settings=\"{&quot;ekit_has_onepagescroll_dot&quot;:&quot;yes&quot;}\">\n\t\t\t\t\t<div class=\"e-con-inner\">\n\t\t\t\t<div class=\"elementor-element elementor-element-a4c7668 elementor-widget elementor-widget-heading\" data-id=\"a4c7668\" data-element_type=\"widget\" data-e-type=\"widget\" data-settings=\"{&quot;ekit_we_effect_on&quot;:&quot;none&quot;}\" data-widget_type=\"heading.default\">\n\t\t\t\t<div class=\"elementor-widget-container\">\n\t\t\t\t\t<h1 class=\"elementor-heading-title elementor-size-default\">Login client ABES<\/h1>\t\t\t\t<\/div>\n\t\t\t\t<\/div>\n\t\t<div class=\"elementor-element elementor-element-730b637 e-flex e-con-boxed e-con e-child\" data-id=\"730b637\" data-element_type=\"container\" data-e-type=\"container\" data-settings=\"{&quot;ekit_has_onepagescroll_dot&quot;:&quot;yes&quot;}\">\n\t\t\t\t\t<div class=\"e-con-inner\">\n\t\t\t\t\t<\/div>\n\t\t\t\t<\/div>\n\t\t\t\t\t<\/div>\n\t\t\t\t<\/div>\n\t\t<div class=\"elementor-element elementor-element-ff9c4e7 e-flex e-con-boxed e-con e-parent\" data-id=\"ff9c4e7\" data-element_type=\"container\" data-e-type=\"container\" data-settings=\"{&quot;ekit_has_onepagescroll_dot&quot;:&quot;yes&quot;}\">\n\t\t\t\t\t<div class=\"e-con-inner\">\n\t\t<div class=\"elementor-element elementor-element-e2cc62a e-con-full e-flex e-con e-child\" data-id=\"e2cc62a\" data-element_type=\"container\" data-e-type=\"container\" data-settings=\"{&quot;ekit_has_onepagescroll_dot&quot;:&quot;yes&quot;}\">\n\t\t\t\t<div class=\"elementor-element elementor-element-f93574c elementor-widget elementor-widget-heading\" data-id=\"f93574c\" data-element_type=\"widget\" data-e-type=\"widget\" data-settings=\"{&quot;ekit_we_effect_on&quot;:&quot;none&quot;}\" data-widget_type=\"heading.default\">\n\t\t\t\t<div class=\"elementor-widget-container\">\n\t\t\t\t\t<h2 class=\"elementor-heading-title elementor-size-default\">Connexion au tableau de bord<\/h2>\t\t\t\t<\/div>\n\t\t\t\t<\/div>\n\t\t\t\t<div class=\"elementor-element elementor-element-4b6cf2a elementor-widget elementor-widget-image\" data-id=\"4b6cf2a\" data-element_type=\"widget\" data-e-type=\"widget\" data-settings=\"{&quot;ekit_we_effect_on&quot;:&quot;none&quot;}\" data-widget_type=\"image.default\">\n\t\t\t\t<div class=\"elementor-widget-container\">\n\t\t\t\t\t\t\t\t\t\t\t\t\t\t\t<img fetchpriority=\"high\" decoding=\"async\" width=\"800\" height=\"534\" src=\"https:\/\/abes.ch\/wp-content\/uploads\/2022\/11\/Digitale-Werkstatt-1024x683.jpg\" class=\"attachment-large size-large wp-image-35157\" alt=\"\" srcset=\"https:\/\/abes.ch\/wp-content\/uploads\/2022\/11\/Digitale-Werkstatt-1024x683.jpg 1024w, https:\/\/abes.ch\/wp-content\/uploads\/2022\/11\/Digitale-Werkstatt-300x200.jpg 300w, https:\/\/abes.ch\/wp-content\/uploads\/2022\/11\/Digitale-Werkstatt-768x512.jpg 768w, https:\/\/abes.ch\/wp-content\/uploads\/2022\/11\/Digitale-Werkstatt-1536x1024.jpg 1536w, https:\/\/abes.ch\/wp-content\/uploads\/2022\/11\/Digitale-Werkstatt-18x12.jpg 18w, https:\/\/abes.ch\/wp-content\/uploads\/2022\/11\/Digitale-Werkstatt.jpg 1920w\" sizes=\"(max-width: 800px) 100vw, 800px\" \/>\t\t\t\t\t\t\t\t\t\t\t\t\t\t\t<\/div>\n\t\t\t\t<\/div>\n\t\t\t\t<div class=\"elementor-element elementor-element-36a1a94 elementor-align-center elementor-widget elementor-widget-button\" data-id=\"36a1a94\" data-element_type=\"widget\" data-e-type=\"widget\" data-settings=\"{&quot;ekit_we_effect_on&quot;:&quot;none&quot;}\" data-widget_type=\"button.default\">\n\t\t\t\t<div class=\"elementor-widget-container\">\n\t\t\t\t\t\t\t\t\t<div class=\"elementor-button-wrapper\">\n\t\t\t\t\t<a class=\"elementor-button elementor-button-link elementor-size-lg\" href=\"https:\/\/abes.ch\/fr\/mettler-entwickler-ag\/\" target=\"_blank\">\n\t\t\t\t\t\t<span class=\"elementor-button-content-wrapper\">\n\t\t\t\t\t\t\t\t\t<span class=\"elementor-button-text\">Acc\u00e8s en ligne Tableau de bord ABES Group AG<\/span>\n\t\t\t\t\t<\/span>\n\t\t\t\t\t<\/a>\n\t\t\t\t<\/div>\n\t\t\t\t\t\t\t\t<\/div>\n\t\t\t\t<\/div>\n\t\t\t\t<\/div>\n\t\t<div class=\"elementor-element elementor-element-6bb4218 e-con-full e-flex e-con e-child\" data-id=\"6bb4218\" data-element_type=\"container\" data-e-type=\"container\" data-settings=\"{&quot;ekit_has_onepagescroll_dot&quot;:&quot;yes&quot;}\">\n\t\t\t\t<div class=\"elementor-element elementor-element-0705dd7 elementor-widget elementor-widget-heading\" data-id=\"0705dd7\" data-element_type=\"widget\" data-e-type=\"widget\" data-settings=\"{&quot;ekit_we_effect_on&quot;:&quot;none&quot;}\" data-widget_type=\"heading.default\">\n\t\t\t\t<div class=\"elementor-widget-container\">\n\t\t\t\t\t<h2 class=\"elementor-heading-title elementor-size-default\">Connexion au portefeuille<\/h2>\t\t\t\t<\/div>\n\t\t\t\t<\/div>\n\t\t\t\t<div class=\"elementor-element elementor-element-9cdbe57 elementor-widget elementor-widget-image\" data-id=\"9cdbe57\" data-element_type=\"widget\" data-e-type=\"widget\" data-settings=\"{&quot;ekit_we_effect_on&quot;:&quot;none&quot;}\" data-widget_type=\"image.default\">\n\t\t\t\t<div class=\"elementor-widget-container\">\n\t\t\t\t\t\t\t\t\t\t\t\t\t\t\t<img decoding=\"async\" width=\"800\" height=\"534\" src=\"https:\/\/abes.ch\/wp-content\/uploads\/2022\/06\/ABES-Schnittstellen_Digitalisierung-1024x683.jpg\" class=\"attachment-large size-large wp-image-33552\" alt=\"\" srcset=\"https:\/\/abes.ch\/wp-content\/uploads\/2022\/06\/ABES-Schnittstellen_Digitalisierung-1024x683.jpg 1024w, https:\/\/abes.ch\/wp-content\/uploads\/2022\/06\/ABES-Schnittstellen_Digitalisierung-300x200.jpg 300w, https:\/\/abes.ch\/wp-content\/uploads\/2022\/06\/ABES-Schnittstellen_Digitalisierung-768x512.jpg 768w, https:\/\/abes.ch\/wp-content\/uploads\/2022\/06\/ABES-Schnittstellen_Digitalisierung-1536x1024.jpg 1536w, https:\/\/abes.ch\/wp-content\/uploads\/2022\/06\/ABES-Schnittstellen_Digitalisierung.jpg 1920w\" sizes=\"(max-width: 800px) 100vw, 800px\" \/>\t\t\t\t\t\t\t\t\t\t\t\t\t\t\t<\/div>\n\t\t\t\t<\/div>\n\t\t\t\t<div class=\"elementor-element elementor-element-4a7a711 elementor-align-center elementor-widget elementor-widget-button\" data-id=\"4a7a711\" data-element_type=\"widget\" data-e-type=\"widget\" data-settings=\"{&quot;ekit_we_effect_on&quot;:&quot;none&quot;}\" data-widget_type=\"button.default\">\n\t\t\t\t<div class=\"elementor-widget-container\">\n\t\t\t\t\t\t\t\t\t<div class=\"elementor-button-wrapper\">\n\t\t\t\t\t<a class=\"elementor-button elementor-button-link elementor-size-lg\" href=\"https:\/\/portal.bayo.ch\/login.aspx?company=abeszuerich\" target=\"_blank\" rel=\"noopener\">\n\t\t\t\t\t\t<span class=\"elementor-button-content-wrapper\">\n\t\t\t\t\t\t\t\t\t<span class=\"elementor-button-text\">Portail client en ligne d'ABES Group AG<\/span>\n\t\t\t\t\t<\/span>\n\t\t\t\t\t<\/a>\n\t\t\t\t<\/div>\n\t\t\t\t\t\t\t\t<\/div>\n\t\t\t\t<\/div>\n\t\t\t\t<\/div>\n\t\t\t\t\t<\/div>\n\t\t\t\t<\/div>\n\t\t\t\t<\/div>","protected":false},"excerpt":{"rendered":"<p>Login client ABES Dashboard Login Acc\u00e8s en ligne Dashboard ABES Group AG Portfolio Login Online Portail client du groupe ABES AG<\/p>","protected":false},"author":108,"featured_media":0,"parent":0,"menu_order":0,"comment_status":"closed","ping_status":"closed","template":"","meta":{"advgb_blocks_editor_width":"","advgb_blocks_columns_visual_guide":"","footnotes":""},"class_list":["post-33579","page","type-page","status-publish","hentry"],"coauthors":[],"author_meta":{"author_link":"https:\/\/abes.ch\/fr\/author\/supervisor\/","display_name":"Supervisor"},"relative_dates":{"created":"Publi\u00e9 4 ans il y a","modified":"Mis \u00e0 jour 1 an il y a"},"absolute_dates":{"created":"Publi\u00e9 le 5. juin 2022","modified":"Mise \u00e0 jour le 3. f\u00e9vrier 2025"},"absolute_dates_time":{"created":"Publi\u00e9 le 5. juin 2022 17:38","modified":"Mise \u00e0 jour le 3. f\u00e9vrier 2025 07:57"},"featured_img_caption":"","featured_img":false,"series_order":"","_links":{"self":[{"href":"https:\/\/abes.ch\/fr\/wp-json\/wp\/v2\/pages\/33579","targetHints":{"allow":["GET"]}}],"collection":[{"href":"https:\/\/abes.ch\/fr\/wp-json\/wp\/v2\/pages"}],"about":[{"href":"https:\/\/abes.ch\/fr\/wp-json\/wp\/v2\/types\/page"}],"author":[{"embeddable":true,"href":"https:\/\/abes.ch\/fr\/wp-json\/wp\/v2\/users\/108"}],"replies":[{"embeddable":true,"href":"https:\/\/abes.ch\/fr\/wp-json\/wp\/v2\/comments?post=33579"}],"version-history":[{"count":231,"href":"https:\/\/abes.ch\/fr\/wp-json\/wp\/v2\/pages\/33579\/revisions"}],"predecessor-version":[{"id":57805,"href":"https:\/\/abes.ch\/fr\/wp-json\/wp\/v2\/pages\/33579\/revisions\/57805"}],"wp:attachment":[{"href":"https:\/\/abes.ch\/fr\/wp-json\/wp\/v2\/media?parent=33579"}],"curies":[{"name":"wp","href":"https:\/\/api.w.org\/{rel}","templated":true}]}}