{"id":31099,"date":"2022-02-17T20:04:24","date_gmt":"2022-02-17T19:04:24","guid":{"rendered":"https:\/\/abes.ch\/?page_id=31099"},"modified":"2025-04-22T15:24:38","modified_gmt":"2025-04-22T13:24:38","slug":"commandes-doffres","status":"publish","type":"page","link":"https:\/\/abes.ch\/fr\/offerbestellungen\/","title":{"rendered":"Zone de t\u00e9l\u00e9chargement"},"content":{"rendered":"<div data-elementor-type=\"wp-page\" data-elementor-id=\"31099\" class=\"elementor elementor-31099\" data-elementor-post-type=\"page\">\n\t\t\t\t<div class=\"elementor-element elementor-element-9f85cb2 e-flex e-con-boxed e-con e-parent\" data-id=\"9f85cb2\" data-element_type=\"container\" data-e-type=\"container\" data-settings=\"{&quot;ekit_has_onepagescroll_dot&quot;:&quot;yes&quot;}\">\n\t\t\t\t\t<div class=\"e-con-inner\">\n\t\t\t\t<div class=\"elementor-element elementor-element-73657e8 elementor-widget elementor-widget-heading\" data-id=\"73657e8\" data-element_type=\"widget\" data-e-type=\"widget\" data-settings=\"{&quot;ekit_we_effect_on&quot;:&quot;none&quot;}\" data-widget_type=\"heading.default\">\n\t\t\t\t<div class=\"elementor-widget-container\">\n\t\t\t\t\t<h1 class=\"elementor-heading-title elementor-size-default\">Vous vous trouvez dans la zone de t\u00e9l\u00e9chargement d'ABES Group AG\u00ae.<\/h1>\t\t\t\t<\/div>\n\t\t\t\t<\/div>\n\t\t\t\t\t<\/div>\n\t\t\t\t<\/div>\n\t\t<div class=\"elementor-element elementor-element-73ce91c e-flex e-con-boxed e-con e-parent\" data-id=\"73ce91c\" data-element_type=\"container\" data-e-type=\"container\" data-settings=\"{&quot;ekit_has_onepagescroll_dot&quot;:&quot;yes&quot;}\">\n\t\t\t\t\t<div class=\"e-con-inner\">\n\t\t<div class=\"pp-bg-effects pp-bg-effects-8dd6fdd elementor-element elementor-element-8dd6fdd e-con-full pp-bg-effects-yes e-flex e-con e-child\" data-section-id=\"8dd6fdd\" data-effect-enable=\"yes\" data-animation-type=\"particles\" data-canvas-opacity=\"1\" data-hide-max-width=\"none\" data-hide-min-width=\"none\" data-part-color=\"\" data-line-color=\"\" data-line-h-color=\"\" data-part-opacity=\"1\" data-rand-opacity=\"\" data-quantity=\"500\" data-part-size=\"3\" data-part-speed=\"2\" data-part-direction=\"none\" data-hover-effect=\"noeffect\" data-hover-size=\"\" data-id=\"8dd6fdd\" data-element_type=\"container\" data-e-type=\"container\" data-settings=\"{&quot;background_background&quot;:&quot;classic&quot;,&quot;pp_background_effects_enable&quot;:&quot;yes&quot;,&quot;effect_hide_tablet&quot;:&quot;label_off&quot;,&quot;effect_hide_mobile&quot;:&quot;label_off&quot;,&quot;ekit_has_onepagescroll_dot&quot;:&quot;yes&quot;}\">\n\t\t\t\t<div class=\"elementor-element elementor-element-f452281 elementor-widget elementor-widget-heading\" data-id=\"f452281\" data-element_type=\"widget\" data-e-type=\"widget\" data-settings=\"{&quot;ekit_we_effect_on&quot;:&quot;none&quot;}\" data-widget_type=\"heading.default\">\n\t\t\t\t<div class=\"elementor-widget-container\">\n\t\t\t\t\t<h3 class=\"elementor-heading-title elementor-size-default\">Formulaires de vie individuelle, d'assurance maladie et d'hypoth\u00e8que<\/h3>\t\t\t\t<\/div>\n\t\t\t\t<\/div>\n\t\t\t\t<div class=\"elementor-element elementor-element-7939400 elementor-align-center elementor-widget elementor-widget-button\" data-id=\"7939400\" data-element_type=\"widget\" data-e-type=\"widget\" data-settings=\"{&quot;ekit_we_effect_on&quot;:&quot;none&quot;}\" data-widget_type=\"button.default\">\n\t\t\t\t<div class=\"elementor-widget-container\">\n\t\t\t\t\t\t\t\t\t<div class=\"elementor-button-wrapper\">\n\t\t\t\t\t<a class=\"elementor-button elementor-button-link elementor-size-lg\" href=\"https:\/\/abes.ch\/fr\/demande-doffre-vie-individuelle\/\" target=\"_blank\">\n\t\t\t\t\t\t<span class=\"elementor-button-content-wrapper\">\n\t\t\t\t\t\t\t\t\t<span class=\"elementor-button-text\">Formulaire d'offre vie individuelle<\/span>\n\t\t\t\t\t<\/span>\n\t\t\t\t\t<\/a>\n\t\t\t\t<\/div>\n\t\t\t\t\t\t\t\t<\/div>\n\t\t\t\t<\/div>\n\t\t\t\t<div class=\"elementor-element elementor-element-35aafdc elementor-align-center elementor-widget elementor-widget-button\" data-id=\"35aafdc\" data-element_type=\"widget\" data-e-type=\"widget\" data-settings=\"{&quot;ekit_we_effect_on&quot;:&quot;none&quot;}\" data-widget_type=\"button.default\">\n\t\t\t\t<div class=\"elementor-widget-container\">\n\t\t\t\t\t\t\t\t\t<div class=\"elementor-button-wrapper\">\n\t\t\t\t\t<a class=\"elementor-button elementor-button-link elementor-size-lg\" href=\"https:\/\/abes.ch\/fr\/protocole-de-consultation\/\" target=\"_blank\">\n\t\t\t\t\t\t<span class=\"elementor-button-content-wrapper\">\n\t\t\t\t\t\t\t\t\t<span class=\"elementor-button-text\">Protocoles de consultation<\/span>\n\t\t\t\t\t<\/span>\n\t\t\t\t\t<\/a>\n\t\t\t\t<\/div>\n\t\t\t\t\t\t\t\t<\/div>\n\t\t\t\t<\/div>\n\t\t\t\t<div class=\"elementor-element elementor-element-a228fb5 elementor-align-center elementor-widget elementor-widget-button\" data-id=\"a228fb5\" data-element_type=\"widget\" data-e-type=\"widget\" data-settings=\"{&quot;ekit_we_effect_on&quot;:&quot;none&quot;}\" data-widget_type=\"button.default\">\n\t\t\t\t<div class=\"elementor-widget-container\">\n\t\t\t\t\t\t\t\t\t<div class=\"elementor-button-wrapper\">\n\t\t\t\t\t<a class=\"elementor-button elementor-button-link elementor-size-lg\" href=\"https:\/\/abes.ch\/fr\/elementor-55418\/\" target=\"_blank\">\n\t\t\t\t\t\t<span class=\"elementor-button-content-wrapper\">\n\t\t\t\t\t\t\t\t\t<span class=\"elementor-button-text\">Formulaire d'offre caisse maladie<\/span>\n\t\t\t\t\t<\/span>\n\t\t\t\t\t<\/a>\n\t\t\t\t<\/div>\n\t\t\t\t\t\t\t\t<\/div>\n\t\t\t\t<\/div>\n\t\t\t\t<div class=\"elementor-element elementor-element-419ae84 elementor-align-center elementor-widget elementor-widget-button\" data-id=\"419ae84\" data-element_type=\"widget\" data-e-type=\"widget\" data-settings=\"{&quot;ekit_we_effect_on&quot;:&quot;none&quot;}\" data-widget_type=\"button.default\">\n\t\t\t\t<div class=\"elementor-widget-container\">\n\t\t\t\t\t\t\t\t\t<div class=\"elementor-button-wrapper\">\n\t\t\t\t\t<a class=\"elementor-button elementor-button-link elementor-size-lg\" href=\"https:\/\/abes.ch\/fr\/demandes-de-credit-pour-les-hypotheques\/\" target=\"_blank\">\n\t\t\t\t\t\t<span class=\"elementor-button-content-wrapper\">\n\t\t\t\t\t\t\t\t\t<span class=\"elementor-button-text\">Formulaire d'offre de pr\u00eat hypoth\u00e9caire<\/span>\n\t\t\t\t\t<\/span>\n\t\t\t\t\t<\/a>\n\t\t\t\t<\/div>\n\t\t\t\t\t\t\t\t<\/div>\n\t\t\t\t<\/div>\n\t\t\t\t<\/div>\n\t\t<div class=\"pp-bg-effects pp-bg-effects-c9564ce elementor-element elementor-element-c9564ce e-con-full pp-bg-effects-yes e-flex e-con e-child\" data-section-id=\"c9564ce\" data-effect-enable=\"yes\" data-animation-type=\"particles\" data-canvas-opacity=\"1\" data-hide-max-width=\"none\" data-hide-min-width=\"none\" data-part-color=\"\" data-line-color=\"\" data-line-h-color=\"\" data-part-opacity=\"1\" data-rand-opacity=\"\" data-quantity=\"500\" data-part-size=\"3\" data-part-speed=\"2\" data-part-direction=\"none\" data-hover-effect=\"noeffect\" data-hover-size=\"\" data-id=\"c9564ce\" data-element_type=\"container\" data-e-type=\"container\" data-settings=\"{&quot;background_background&quot;:&quot;classic&quot;,&quot;pp_background_effects_enable&quot;:&quot;yes&quot;,&quot;effect_hide_tablet&quot;:&quot;label_off&quot;,&quot;effect_hide_mobile&quot;:&quot;label_off&quot;,&quot;ekit_has_onepagescroll_dot&quot;:&quot;yes&quot;}\">\n\t\t\t\t<div class=\"elementor-element elementor-element-3dad9e1 elementor-widget elementor-widget-heading\" data-id=\"3dad9e1\" data-element_type=\"widget\" data-e-type=\"widget\" data-settings=\"{&quot;ekit_we_effect_on&quot;:&quot;none&quot;}\" data-widget_type=\"heading.default\">\n\t\t\t\t<div class=\"elementor-widget-container\">\n\t\t\t\t\t<h3 class=\"elementor-heading-title elementor-size-default\">Formulaires pour solutions sp\u00e9ciales<\/h3>\t\t\t\t<\/div>\n\t\t\t\t<\/div>\n\t\t\t\t<div class=\"elementor-element elementor-element-7c71173 elementor-align-center elementor-widget elementor-widget-button\" data-id=\"7c71173\" data-element_type=\"widget\" data-e-type=\"widget\" data-settings=\"{&quot;ekit_we_effect_on&quot;:&quot;none&quot;}\" data-widget_type=\"button.default\">\n\t\t\t\t<div class=\"elementor-widget-container\">\n\t\t\t\t\t\t\t\t\t<div class=\"elementor-button-wrapper\">\n\t\t\t\t\t<a class=\"elementor-button elementor-button-link elementor-size-lg\" href=\"https:\/\/abes.ch\/fr\/questionnaire-abes-aedificium-assurance-construction-2\/\" target=\"_blank\">\n\t\t\t\t\t\t<span class=\"elementor-button-content-wrapper\">\n\t\t\t\t\t\t\t\t\t<span class=\"elementor-button-text\">Formulaire en ligne ABES Aedificium\u00a9 Assurance construction<\/span>\n\t\t\t\t\t<\/span>\n\t\t\t\t\t<\/a>\n\t\t\t\t<\/div>\n\t\t\t\t\t\t\t\t<\/div>\n\t\t\t\t<\/div>\n\t\t\t\t<div class=\"elementor-element elementor-element-45ab10d elementor-align-center elementor-widget elementor-widget-button\" data-id=\"45ab10d\" data-element_type=\"widget\" data-e-type=\"widget\" data-settings=\"{&quot;ekit_we_effect_on&quot;:&quot;none&quot;}\" data-widget_type=\"button.default\">\n\t\t\t\t<div class=\"elementor-widget-container\">\n\t\t\t\t\t\t\t\t\t<div class=\"elementor-button-wrapper\">\n\t\t\t\t\t<a class=\"elementor-button elementor-button-link elementor-size-lg\" href=\"https:\/\/abes.ch\/wp-content\/uploads\/2022\/08\/Fragebogen-ABES-Aedificium\u00a9-Bauversicherung.pdf\" target=\"_blank\">\n\t\t\t\t\t\t<span class=\"elementor-button-content-wrapper\">\n\t\t\t\t\t\t\t\t\t<span class=\"elementor-button-text\">Questionnaire ABES Aedificium\u00a9 Assurance construction<\/span>\n\t\t\t\t\t<\/span>\n\t\t\t\t\t<\/a>\n\t\t\t\t<\/div>\n\t\t\t\t\t\t\t\t<\/div>\n\t\t\t\t<\/div>\n\t\t\t\t<div class=\"elementor-element elementor-element-c45cf0d elementor-align-center elementor-widget elementor-widget-button\" data-id=\"c45cf0d\" data-element_type=\"widget\" data-e-type=\"widget\" data-settings=\"{&quot;ekit_we_effect_on&quot;:&quot;none&quot;}\" data-widget_type=\"button.default\">\n\t\t\t\t<div class=\"elementor-widget-container\">\n\t\t\t\t\t\t\t\t\t<div class=\"elementor-button-wrapper\">\n\t\t\t\t\t<a class=\"elementor-button elementor-button-link elementor-size-lg\" href=\"https:\/\/abes.ch\/fr\/formulaire-de-garantie-de-construction\/\" target=\"_blank\">\n\t\t\t\t\t\t<span class=\"elementor-button-content-wrapper\">\n\t\t\t\t\t\t\t\t\t<span class=\"elementor-button-text\">Formulaire d'offre ABES Garanta<\/span>\n\t\t\t\t\t<\/span>\n\t\t\t\t\t<\/a>\n\t\t\t\t<\/div>\n\t\t\t\t\t\t\t\t<\/div>\n\t\t\t\t<\/div>\n\t\t\t\t<div class=\"elementor-element elementor-element-12f2cbc elementor-align-center elementor-widget elementor-widget-button\" data-id=\"12f2cbc\" data-element_type=\"widget\" data-e-type=\"widget\" data-settings=\"{&quot;ekit_we_effect_on&quot;:&quot;none&quot;}\" data-widget_type=\"button.default\">\n\t\t\t\t<div class=\"elementor-widget-container\">\n\t\t\t\t\t\t\t\t\t<div class=\"elementor-button-wrapper\">\n\t\t\t\t\t<a class=\"elementor-button elementor-button-link elementor-size-lg\" href=\"https:\/\/abes.ch\/fr\/questionnaire-pour-lassurance-responsabilite-civile-pour-les-institutions-do\/\" target=\"_blank\">\n\t\t\t\t\t\t<span class=\"elementor-button-content-wrapper\">\n\t\t\t\t\t\t\t\t\t<span class=\"elementor-button-text\">Formulaire d'offre D&amp;O<\/span>\n\t\t\t\t\t<\/span>\n\t\t\t\t\t<\/a>\n\t\t\t\t<\/div>\n\t\t\t\t\t\t\t\t<\/div>\n\t\t\t\t<\/div>\n\t\t\t\t<div class=\"elementor-element elementor-element-76790a4 elementor-align-center elementor-widget elementor-widget-button\" data-id=\"76790a4\" data-element_type=\"widget\" data-e-type=\"widget\" data-settings=\"{&quot;ekit_we_effect_on&quot;:&quot;none&quot;}\" data-widget_type=\"button.default\">\n\t\t\t\t<div class=\"elementor-widget-container\">\n\t\t\t\t\t\t\t\t\t<div class=\"elementor-button-wrapper\">\n\t\t\t\t\t<a class=\"elementor-button elementor-button-link elementor-size-lg\" href=\"https:\/\/abes.ch\/fr\/questionnaire-assurance-cyber\/\" target=\"_blank\">\n\t\t\t\t\t\t<span class=\"elementor-button-content-wrapper\">\n\t\t\t\t\t\t\t\t\t<span class=\"elementor-button-text\">Questionnaire ABES Cyber<\/span>\n\t\t\t\t\t<\/span>\n\t\t\t\t\t<\/a>\n\t\t\t\t<\/div>\n\t\t\t\t\t\t\t\t<\/div>\n\t\t\t\t<\/div>\n\t\t\t\t<\/div>\n\t\t<div class=\"pp-bg-effects pp-bg-effects-6398d2a elementor-element elementor-element-6398d2a e-con-full pp-bg-effects-yes e-flex e-con e-child\" data-section-id=\"6398d2a\" data-effect-enable=\"yes\" data-animation-type=\"particles\" data-canvas-opacity=\"1\" data-hide-max-width=\"none\" data-hide-min-width=\"none\" data-part-color=\"\" data-line-color=\"\" data-line-h-color=\"\" data-part-opacity=\"1\" data-rand-opacity=\"\" data-quantity=\"500\" data-part-size=\"3\" data-part-speed=\"2\" data-part-direction=\"none\" data-hover-effect=\"noeffect\" data-hover-size=\"\" data-id=\"6398d2a\" data-element_type=\"container\" data-e-type=\"container\" data-settings=\"{&quot;background_background&quot;:&quot;classic&quot;,&quot;pp_background_effects_enable&quot;:&quot;yes&quot;,&quot;effect_hide_tablet&quot;:&quot;label_off&quot;,&quot;effect_hide_mobile&quot;:&quot;label_off&quot;,&quot;ekit_has_onepagescroll_dot&quot;:&quot;yes&quot;}\">\n\t\t\t\t<div class=\"elementor-element elementor-element-f32ce1c elementor-widget elementor-widget-heading\" data-id=\"f32ce1c\" data-element_type=\"widget\" data-e-type=\"widget\" data-settings=\"{&quot;ekit_we_effect_on&quot;:&quot;none&quot;}\" data-widget_type=\"heading.default\">\n\t\t\t\t<div class=\"elementor-widget-container\">\n\t\t\t\t\t<h3 class=\"elementor-heading-title elementor-size-default\">Accr\u00e9ditation sous-courtier<\/h3>\t\t\t\t<\/div>\n\t\t\t\t<\/div>\n\t\t\t\t<div class=\"elementor-element elementor-element-74cf47c elementor-align-center elementor-widget elementor-widget-button\" data-id=\"74cf47c\" data-element_type=\"widget\" data-e-type=\"widget\" data-settings=\"{&quot;ekit_we_effect_on&quot;:&quot;none&quot;}\" data-widget_type=\"button.default\">\n\t\t\t\t<div class=\"elementor-widget-container\">\n\t\t\t\t\t\t\t\t\t<div class=\"elementor-button-wrapper\">\n\t\t\t\t\t<a class=\"elementor-button elementor-button-link elementor-size-lg\" href=\"https:\/\/abes.ch\/fr\/demande-dadmission-en-tant-que-nouveau-sous-courtier\/\" target=\"_blank\">\n\t\t\t\t\t\t<span class=\"elementor-button-content-wrapper\">\n\t\t\t\t\t\t\t\t\t<span class=\"elementor-button-text\">Formulaire de demande pour les personnes morales ou les soci\u00e9t\u00e9s individuelles avec inscription au RC en tant que sous-courtier<\/span>\n\t\t\t\t\t<\/span>\n\t\t\t\t\t<\/a>\n\t\t\t\t<\/div>\n\t\t\t\t\t\t\t\t<\/div>\n\t\t\t\t<\/div>\n\t\t\t\t<div class=\"elementor-element elementor-element-b83a787 elementor-align-center elementor-widget elementor-widget-button\" data-id=\"b83a787\" data-element_type=\"widget\" data-e-type=\"widget\" data-settings=\"{&quot;ekit_we_effect_on&quot;:&quot;none&quot;}\" data-widget_type=\"button.default\">\n\t\t\t\t<div class=\"elementor-widget-container\">\n\t\t\t\t\t\t\t\t\t<div class=\"elementor-button-wrapper\">\n\t\t\t\t\t<a class=\"elementor-button elementor-button-link elementor-size-lg\" href=\"https:\/\/abes.ch\/fr\/demande-dadmission-en-tant-que-simple-fournisseur-dadresses\/\" target=\"_blank\">\n\t\t\t\t\t\t<span class=\"elementor-button-content-wrapper\">\n\t\t\t\t\t\t\t\t\t<span class=\"elementor-button-text\">Formulaire de demande pour les simples fournisseurs d'adresses<\/span>\n\t\t\t\t\t<\/span>\n\t\t\t\t\t<\/a>\n\t\t\t\t<\/div>\n\t\t\t\t\t\t\t\t<\/div>\n\t\t\t\t<\/div>\n\t\t\t\t<\/div>\n\t\t\t\t\t<\/div>\n\t\t\t\t<\/div>\n\t\t<div class=\"elementor-element elementor-element-a7173e6 e-flex e-con-boxed e-con e-parent\" data-id=\"a7173e6\" data-element_type=\"container\" data-e-type=\"container\" data-settings=\"{&quot;ekit_has_onepagescroll_dot&quot;:&quot;yes&quot;}\">\n\t\t\t\t\t<div class=\"e-con-inner\">\n\t\t<div class=\"pp-bg-effects pp-bg-effects-6115396 elementor-element elementor-element-6115396 e-con-full pp-bg-effects-yes e-flex e-con e-child\" data-section-id=\"6115396\" data-effect-enable=\"yes\" data-animation-type=\"particles\" data-canvas-opacity=\"1\" data-hide-max-width=\"none\" data-hide-min-width=\"none\" data-part-color=\"\" data-line-color=\"\" data-line-h-color=\"\" data-part-opacity=\"1\" data-rand-opacity=\"\" data-quantity=\"500\" data-part-size=\"3\" data-part-speed=\"2\" data-part-direction=\"none\" data-hover-effect=\"noeffect\" data-hover-size=\"\" data-id=\"6115396\" data-element_type=\"container\" data-e-type=\"container\" data-settings=\"{&quot;background_background&quot;:&quot;classic&quot;,&quot;pp_background_effects_enable&quot;:&quot;yes&quot;,&quot;effect_hide_tablet&quot;:&quot;label_off&quot;,&quot;effect_hide_mobile&quot;:&quot;label_off&quot;,&quot;ekit_has_onepagescroll_dot&quot;:&quot;yes&quot;}\">\n\t\t\t\t<div class=\"elementor-element elementor-element-7e3ac35 elementor-widget elementor-widget-heading\" data-id=\"7e3ac35\" data-element_type=\"widget\" data-e-type=\"widget\" data-settings=\"{&quot;ekit_we_effect_on&quot;:&quot;none&quot;}\" data-widget_type=\"heading.default\">\n\t\t\t\t<div class=\"elementor-widget-container\">\n\t\t\t\t\t<h3 class=\"elementor-heading-title elementor-size-default\">Formulaires LPP et assurance de personnes<\/h3>\t\t\t\t<\/div>\n\t\t\t\t<\/div>\n\t\t\t\t<div class=\"elementor-element elementor-element-33ccc3d elementor-align-center elementor-widget elementor-widget-button\" data-id=\"33ccc3d\" data-element_type=\"widget\" data-e-type=\"widget\" data-settings=\"{&quot;ekit_we_effect_on&quot;:&quot;none&quot;}\" data-widget_type=\"button.default\">\n\t\t\t\t<div class=\"elementor-widget-container\">\n\t\t\t\t\t\t\t\t\t<div class=\"elementor-button-wrapper\">\n\t\t\t\t\t<a class=\"elementor-button elementor-button-link elementor-size-lg\" href=\"https:\/\/abes.ch\/fr\/formulaire-doffre-bvg-nouvelles-entreprises\/\" target=\"_blank\">\n\t\t\t\t\t\t<span class=\"elementor-button-content-wrapper\">\n\t\t\t\t\t\t\t\t\t<span class=\"elementor-button-text\">Formulaire d'offre LPP Cr\u00e9ations<\/span>\n\t\t\t\t\t<\/span>\n\t\t\t\t\t<\/a>\n\t\t\t\t<\/div>\n\t\t\t\t\t\t\t\t<\/div>\n\t\t\t\t<\/div>\n\t\t\t\t<div class=\"elementor-element elementor-element-01ccf92 elementor-align-center elementor-widget elementor-widget-button\" data-id=\"01ccf92\" data-element_type=\"widget\" data-e-type=\"widget\" data-settings=\"{&quot;ekit_we_effect_on&quot;:&quot;none&quot;}\" data-widget_type=\"button.default\">\n\t\t\t\t<div class=\"elementor-widget-container\">\n\t\t\t\t\t\t\t\t\t<div class=\"elementor-button-wrapper\">\n\t\t\t\t\t<a class=\"elementor-button elementor-button-link elementor-size-lg\" href=\"https:\/\/abes.ch\/fr\/formulaire-doffre-assurance-de-personnes\/\" target=\"_blank\">\n\t\t\t\t\t\t<span class=\"elementor-button-content-wrapper\">\n\t\t\t\t\t\t\t\t\t<span class=\"elementor-button-text\">Formulaire d'offre assurance de personnes<\/span>\n\t\t\t\t\t<\/span>\n\t\t\t\t\t<\/a>\n\t\t\t\t<\/div>\n\t\t\t\t\t\t\t\t<\/div>\n\t\t\t\t<\/div>\n\t\t\t\t<\/div>\n\t\t<div class=\"pp-bg-effects pp-bg-effects-9991157 elementor-element elementor-element-9991157 e-con-full pp-bg-effects-yes e-flex e-con e-child\" data-section-id=\"9991157\" data-effect-enable=\"yes\" data-animation-type=\"particles\" data-canvas-opacity=\"1\" data-hide-max-width=\"none\" data-hide-min-width=\"none\" data-part-color=\"\" data-line-color=\"\" data-line-h-color=\"\" data-part-opacity=\"1\" data-rand-opacity=\"\" data-quantity=\"500\" data-part-size=\"3\" data-part-speed=\"2\" data-part-direction=\"none\" data-hover-effect=\"noeffect\" data-hover-size=\"\" data-id=\"9991157\" data-element_type=\"container\" data-e-type=\"container\" data-settings=\"{&quot;background_background&quot;:&quot;classic&quot;,&quot;pp_background_effects_enable&quot;:&quot;yes&quot;,&quot;effect_hide_tablet&quot;:&quot;label_off&quot;,&quot;effect_hide_mobile&quot;:&quot;label_off&quot;,&quot;ekit_has_onepagescroll_dot&quot;:&quot;yes&quot;}\">\n\t\t\t\t<div class=\"elementor-element elementor-element-2ca1d99 elementor-widget elementor-widget-heading\" data-id=\"2ca1d99\" data-element_type=\"widget\" data-e-type=\"widget\" data-settings=\"{&quot;ekit_we_effect_on&quot;:&quot;none&quot;}\" data-widget_type=\"heading.default\">\n\t\t\t\t<div class=\"elementor-widget-container\">\n\t\t\t\t\t<h3 class=\"elementor-heading-title elementor-size-default\">Formulaires assurance responsabilit\u00e9 civile<\/h3>\t\t\t\t<\/div>\n\t\t\t\t<\/div>\n\t\t\t\t<div class=\"elementor-element elementor-element-3c9cad1 elementor-align-center elementor-widget elementor-widget-button\" data-id=\"3c9cad1\" data-element_type=\"widget\" data-e-type=\"widget\" data-settings=\"{&quot;ekit_we_effect_on&quot;:&quot;none&quot;}\" data-widget_type=\"button.default\">\n\t\t\t\t<div class=\"elementor-widget-container\">\n\t\t\t\t\t\t\t\t\t<div class=\"elementor-button-wrapper\">\n\t\t\t\t\t<a class=\"elementor-button elementor-button-link elementor-size-lg\" href=\"#\">\n\t\t\t\t\t\t<span class=\"elementor-button-content-wrapper\">\n\t\t\t\t\t\t\t\t\t<span class=\"elementor-button-text\">Formulaire d'offre assurance responsabilit\u00e9 civile<\/span>\n\t\t\t\t\t<\/span>\n\t\t\t\t\t<\/a>\n\t\t\t\t<\/div>\n\t\t\t\t\t\t\t\t<\/div>\n\t\t\t\t<\/div>\n\t\t\t\t<div class=\"elementor-element elementor-element-e232d7e elementor-align-center elementor-widget elementor-widget-button\" data-id=\"e232d7e\" data-element_type=\"widget\" data-e-type=\"widget\" data-settings=\"{&quot;ekit_we_effect_on&quot;:&quot;none&quot;}\" data-widget_type=\"button.default\">\n\t\t\t\t<div class=\"elementor-widget-container\">\n\t\t\t\t\t\t\t\t\t<div class=\"elementor-button-wrapper\">\n\t\t\t\t\t<a class=\"elementor-button elementor-button-link elementor-size-lg\" href=\"#\">\n\t\t\t\t\t\t<span class=\"elementor-button-content-wrapper\">\n\t\t\t\t\t\t\t\t\t<span class=\"elementor-button-text\">Formulaire d'offre assurance responsabilit\u00e9 civile professionnelle<\/span>\n\t\t\t\t\t<\/span>\n\t\t\t\t\t<\/a>\n\t\t\t\t<\/div>\n\t\t\t\t\t\t\t\t<\/div>\n\t\t\t\t<\/div>\n\t\t\t\t<\/div>\n\t\t<div class=\"pp-bg-effects pp-bg-effects-9602292 elementor-element elementor-element-9602292 e-con-full pp-bg-effects-yes e-flex e-con e-child\" data-section-id=\"9602292\" data-effect-enable=\"yes\" data-animation-type=\"particles\" data-canvas-opacity=\"1\" data-hide-max-width=\"none\" data-hide-min-width=\"none\" data-part-color=\"\" data-line-color=\"\" data-line-h-color=\"\" data-part-opacity=\"1\" data-rand-opacity=\"\" data-quantity=\"500\" data-part-size=\"3\" data-part-speed=\"2\" data-part-direction=\"none\" data-hover-effect=\"noeffect\" data-hover-size=\"\" data-id=\"9602292\" data-element_type=\"container\" data-e-type=\"container\" data-settings=\"{&quot;background_background&quot;:&quot;classic&quot;,&quot;pp_background_effects_enable&quot;:&quot;yes&quot;,&quot;effect_hide_tablet&quot;:&quot;label_off&quot;,&quot;effect_hide_mobile&quot;:&quot;label_off&quot;,&quot;ekit_has_onepagescroll_dot&quot;:&quot;yes&quot;}\">\n\t\t\t\t<div class=\"elementor-element elementor-element-977c62f elementor-widget elementor-widget-heading\" data-id=\"977c62f\" data-element_type=\"widget\" data-e-type=\"widget\" data-settings=\"{&quot;ekit_we_effect_on&quot;:&quot;none&quot;}\" data-widget_type=\"heading.default\">\n\t\t\t\t<div class=\"elementor-widget-container\">\n\t\t\t\t\t<h3 class=\"elementor-heading-title elementor-size-default\">Formulaires assurance choses<\/h3>\t\t\t\t<\/div>\n\t\t\t\t<\/div>\n\t\t\t\t<div class=\"elementor-element elementor-element-4982fa9 elementor-align-center elementor-widget elementor-widget-button\" data-id=\"4982fa9\" data-element_type=\"widget\" data-e-type=\"widget\" data-settings=\"{&quot;ekit_we_effect_on&quot;:&quot;none&quot;}\" data-widget_type=\"button.default\">\n\t\t\t\t<div class=\"elementor-widget-container\">\n\t\t\t\t\t\t\t\t\t<div class=\"elementor-button-wrapper\">\n\t\t\t\t\t<a class=\"elementor-button elementor-button-link elementor-size-lg\" href=\"#\">\n\t\t\t\t\t\t<span class=\"elementor-button-content-wrapper\">\n\t\t\t\t\t\t\t\t\t<span class=\"elementor-button-text\">Formulaire d'offre assurance choses<\/span>\n\t\t\t\t\t<\/span>\n\t\t\t\t\t<\/a>\n\t\t\t\t<\/div>\n\t\t\t\t\t\t\t\t<\/div>\n\t\t\t\t<\/div>\n\t\t\t\t<\/div>\n\t\t\t\t\t<\/div>\n\t\t\t\t<\/div>\n\t\t\t\t<\/div>","protected":false},"excerpt":{"rendered":"<p>Sie befinden sich im Download Bereich der ABES Group AG\u00ae Einzelleben, Krankenkassen und Hypotheken Formulare Offertformular Einzelleben Beratungsprotokolle Offertformular Krankenkasse Offertformular Hypotheken Formulare f\u00fcr Spezial L\u00f6sungen Online Formular ABES Aedificium\u00a9 Bauversicherung Fragebogen ABES Aedificium\u00a9 Bauversicherung Offertformular ABES Garanta Offertformular D&#038;O Fragebogen ABES Cyber Akkreditierung Subbroker Antragsformular f\u00fcr juristische Personen oder Einzelgesellschaften mit HR Eintrag als [&hellip;]<\/p>\n","protected":false},"author":108,"featured_media":0,"parent":0,"menu_order":0,"comment_status":"closed","ping_status":"closed","template":"","meta":{"advgb_blocks_editor_width":"","advgb_blocks_columns_visual_guide":"","footnotes":""},"class_list":["post-31099","page","type-page","status-publish","hentry"],"coauthors":[],"author_meta":{"author_link":"https:\/\/abes.ch\/fr\/author\/supervisor\/","display_name":"Supervisor"},"relative_dates":{"created":"Publi\u00e9 4 ans il y a","modified":"Mis \u00e0 jour 1 an il y a"},"absolute_dates":{"created":"Publi\u00e9 le 17. f\u00e9vrier 2022","modified":"Mise \u00e0 jour le 22. avril 2025"},"absolute_dates_time":{"created":"Publi\u00e9 le 17. f\u00e9vrier 2022 20:04","modified":"Mise \u00e0 jour le 22. avril 2025 15:24"},"featured_img_caption":"","featured_img":false,"series_order":"","_links":{"self":[{"href":"https:\/\/abes.ch\/fr\/wp-json\/wp\/v2\/pages\/31099","targetHints":{"allow":["GET"]}}],"collection":[{"href":"https:\/\/abes.ch\/fr\/wp-json\/wp\/v2\/pages"}],"about":[{"href":"https:\/\/abes.ch\/fr\/wp-json\/wp\/v2\/types\/page"}],"author":[{"embeddable":true,"href":"https:\/\/abes.ch\/fr\/wp-json\/wp\/v2\/users\/108"}],"replies":[{"embeddable":true,"href":"https:\/\/abes.ch\/fr\/wp-json\/wp\/v2\/comments?post=31099"}],"version-history":[{"count":431,"href":"https:\/\/abes.ch\/fr\/wp-json\/wp\/v2\/pages\/31099\/revisions"}],"predecessor-version":[{"id":59045,"href":"https:\/\/abes.ch\/fr\/wp-json\/wp\/v2\/pages\/31099\/revisions\/59045"}],"wp:attachment":[{"href":"https:\/\/abes.ch\/fr\/wp-json\/wp\/v2\/media?parent=31099"}],"curies":[{"name":"wp","href":"https:\/\/api.w.org\/{rel}","templated":true}]}}