{"id":217,"date":"2021-11-17T16:43:35","date_gmt":"2021-11-17T15:43:35","guid":{"rendered":"http:\/\/abeszuerich.ch.paragon.sui-inter.net\/?page_id=217"},"modified":"2024-03-16T09:46:08","modified_gmt":"2024-03-16T08:46:08","slug":"mentions-legales","status":"publish","type":"page","link":"https:\/\/abes.ch\/fr\/impressum\/","title":{"rendered":"Mentions l\u00e9gales"},"content":{"rendered":"<div data-elementor-type=\"wp-page\" data-elementor-id=\"217\" class=\"elementor elementor-217\" data-elementor-post-type=\"page\">\n\t\t\t\t<div class=\"elementor-element elementor-element-7229abec e-flex e-con-boxed e-con e-parent\" data-id=\"7229abec\" data-element_type=\"container\" data-e-type=\"container\" data-settings=\"{&quot;ekit_has_onepagescroll_dot&quot;:&quot;yes&quot;}\">\n\t\t\t\t\t<div class=\"e-con-inner\">\n\t\t\t\t<div class=\"elementor-element elementor-element-5af76dc elementor-widget elementor-widget-heading\" data-id=\"5af76dc\" data-element_type=\"widget\" data-e-type=\"widget\" data-settings=\"{&quot;ekit_we_effect_on&quot;:&quot;none&quot;}\" data-widget_type=\"heading.default\">\n\t\t\t\t<div class=\"elementor-widget-container\">\n\t\t\t\t\t<h1 class=\"elementor-heading-title elementor-size-default\">Mentions l\u00e9gales<\/h1>\t\t\t\t<\/div>\n\t\t\t\t<\/div>\n\t\t\t\t<div class=\"elementor-element elementor-element-27e8edb elementor-widget elementor-widget-heading\" data-id=\"27e8edb\" data-element_type=\"widget\" data-e-type=\"widget\" data-settings=\"{&quot;ekit_we_effect_on&quot;:&quot;none&quot;}\" data-widget_type=\"heading.default\">\n\t\t\t\t<div class=\"elementor-widget-container\">\n\t\t\t\t\t<h3 class=\"elementor-heading-title elementor-size-default\">ABES Group AG est un courtier en assurances actif en Suisse.<\/h3>\t\t\t\t<\/div>\n\t\t\t\t<\/div>\n\t\t<div class=\"elementor-element elementor-element-f7005e5 e-flex e-con-boxed e-con e-child\" data-id=\"f7005e5\" data-element_type=\"container\" data-e-type=\"container\" data-settings=\"{&quot;ekit_has_onepagescroll_dot&quot;:&quot;yes&quot;}\">\n\t\t\t\t\t<div class=\"e-con-inner\">\n\t\t\t\t\t<\/div>\n\t\t\t\t<\/div>\n\t\t\t\t<div class=\"elementor-element elementor-element-54ef2084 elementor-widget elementor-widget-text-editor\" data-id=\"54ef2084\" data-element_type=\"widget\" data-e-type=\"widget\" data-settings=\"{&quot;ekit_we_effect_on&quot;:&quot;none&quot;}\" data-widget_type=\"text-editor.default\">\n\t\t\t\t<div class=\"elementor-widget-container\">\n\t\t\t\t\t\t\t\t\t\n<h2 class=\"wp-block-heading advgb-dyn-666d9590\"><strong>Contact<\/strong><\/h2>\n\n<p><strong>ABES Group AG<br \/><\/strong>5, rue Feldegg<br \/>8152 Glattbrugg<\/p>\n\n<p>T\u00e9l\u00e9phone : 044 666 02 57<br \/><a href=\"mailto:info@abeszuerich.ch\">info@abes.ch<\/a><br \/><a href=\"https:\/\/abes.ch\/fr\/\">www.abes.ch<\/a><\/p>\n\n<p><strong>Registre du commerce<\/strong><br \/><a href=\"https:\/\/zh.chregister.ch\/cr-portal\/auszug\/auszug.xhtml?uid=CHE-100.898.460\" target=\"_blank\" rel=\"noopener\">CHE-100.898.460<\/a><\/p>\n\t\t\t\t\t\t\t\t<\/div>\n\t\t\t\t<\/div>\n\t\t\t\t<div class=\"elementor-element elementor-element-b19fac9 elementor-widget elementor-widget-text-editor\" data-id=\"b19fac9\" data-element_type=\"widget\" data-e-type=\"widget\" data-settings=\"{&quot;ekit_we_effect_on&quot;:&quot;none&quot;}\" data-widget_type=\"text-editor.default\">\n\t\t\t\t<div class=\"elementor-widget-container\">\n\t\t\t\t\t\t\t\t\t\n<h2 class=\"wp-block-heading advgb-dyn-3a5d2929\"><strong>Autorit\u00e9 de surveillance et registre des interm\u00e9diaires<\/strong><\/h2>\n\n<p>ABES Group AG est soumis \u00e0 la surveillance de l'Autorit\u00e9 f\u00e9d\u00e9rale de surveillance des march\u00e9s financiers (FINMA) et est inscrit au registre des interm\u00e9diaires en tant que courtier non li\u00e9.<\/p>\n\t\t\t\t\t\t\t\t<\/div>\n\t\t\t\t<\/div>\n\t\t\t\t<div class=\"elementor-element elementor-element-8ae76f9 elementor-widget elementor-widget-text-editor\" data-id=\"8ae76f9\" data-element_type=\"widget\" data-e-type=\"widget\" data-settings=\"{&quot;ekit_we_effect_on&quot;:&quot;none&quot;}\" data-widget_type=\"text-editor.default\">\n\t\t\t\t<div class=\"elementor-widget-container\">\n\t\t\t\t\t\t\t\t\t\n<h2 class=\"wp-block-heading advgb-dyn-f88eced3\"><strong>Opposition aux e-mails ou courriers publicitaires non sollicit\u00e9s<\/strong><\/h2>\n\n<p>L'utilisation des donn\u00e9es de contact publi\u00e9es dans le cadre des mentions l\u00e9gales obligatoires pour l'envoi de publicit\u00e9 et de mat\u00e9riel d'information non express\u00e9ment demand\u00e9s est interdite. En cas d'envoi d'informations publicitaires non sollicit\u00e9es, par exemple par spam ou courrier, les exploitants de ce site se r\u00e9servent express\u00e9ment le droit d'engager des poursuites judiciaires.<\/p>\n\t\t\t\t\t\t\t\t<\/div>\n\t\t\t\t<\/div>\n\t\t\t\t\t<\/div>\n\t\t\t\t<\/div>\n\t\t\t\t<\/div>","protected":false},"excerpt":{"rendered":"<p>Impressum ABES Group AG ist ein in der Schweiz t\u00e4tiger Versicherungsbroker Kontakt ABES Group AGFeldeggstrasse 58152 Glattbrugg Telefon: 044 666 02 57info@abes.chwww.abes.ch HandelsregisterCHE-100.898.460 Aufsichtsbeh\u00f6rde und Vermittlerregister ABES Group AG untersteht der Aufsicht der Eidgen\u00f6ssischen Finanzmarktaufsicht (FINMA) und ist im Vermittlerregister als ungebundener Broker registriert. Widerspruch gegen unerw\u00fcnschte Werbe-E-Mails oder Post Der Nutzung der im Rahmen [&hellip;]<\/p>\n","protected":false},"author":4,"featured_media":0,"parent":0,"menu_order":0,"comment_status":"closed","ping_status":"closed","template":"","meta":{"advgb_blocks_editor_width":"","advgb_blocks_columns_visual_guide":"","footnotes":""},"class_list":["post-217","page","type-page","status-publish","hentry"],"coauthors":[],"author_meta":{"author_link":"https:\/\/abes.ch\/fr\/author\/","display_name":""},"relative_dates":{"created":"Publi\u00e9 4 ans il y a","modified":"Mis \u00e0 jour 2 ans il y a"},"absolute_dates":{"created":"Publi\u00e9 le 17. novembre 2021","modified":"Mise \u00e0 jour le 16. mars 2024"},"absolute_dates_time":{"created":"Publi\u00e9 le 17. novembre 2021 16:43","modified":"Mise \u00e0 jour le 16. mars 2024 09:46"},"featured_img_caption":"","featured_img":false,"series_order":"","_links":{"self":[{"href":"https:\/\/abes.ch\/fr\/wp-json\/wp\/v2\/pages\/217","targetHints":{"allow":["GET"]}}],"collection":[{"href":"https:\/\/abes.ch\/fr\/wp-json\/wp\/v2\/pages"}],"about":[{"href":"https:\/\/abes.ch\/fr\/wp-json\/wp\/v2\/types\/page"}],"author":[{"embeddable":true,"href":"https:\/\/abes.ch\/fr\/wp-json\/wp\/v2\/users\/4"}],"replies":[{"embeddable":true,"href":"https:\/\/abes.ch\/fr\/wp-json\/wp\/v2\/comments?post=217"}],"version-history":[{"count":62,"href":"https:\/\/abes.ch\/fr\/wp-json\/wp\/v2\/pages\/217\/revisions"}],"predecessor-version":[{"id":57698,"href":"https:\/\/abes.ch\/fr\/wp-json\/wp\/v2\/pages\/217\/revisions\/57698"}],"wp:attachment":[{"href":"https:\/\/abes.ch\/fr\/wp-json\/wp\/v2\/media?parent=217"}],"curies":[{"name":"wp","href":"https:\/\/api.w.org\/{rel}","templated":true}]}}