{"id":29751,"date":"2022-01-08T19:45:27","date_gmt":"2022-01-08T18:45:27","guid":{"rendered":"https:\/\/abes.ch\/?page_id=29751"},"modified":"2023-12-14T16:17:03","modified_gmt":"2023-12-14T15:17:03","slug":"occupational-pensions","status":"publish","type":"page","link":"https:\/\/abes.ch\/en\/berufliche-vorsorge\/","title":{"rendered":"Occupational pension"},"content":{"rendered":"<div data-elementor-type=\"wp-page\" data-elementor-id=\"29751\" class=\"elementor elementor-29751\" data-elementor-post-type=\"page\">\n\t\t\t\t<div class=\"elementor-element elementor-element-1d08221 e-flex e-con-boxed e-con e-parent\" data-id=\"1d08221\" data-element_type=\"container\" data-e-type=\"container\" data-settings=\"{&quot;background_background&quot;:&quot;video&quot;,&quot;background_video_link&quot;:&quot;https:\\\/\\\/abes.ch\\\/wp-content\\\/uploads\\\/2023\\\/11\\\/AdobeStock_258762363.mov&quot;,&quot;background_play_on_mobile&quot;:&quot;yes&quot;,&quot;background_video_start&quot;:1,&quot;ekit_has_onepagescroll_dot&quot;:&quot;yes&quot;}\">\n\t\t\t\t\t<div class=\"e-con-inner\">\n\t\t<div class=\"elementor-background-video-container\">\n\t\t\t\t\t\t\t<video class=\"elementor-background-video-hosted\" role=\"presentation\" autoplay muted playsinline loop><\/video>\n\t\t\t\t\t<\/div><div class=\"elementor-element elementor-element-3229c2f e-con-full e-flex e-con e-child\" data-id=\"3229c2f\" data-element_type=\"container\" data-e-type=\"container\" data-settings=\"{&quot;background_background&quot;:&quot;classic&quot;,&quot;ekit_has_onepagescroll_dot&quot;:&quot;yes&quot;}\">\n\t\t\t\t<\/div>\n\t\t<div class=\"elementor-element elementor-element-1c7425f e-con-full e-flex e-con e-child\" data-id=\"1c7425f\" data-element_type=\"container\" data-e-type=\"container\" data-settings=\"{&quot;ekit_has_onepagescroll_dot&quot;:&quot;yes&quot;}\">\n\t\t\t\t<div class=\"elementor-element elementor-element-dd63d9f elementor-widget-tablet__width-initial elementor-widget elementor-widget-elementskit-heading\" data-id=\"dd63d9f\" data-element_type=\"widget\" data-e-type=\"widget\" data-settings=\"{&quot;ekit_we_effect_on&quot;:&quot;none&quot;}\" data-widget_type=\"elementskit-heading.default\">\n\t\t\t\t<div class=\"elementor-widget-container\">\n\t\t\t\t\t<div class=\"ekit-wid-con\" ><div class=\"ekit-heading elementskit-section-title-wraper text_left   ekit_heading_tablet-   ekit_heading_mobile-\"><span class=\"elementskit-section-subtitle  elementskit-style-border\">\n\t\t\t\t\t\tWe advise, accompany and support\n\t\t\t\t\t<\/span><h2 class=\"ekit-heading--title elementskit-section-title\">As individual as your DNA<br><br>Pension solutions that adapt to your DNA<\/h2><\/div><\/div>\t\t\t\t<\/div>\n\t\t\t\t<\/div>\n\t\t\t\t<\/div>\n\t\t\t\t\t<\/div>\n\t\t\t\t<\/div>\n\t\t\t\t<section class=\"elementor-section elementor-top-section elementor-element elementor-element-501c4a7b elementor-section-boxed elementor-section-height-default elementor-section-height-default\" data-id=\"501c4a7b\" data-element_type=\"section\" data-e-type=\"section\" data-settings=\"{&quot;background_background&quot;:&quot;classic&quot;,&quot;ekit_has_onepagescroll_dot&quot;:&quot;yes&quot;}\">\n\t\t\t\t\t\t<div class=\"elementor-container elementor-column-gap-default\">\n\t\t\t\t\t<div class=\"elementor-column elementor-col-100 elementor-top-column elementor-element elementor-element-6ea91c8\" data-id=\"6ea91c8\" data-element_type=\"column\" data-e-type=\"column\">\n\t\t\t<div class=\"elementor-widget-wrap elementor-element-populated\">\n\t\t\t\t\t\t<div class=\"elementor-element elementor-element-2bfe7ea7 elementor-widget elementor-widget-elementskit-heading\" data-id=\"2bfe7ea7\" data-element_type=\"widget\" data-e-type=\"widget\" data-settings=\"{&quot;ekit_we_effect_on&quot;:&quot;none&quot;}\" data-widget_type=\"elementskit-heading.default\">\n\t\t\t\t<div class=\"elementor-widget-container\">\n\t\t\t\t\t<div class=\"ekit-wid-con\" ><div class=\"ekit-heading elementskit-section-title-wraper text_center   ekit_heading_tablet-   ekit_heading_mobile-\"><h2 class=\"ekit-heading--title elementskit-section-title\">We are a team of specialists<\/h2><div class=\"ekit_heading_separetor_wraper ekit_heading_elementskit-border-divider elementskit-style-long\"><div class=\"elementskit-border-divider elementskit-style-long\"><\/div><\/div>\t\t\t\t<div class='ekit-heading__description'>\n\t\t\t\t\t<p><span style=\"vertical-align: inherit\">We work with all the leading providers on the Swiss pension market.<br \/>This allows us to provide you with a complete overview of the available pension models and their advantages and disadvantages<\/span><\/p>\n\t\t\t\t<\/div>\n\t\t\t<\/div><\/div>\t\t\t\t<\/div>\n\t\t\t\t<\/div>\n\t\t<div class=\"elementor-element elementor-element-1cbd58a e-flex e-con-boxed e-con e-parent\" data-id=\"1cbd58a\" data-element_type=\"container\" data-e-type=\"container\" data-settings=\"{&quot;ekit_has_onepagescroll_dot&quot;:&quot;yes&quot;}\">\n\t\t\t\t\t<div class=\"e-con-inner\">\n\t\t\t\t<div class=\"elementor-element elementor-element-dadffb2 elementor-widget elementor-widget-text-editor\" data-id=\"dadffb2\" data-element_type=\"widget\" data-e-type=\"widget\" data-settings=\"{&quot;ekit_we_effect_on&quot;:&quot;none&quot;}\" data-widget_type=\"text-editor.default\">\n\t\t\t\t<div class=\"elementor-widget-container\">\n\t\t\t\t\t\t\t\t\t<p><span style=\"vertical-align: inherit;\"><span style=\"vertical-align: inherit;\">The uncertain situation on the financial markets, the low interest rate environment and the demographic development in Switzerland mean that occupational pension plans are increasingly in the public eye.<\/span><\/span><\/p>\n<!-- \/wp:paragraph --><!-- wp:paragraph -->\n<p><span style=\"vertical-align: inherit;\"><span style=\"vertical-align: inherit;\"><span style=\"vertical-align: inherit;\">Redistribution between active employees and pensioners, increased transparency, expansion of supervision, ongoing reduction of the conversion rate, reduced minimum interest rate, underfunding and restructuring measures are just some of the topics that are leading to debate.<\/span><\/span><\/span><\/p>\n<!-- \/wp:paragraph --><!-- wp:paragraph -->\n<p><span style=\"vertical-align: inherit;\"><span style=\"vertical-align: inherit;\"><span style=\"vertical-align: inherit;\">Employers, HR managers and members of pension committees have a responsibility towards the insured and are confronted with increasingly complex issues.<\/span><\/span><\/span><\/p>\n<p><span style=\"vertical-align: inherit;\"><span style=\"vertical-align: inherit;\"><span style=\"vertical-align: inherit;\">We advise and support you in all areas of occupational pension provision. We support entrepreneurs in designing and choosing a modern pension solution. The goal is to set up a pension solution that is precisely tailored to the needs of the company and its employees. We are happy to support you with our broad expertise - where required, of course, also with proven pension fund experts - and our very comprehensive knowledge of the pension market.<\/span><\/span><\/span><\/p>\t\t\t\t\t\t\t\t<\/div>\n\t\t\t\t<\/div>\n\t\t\t\t<div class=\"elementor-element elementor-element-34618d9 elementor-widget elementor-widget-heading\" data-id=\"34618d9\" data-element_type=\"widget\" data-e-type=\"widget\" data-settings=\"{&quot;ekit_we_effect_on&quot;:&quot;none&quot;}\" data-widget_type=\"heading.default\">\n\t\t\t\t<div class=\"elementor-widget-container\">\n\t\t\t\t\t<h5 class=\"elementor-heading-title elementor-size-default\"><a href=\"https:\/\/abes.ch\/wp-content\/uploads\/2022\/03\/CV-PK-Experte-Dr.-Jaap-van-Dam.pdf\" target=\"_blank\">Our BVG team is professionally supported by our PK expert, Dr. Jaap van Dam<\/a><\/h5>\t\t\t\t<\/div>\n\t\t\t\t<\/div>\n\t\t\t\t\t<\/div>\n\t\t\t\t<\/div>\n\t\t\t\t\t<\/div>\n\t\t<\/div>\n\t\t\t\t\t<\/div>\n\t\t<\/section>\n\t\t<div class=\"elementor-element elementor-element-15e5c69 e-flex e-con-boxed e-con e-parent\" data-id=\"15e5c69\" data-element_type=\"container\" data-e-type=\"container\" data-settings=\"{&quot;ekit_has_onepagescroll_dot&quot;:&quot;yes&quot;}\">\n\t\t\t\t\t<div class=\"e-con-inner\">\n\t\t\t\t<div class=\"elementor-element elementor-element-62e1d8e elementor-widget elementor-widget-elementskit-heading\" data-id=\"62e1d8e\" data-element_type=\"widget\" data-e-type=\"widget\" data-settings=\"{&quot;ekit_we_effect_on&quot;:&quot;none&quot;}\" data-widget_type=\"elementskit-heading.default\">\n\t\t\t\t<div class=\"elementor-widget-container\">\n\t\t\t\t\t<div class=\"ekit-wid-con\" ><div class=\"ekit-heading elementskit-section-title-wraper text_center   ekit_heading_tablet-   ekit_heading_mobile-\"><h2 class=\"ekit-heading--title elementskit-section-title\">Our solution approach is based on a five-stage model<\/h2>\t\t\t\t<div class='ekit-heading__description'>\n\t\t\t\t\t<p><span style=\"vertical-align: inherit\">All stakeholders are involved throughout the entire project phase and all expenses are reported transparently on a fee basis.<\/span><\/p>\n\t\t\t\t<\/div>\n\t\t\t<\/div><\/div>\t\t\t\t<\/div>\n\t\t\t\t<\/div>\n\t\t\t\t\t<\/div>\n\t\t\t\t<\/div>\n\t\t<div class=\"pp-bg-effects pp-bg-effects-9ab0669 elementor-element elementor-element-9ab0669 e-con-full pp-bg-effects-yes e-flex e-con e-parent\" data-section-id=\"9ab0669\" data-effect-enable=\"yes\" data-animation-type=\"net\" data-canvas-opacity=\"0.5\" data-hide-max-width=\"none\" data-hide-min-width=\"none\" data-net-color=\"0x24549F\" data-net-bg-color=\"0xF7F4EB\" data-net-points=\"10\" data-net-max-distance=\"30\" data-net-spacing=\"15\" data-net-show-dot=\"1\" data-id=\"9ab0669\" data-element_type=\"container\" data-e-type=\"container\" data-settings=\"{&quot;background_background&quot;:&quot;classic&quot;,&quot;pp_background_effects_enable&quot;:&quot;yes&quot;,&quot;net_show_dot&quot;:&quot;true&quot;,&quot;ekit_has_onepagescroll_dot&quot;:&quot;yes&quot;}\">\n\t\t\t\t<div class=\"elementor-element elementor-element-2c25a22f elementor-widget__width-initial elementor-widget elementor-widget-elementskit-timeline\" data-id=\"2c25a22f\" data-element_type=\"widget\" data-e-type=\"widget\" data-settings=\"{&quot;ekit_we_effect_on&quot;:&quot;none&quot;}\" data-widget_type=\"elementskit-timeline.default\">\n\t\t\t\t<div class=\"elementor-widget-container\">\n\t\t\t\t\t<div class=\"ekit-wid-con\" >        <div class=\"timeline-area vertical-timeline multi-gradient floating-style bothside\" > \n\n         \n                    <div class=\"single-timeline media single-timeline-count-1 elementor-repeater-item-ffa4a27\" >\n                            <div class=\"timeline-item media\" data-settings=\"{&quot;_animation&quot;:&quot;&quot;}\">\n                                <div class=\"timeline-content\">\n\n                                     \n                                                                            <h3 class=\"title\">Analysis<\/h3>\n                                    \n                                                                  <p>Review of the current situation and risk-adapted needs analysis  \n\n<\/p>\n                              \n\n\n                            \n                                <\/div><!-- .timeline-content END -->\n                                                               <div class=\"timeline-pin\"><\/div>\n                            <\/div><!-- .timeline-item .media END -->\n\n                    \n                    <div class=\"timeline-info\" data-settings=\"{&quot;_animation&quot;:&quot;&quot;}\">\n                    \n                    <h4 class=\"date\">\n                                        Step 1 <\/h4>\n\n                                         <\/div>\n\n                                    <div class=\"timeline-img\"><\/div>\n\n\n           \n                        <\/div><!-- .single-timeline .media END -->\n       \n                    <div class=\"single-timeline media single-timeline-count-2 elementor-repeater-item-26836ea\" >\n                            <div class=\"timeline-item media\" data-settings=\"{&quot;_animation&quot;:&quot;&quot;}\">\n                                <div class=\"timeline-content\">\n\n                                     \n                                                                            <h3 class=\"title\">Concept<\/h3>\n                                    \n                                                                  <p>Definition of milestones and design of a customized pension solution\n\n<\/p>\n                              \n\n\n                            \n                                <\/div><!-- .timeline-content END -->\n                                                               <div class=\"timeline-pin\"><\/div>\n                            <\/div><!-- .timeline-item .media END -->\n\n                    \n                    <div class=\"timeline-info\" data-settings=\"{&quot;_animation&quot;:&quot;&quot;}\">\n                    \n                    <h4 class=\"date\">\n                                        Step 2 <\/h4>\n\n                                         <\/div>\n\n                                    <div class=\"timeline-img\"><\/div>\n\n\n           \n                        <\/div><!-- .single-timeline .media END -->\n       \n                    <div class=\"single-timeline media single-timeline-count-3 elementor-repeater-item-c017a69\" >\n                            <div class=\"timeline-item media\" data-settings=\"{&quot;_animation&quot;:&quot;&quot;}\">\n                                <div class=\"timeline-content\">\n\n                                     \n                                                                            <h3 class=\"title\">Survey<\/h3>\n                                    \n                                                                  <p>Employee survey taking into account the statutory right of participation of employees and employee representatives (Art. 11 para. 3ff BVG)<\/p>\n                              \n\n\n                            \n                                <\/div><!-- .timeline-content END -->\n                                                               <div class=\"timeline-pin\"><\/div>\n                            <\/div><!-- .timeline-item .media END -->\n\n                    \n                    <div class=\"timeline-info\" data-settings=\"{&quot;_animation&quot;:&quot;&quot;}\">\n                    \n                    <h4 class=\"date\">\n                                        Step 3 <\/h4>\n\n                                         <\/div>\n\n                                    <div class=\"timeline-img\"><\/div>\n\n\n           \n                        <\/div><!-- .single-timeline .media END -->\n       \n                    <div class=\"single-timeline media single-timeline-count-4 elementor-repeater-item-d803f41\" >\n                            <div class=\"timeline-item media\" data-settings=\"{&quot;_animation&quot;:&quot;&quot;}\">\n                                <div class=\"timeline-content\">\n\n                                     \n                                                                            <h3 class=\"title\">Submission<\/h3>\n                                    \n                                                                  <p>Comprehensive tendering process with all relevant market participants with transparent evaluation<\/p>\n                              \n\n\n                            \n                                <\/div><!-- .timeline-content END -->\n                                                               <div class=\"timeline-pin\"><\/div>\n                            <\/div><!-- .timeline-item .media END -->\n\n                    \n                    <div class=\"timeline-info\" data-settings=\"{&quot;_animation&quot;:&quot;&quot;}\">\n                    \n                    <h4 class=\"date\">\n                                        Step 4 <\/h4>\n\n                                         <\/div>\n\n                                    <div class=\"timeline-img\"><\/div>\n\n\n           \n                        <\/div><!-- .single-timeline .media END -->\n       \n                    <div class=\"single-timeline media single-timeline-count-5 elementor-repeater-item-c7c5f8e\" >\n                            <div class=\"timeline-item media\" data-settings=\"{&quot;_animation&quot;:&quot;&quot;}\">\n                                <div class=\"timeline-content\">\n\n                                     \n                                                                            <h3 class=\"title\">Implementation<\/h3>\n                                    \n                                                                  <p>The optimized finalization is initially introduced by an accompanying employee presentation<\/p>\n                              \n\n\n                            \n                                <\/div><!-- .timeline-content END -->\n                                                               <div class=\"timeline-pin\"><\/div>\n                            <\/div><!-- .timeline-item .media END -->\n\n                    \n                    <div class=\"timeline-info\" data-settings=\"{&quot;_animation&quot;:&quot;&quot;}\">\n                    \n                    <h4 class=\"date\">\n                                        Step 5 <\/h4>\n\n                                         <\/div>\n\n                                    <div class=\"timeline-img\"><\/div>\n\n\n           \n                        <\/div><!-- .single-timeline .media END -->\n           <div class=\"timeline-bar\"><\/div>\n    <\/div><\/div>\t\t\t\t<\/div>\n\t\t\t\t<\/div>\n\t\t\t\t<\/div>\n\t\t<div class=\"elementor-element elementor-element-36daeef e-flex e-con-boxed e-con e-parent\" data-id=\"36daeef\" data-element_type=\"container\" data-e-type=\"container\" data-settings=\"{&quot;ekit_has_onepagescroll_dot&quot;:&quot;yes&quot;}\">\n\t\t\t\t\t<div class=\"e-con-inner\">\n\t\t\t\t<div class=\"elementor-element elementor-element-d9c0225 elementor-widget elementor-widget-spacer\" data-id=\"d9c0225\" data-element_type=\"widget\" data-e-type=\"widget\" data-settings=\"{&quot;ekit_we_effect_on&quot;:&quot;none&quot;}\" data-widget_type=\"spacer.default\">\n\t\t\t\t<div class=\"elementor-widget-container\">\n\t\t\t\t\t\t\t<div class=\"elementor-spacer\">\n\t\t\t<div class=\"elementor-spacer-inner\"><\/div>\n\t\t<\/div>\n\t\t\t\t\t\t<\/div>\n\t\t\t\t<\/div>\n\t\t\t\t\t<\/div>\n\t\t\t\t<\/div>\n\t\t<div class=\"elementor-element elementor-element-e857b5a e-flex e-con-boxed e-con e-parent\" data-id=\"e857b5a\" data-element_type=\"container\" data-e-type=\"container\" data-settings=\"{&quot;ekit_has_onepagescroll_dot&quot;:&quot;yes&quot;}\">\n\t\t\t\t\t<div class=\"e-con-inner\">\n\t\t\t\t<div class=\"elementor-element elementor-element-20cb844 elementor-widget elementor-widget-heading\" data-id=\"20cb844\" data-element_type=\"widget\" data-e-type=\"widget\" data-settings=\"{&quot;ekit_we_effect_on&quot;:&quot;none&quot;}\" data-widget_type=\"heading.default\">\n\t\t\t\t<div class=\"elementor-widget-container\">\n\t\t\t\t\t<h2 class=\"elementor-heading-title elementor-size-default\">Management pension plan according to 1e<\/h2>\t\t\t\t<\/div>\n\t\t\t\t<\/div>\n\t\t\t\t\t<\/div>\n\t\t\t\t<\/div>\n\t\t<div class=\"elementor-element elementor-element-8382ae2 e-flex e-con-boxed e-con e-parent\" data-id=\"8382ae2\" data-element_type=\"container\" data-e-type=\"container\" data-settings=\"{&quot;ekit_has_onepagescroll_dot&quot;:&quot;yes&quot;}\">\n\t\t\t\t\t<div class=\"e-con-inner\">\n\t\t<div class=\"elementor-element elementor-element-f6e829e e-con-full e-flex e-con e-child\" data-id=\"f6e829e\" data-element_type=\"container\" data-e-type=\"container\" data-settings=\"{&quot;ekit_has_onepagescroll_dot&quot;:&quot;yes&quot;}\">\n\t\t\t\t<div class=\"elementor-element elementor-element-de567ed elementor-widget elementor-widget-text-editor\" data-id=\"de567ed\" data-element_type=\"widget\" data-e-type=\"widget\" data-settings=\"{&quot;ekit_we_effect_on&quot;:&quot;none&quot;}\" data-widget_type=\"text-editor.default\">\n\t\t\t\t<div class=\"elementor-widget-container\">\n\t\t\t\t\t\t\t\t\t<p><span style=\"vertical-align: inherit;\">In the case of pension solutions in accordance with 1e, the extra-mandatory part of the occupational benefit scheme is managed in a separate pension foundation. In such a management pension plan, persons with an insured salary of over CHF 132,300 can determine the investment strategy themselves. There is a maximum of ten strategies to choose from, ranging from a low-risk to a high-risk strategy. Insured persons can tailor the investment strategy to their risk capacity and investment horizon and participate fully in the investment performance. As the return on capital is credited directly to the insured persons, redistribution in the supplementary pension plan can be prevented. A redistribution of investment performance in favor of other insured persons is therefore ruled out. A modern management pension plan offers managers additional options for structuring their pension provision.<\/span><\/p>\n<p><!-- \/wp:paragraph --><!-- wp:paragraph --><\/p>\n<p><span style=\"vertical-align: inherit;\">The costs can often be reduced in a pension solution in accordance with 1e, since the supplementary pension usually covers people who are statistically exposed to a lower risk of disability. For the employer, the management solution also eliminates the restructuring risk (in contrast to the basic pension plan), since no underfunding is possible. This means that companies that keep accounts in accordance with IFRS or US GAAP can define the management solutions as defined contribution pension solutions and therefore do not have to recognize pension obligations. Pension fund obligations can be reduced by introducing a 1e solution, which in turn relieves the balance sheet.<\/span><\/p>\t\t\t\t\t\t\t\t<\/div>\n\t\t\t\t<\/div>\n\t\t\t\t<\/div>\n\t\t<div class=\"elementor-element elementor-element-9fe57ed e-con-full e-flex e-con e-child\" data-id=\"9fe57ed\" data-element_type=\"container\" data-e-type=\"container\" data-settings=\"{&quot;background_background&quot;:&quot;classic&quot;,&quot;ekit_has_onepagescroll_dot&quot;:&quot;yes&quot;}\">\n\t\t\t\t<\/div>\n\t\t\t\t\t<\/div>\n\t\t\t\t<\/div>\n\t\t\t\t<\/div>","protected":false},"excerpt":{"rendered":"<p>Wir Beraten, Begleiten und Betreuen So individuell wie Ihre DNA Vorsorgel\u00f6sungen, die sich Ihrer DNA anpassen Wir sind ein Team von Fachspezialisten Wir arbeiten mit allen f\u00fchrenden Anbietern auf dem Schweizer Vorsorgemarkt zusammen.Dies erlaubt es uns, Ihnen eine komplette \u00dcbersicht \u00fcber die verf\u00fcgbaren Vorsorgemodelle sowie deren Vor- und Nachteile zu verschaffen Die unsichere Situation an [&hellip;]<\/p>\n","protected":false},"author":5,"featured_media":0,"parent":0,"menu_order":0,"comment_status":"closed","ping_status":"closed","template":"","meta":{"advgb_blocks_editor_width":"","advgb_blocks_columns_visual_guide":"","footnotes":""},"class_list":["post-29751","page","type-page","status-publish","hentry"],"coauthors":[],"author_meta":{"author_link":"https:\/\/abes.ch\/en\/author\/pascal-mayor\/","display_name":"pascal.mayor"},"relative_dates":{"created":"Posted 4 years ago","modified":"Updated 2 years ago"},"absolute_dates":{"created":"Posted on 8. January 2022","modified":"Updated on 14. December 2023"},"absolute_dates_time":{"created":"Posted on 8. January 2022 19:45","modified":"Updated on 14. December 2023 16:17"},"featured_img_caption":"","featured_img":false,"series_order":"","_links":{"self":[{"href":"https:\/\/abes.ch\/en\/wp-json\/wp\/v2\/pages\/29751","targetHints":{"allow":["GET"]}}],"collection":[{"href":"https:\/\/abes.ch\/en\/wp-json\/wp\/v2\/pages"}],"about":[{"href":"https:\/\/abes.ch\/en\/wp-json\/wp\/v2\/types\/page"}],"author":[{"embeddable":true,"href":"https:\/\/abes.ch\/en\/wp-json\/wp\/v2\/users\/5"}],"replies":[{"embeddable":true,"href":"https:\/\/abes.ch\/en\/wp-json\/wp\/v2\/comments?post=29751"}],"version-history":[{"count":963,"href":"https:\/\/abes.ch\/en\/wp-json\/wp\/v2\/pages\/29751\/revisions"}],"predecessor-version":[{"id":57699,"href":"https:\/\/abes.ch\/en\/wp-json\/wp\/v2\/pages\/29751\/revisions\/57699"}],"wp:attachment":[{"href":"https:\/\/abes.ch\/en\/wp-json\/wp\/v2\/media?parent=29751"}],"curies":[{"name":"wp","href":"https:\/\/api.w.org\/{rel}","templated":true}]}}