{"id":215,"date":"2021-11-17T16:42:19","date_gmt":"2021-11-17T15:42:19","guid":{"rendered":"http:\/\/abeszuerich.ch.paragon.sui-inter.net\/?page_id=215"},"modified":"2024-09-18T09:37:40","modified_gmt":"2024-09-18T07:37:40","slug":"vag-45","status":"publish","type":"page","link":"https:\/\/abes.ch\/en\/vag-45\/","title":{"rendered":"Information requirements according to insurance supervision"},"content":{"rendered":"<div data-elementor-type=\"wp-page\" data-elementor-id=\"215\" class=\"elementor elementor-215\" data-elementor-post-type=\"page\">\n\t\t\t\t<div class=\"elementor-element elementor-element-6f749851 e-flex e-con-boxed e-con e-parent\" data-id=\"6f749851\" data-element_type=\"container\" data-e-type=\"container\" data-settings=\"{&quot;ekit_has_onepagescroll_dot&quot;:&quot;yes&quot;}\">\n\t\t\t\t\t<div class=\"e-con-inner\">\n\t\t\t\t<div class=\"elementor-element elementor-element-a72dcf5 elementor-widget elementor-widget-heading\" data-id=\"a72dcf5\" data-element_type=\"widget\" data-e-type=\"widget\" data-settings=\"{&quot;ekit_we_effect_on&quot;:&quot;none&quot;}\" data-widget_type=\"heading.default\">\n\t\t\t\t<div class=\"elementor-widget-container\">\n\t\t\t\t\t<h2 class=\"elementor-heading-title elementor-size-default\">Information requirements according to insurance supervision<\/h2>\t\t\t\t<\/div>\n\t\t\t\t<\/div>\n\t\t\t\t<div class=\"elementor-element elementor-element-44f428b elementor-widget elementor-widget-menu-anchor\" data-id=\"44f428b\" data-element_type=\"widget\" data-e-type=\"widget\" data-settings=\"{&quot;ekit_we_effect_on&quot;:&quot;none&quot;}\" data-widget_type=\"menu-anchor.default\">\n\t\t\t\t<div class=\"elementor-widget-container\">\n\t\t\t\t\t\t\t<div class=\"elementor-menu-anchor\" id=\"Informationspflicht\"><\/div>\n\t\t\t\t\t\t<\/div>\n\t\t\t\t<\/div>\n\t\t\t\t<div class=\"elementor-element elementor-element-f0e3d32 elementor-widget elementor-widget-heading\" data-id=\"f0e3d32\" data-element_type=\"widget\" data-e-type=\"widget\" data-settings=\"{&quot;ekit_we_effect_on&quot;:&quot;none&quot;}\" data-widget_type=\"heading.default\">\n\t\t\t\t<div class=\"elementor-widget-container\">\n\t\t\t\t\t<h4 class=\"elementor-heading-title elementor-size-default\">ABES Group AG<br><br>\nFeldeggstrasse 5<br>\n8152 Glattbrugg<br><br>\n\nFINMA registration number: F01115708<\/h4>\t\t\t\t<\/div>\n\t\t\t\t<\/div>\n\t\t\t\t<div class=\"elementor-element elementor-element-c7fee66 elementor-widget elementor-widget-heading\" data-id=\"c7fee66\" data-element_type=\"widget\" data-e-type=\"widget\" data-settings=\"{&quot;ekit_we_effect_on&quot;:&quot;none&quot;}\" data-widget_type=\"heading.default\">\n\t\t\t\t<div class=\"elementor-widget-container\">\n\t\t\t\t\t<h4 class=\"elementor-heading-title elementor-size-default\">Duty to provide information pursuant to Article 45 ISA (Insurance Supervision Act)<\/h4>\t\t\t\t<\/div>\n\t\t\t\t<\/div>\n\t\t\t\t<div class=\"elementor-element elementor-element-7e7e9b97 elementor-widget elementor-widget-text-editor\" data-id=\"7e7e9b97\" data-element_type=\"widget\" data-e-type=\"widget\" data-settings=\"{&quot;ekit_we_effect_on&quot;:&quot;none&quot;}\" data-widget_type=\"text-editor.default\">\n\t\t\t\t<div class=\"elementor-widget-container\">\n\t\t\t\t\t\t\t\t\t<p><\/p>\n<div>\n<div>\n<p><\/p>\n<p><\/p>\n<p>Pursuant to Art. 45 (1) ISA, as soon as we contact you, we must inform you of the following:<\/p>\n<ul>\n<li><span style=\"color: var( --e-global-color-text ); font-family: var( --e-global-typography-text-font-family ), Sans-serif; font-weight: var( --e-global-typography-text-font-weight ); text-align: var(--text-align);\">our identity and the address;<\/span><\/li>\n<\/ul>\n<ul>\n<li>our activity as broker and mandate holder, whereby we are in a financially and economically unbound relationship with insurance companies and are committed to the exclusive duty of loyalty towards you as our client;<\/li>\n<\/ul>\n<ul>\n<li>the way you can find out about the professional qualifications of our employees, as well as their training and development;<\/li>\n<\/ul>\n<ul>\n<li>who can be held liable for the negligence, errors or incorrect information in connection with the mediation activity;<\/li>\n<\/ul>\n<ul>\n<li>the processing of personal data, in particular the aim, purpose, scope and recipients of the data as well as their storage.<\/li>\n<\/ul>\n<p><\/p>\n<p><\/p>\n<\/div>\n<\/div>\n<p><\/p>\n<p><br \/><br \/><strong>Right to cancel a contract that has been concluded in accordance with Art. 2a of the Insurance Contract Act (VVG):<\/strong><br \/><br \/>The policyholder can revoke his application to conclude the contract or the declaration of acceptance. The revocation period is 14 days and begins as soon as you have applied for or accepted the contract. The revocation does not have to be in writing, but merely in a form that allows proof by text, i.e. also e-mails (but also SMS, WhatsApp, etc. are sufficient). Injured third parties can assert claims against the insurance company in good faith despite a revocation. In these cases, however, the policyholder owes the premium.<\/p>\t\t\t\t\t\t\t\t<\/div>\n\t\t\t\t<\/div>\n\t\t\t\t\t<\/div>\n\t\t\t\t<\/div>\n\t\t<div class=\"elementor-element elementor-element-453bce3 e-flex e-con-boxed e-con e-parent\" data-id=\"453bce3\" data-element_type=\"container\" data-e-type=\"container\" data-settings=\"{&quot;ekit_has_onepagescroll_dot&quot;:&quot;yes&quot;}\">\n\t\t\t\t\t<div class=\"e-con-inner\">\n\t\t\t\t<div class=\"elementor-element elementor-element-92360f8 elementor-widget elementor-widget-menu-anchor\" data-id=\"92360f8\" data-element_type=\"widget\" data-e-type=\"widget\" data-settings=\"{&quot;ekit_we_effect_on&quot;:&quot;none&quot;}\" data-widget_type=\"menu-anchor.default\">\n\t\t\t\t<div class=\"elementor-widget-container\">\n\t\t\t\t\t\t\t<div class=\"elementor-menu-anchor\" id=\"Ausbildung\"><\/div>\n\t\t\t\t\t\t<\/div>\n\t\t\t\t<\/div>\n\t\t\t\t<div class=\"elementor-element elementor-element-0028441 elementor-widget elementor-widget-heading\" data-id=\"0028441\" data-element_type=\"widget\" data-e-type=\"widget\" data-settings=\"{&quot;ekit_we_effect_on&quot;:&quot;none&quot;}\" data-widget_type=\"heading.default\">\n\t\t\t\t<div class=\"elementor-widget-container\">\n\t\t\t\t\t<h4 class=\"elementor-heading-title elementor-size-default\">Education, training and professional qualifications<\/h4>\t\t\t\t<\/div>\n\t\t\t\t<\/div>\n\t\t\t\t\t<\/div>\n\t\t\t\t<\/div>\n\t\t<div class=\"elementor-element elementor-element-61b9ef3 e-flex e-con-boxed e-con e-parent\" data-id=\"61b9ef3\" data-element_type=\"container\" data-e-type=\"container\" data-settings=\"{&quot;ekit_has_onepagescroll_dot&quot;:&quot;yes&quot;}\">\n\t\t\t\t\t<div class=\"e-con-inner\">\n\t\t\t\t<div class=\"elementor-element elementor-element-600e211 elementor-widget elementor-widget-text-editor\" data-id=\"600e211\" data-element_type=\"widget\" data-e-type=\"widget\" data-settings=\"{&quot;ekit_we_effect_on&quot;:&quot;none&quot;}\" data-widget_type=\"text-editor.default\">\n\t\t\t\t<div class=\"elementor-widget-container\">\n\t\t\t\t\t\t\t\t\t<p>Pursuant to ISA Art. 43, we are obliged to provide our employees with regular training and further education to enable them to perform their duties. For this purpose, we have a comprehensive employee promotion and development program which attaches great importance to the provision of professional qualifications. We also confirm that we meet all the requirements laid down by the Federal Council for the training and further education of insurance intermediaries, although there are no appropriate minimum standards.<\/p>\n<p>Pursuant to ISA Art. 45 para. 1, subpara. c., we are also obliged to inform you about how you can find out about the professional qualifications of our employees.<\/p>\n<p>We hereby confirm on our own behalf and on behalf of all employees that we:<\/p>\n<ul>\n<li><span style=\"color: var( --e-global-color-text ); font-family: var( --e-global-typography-text-font-family ), Sans-serif; font-weight: var( --e-global-typography-text-font-weight ); text-align: var(--text-align);\">We will inform you transparently about the training status of each individual employee at all times;<\/span><\/li>\n<\/ul>\n<ul>\n<li><span style=\"color: var( --e-global-color-text ); font-family: var( --e-global-typography-text-font-family ), Sans-serif; font-weight: var( --e-global-typography-text-font-weight ); text-align: var(--text-align);\">Show you the professional qualifications of the employee coming into contact with you by taking appropriate measures;\u00a0<\/span><\/li>\n<\/ul>\n<ul>\n<li><span style=\"color: var( --e-global-color-text ); font-family: var( --e-global-typography-text-font-family ), Sans-serif; font-weight: var( --e-global-typography-text-font-weight ); text-align: var(--text-align);\">grant you the possibility to inform yourself in detail about our training concept at any time;<\/span><\/li>\n<\/ul>\n<ul>\n<li><span style=\"color: var( --e-global-color-text ); font-family: var( --e-global-typography-text-font-family ), Sans-serif; font-weight: var( --e-global-typography-text-font-weight ); text-align: var(--text-align);\">Employees who hold a \"Bachelor of Science Risk and Insurance\", a diploma as a \"Swiss certified insurance specialist\", a higher specialist certificate as an \"insurance specialist with a \"Swiss federal specialist certificate\", a higher professional qualification as a certified \"Business Economist\" with a \"Federal Professional Diploma\", a diploma as a \"Federally Certified Fund Advisor IAF\", a diploma as a \"Federally Certified Financial Advisor IAF\" or a diploma as a \"Federally Certified Asset Manager IAF\".<\/span><\/li>\n<\/ul>\t\t\t\t\t\t\t\t<\/div>\n\t\t\t\t<\/div>\n\t\t\t\t\t<\/div>\n\t\t\t\t<\/div>\n\t\t<div class=\"elementor-element elementor-element-2bfaf2a e-flex e-con-boxed e-con e-parent\" data-id=\"2bfaf2a\" data-element_type=\"container\" data-e-type=\"container\" data-settings=\"{&quot;ekit_has_onepagescroll_dot&quot;:&quot;yes&quot;}\">\n\t\t\t\t\t<div class=\"e-con-inner\">\n\t\t\t\t<div class=\"elementor-element elementor-element-a9f4c47 elementor-widget elementor-widget-text-editor\" data-id=\"a9f4c47\" data-element_type=\"widget\" data-e-type=\"widget\" data-settings=\"{&quot;ekit_we_effect_on&quot;:&quot;none&quot;}\" data-widget_type=\"text-editor.default\">\n\t\t\t\t<div class=\"elementor-widget-container\">\n\t\t\t\t\t\t\t\t\t<p>Here you can find the training of our mandate holders in detail<\/p>\t\t\t\t\t\t\t\t<\/div>\n\t\t\t\t<\/div>\n\t\t\t\t<div class=\"elementor-element elementor-element-93f0369 elementor-widget elementor-widget-image\" data-id=\"93f0369\" data-element_type=\"widget\" data-e-type=\"widget\" data-settings=\"{&quot;ekit_we_effect_on&quot;:&quot;none&quot;}\" data-widget_type=\"image.default\">\n\t\t\t\t<div class=\"elementor-widget-container\">\n\t\t\t\t\t\t\t\t\t\t\t\t\t\t\t<img decoding=\"async\" width=\"150\" height=\"150\" src=\"https:\/\/abes.ch\/wp-content\/uploads\/2023\/12\/QR-Code-Ansprechpartner-ABES-Group-AG-150x150.png\" class=\"attachment-thumbnail size-thumbnail wp-image-50236\" alt=\"\" srcset=\"https:\/\/abes.ch\/wp-content\/uploads\/2023\/12\/QR-Code-Ansprechpartner-ABES-Group-AG-150x150.png 150w, https:\/\/abes.ch\/wp-content\/uploads\/2023\/12\/QR-Code-Ansprechpartner-ABES-Group-AG-300x300.png 300w, https:\/\/abes.ch\/wp-content\/uploads\/2023\/12\/QR-Code-Ansprechpartner-ABES-Group-AG-12x12.png 12w, https:\/\/abes.ch\/wp-content\/uploads\/2023\/12\/QR-Code-Ansprechpartner-ABES-Group-AG.png 315w\" sizes=\"(max-width: 150px) 100vw, 150px\" \/>\t\t\t\t\t\t\t\t\t\t\t\t\t\t\t<\/div>\n\t\t\t\t<\/div>\n\t\t\t\t<div class=\"elementor-element elementor-element-b68a4f9 elementor-widget elementor-widget-menu-anchor\" data-id=\"b68a4f9\" data-element_type=\"widget\" data-e-type=\"widget\" data-settings=\"{&quot;ekit_we_effect_on&quot;:&quot;none&quot;}\" data-widget_type=\"menu-anchor.default\">\n\t\t\t\t<div class=\"elementor-widget-container\">\n\t\t\t\t\t\t\t<div class=\"elementor-menu-anchor\" id=\"Interessenskonflikte\"><\/div>\n\t\t\t\t\t\t<\/div>\n\t\t\t\t<\/div>\n\t\t\t\t<div class=\"elementor-element elementor-element-13eda37 elementor-widget elementor-widget-heading\" data-id=\"13eda37\" data-element_type=\"widget\" data-e-type=\"widget\" data-settings=\"{&quot;ekit_we_effect_on&quot;:&quot;none&quot;}\" data-widget_type=\"heading.default\">\n\t\t\t\t<div class=\"elementor-widget-container\">\n\t\t\t\t\t<h4 class=\"elementor-heading-title elementor-size-default\">Avoidance of conflicts of interest<\/h4>\t\t\t\t<\/div>\n\t\t\t\t<\/div>\n\t\t\t\t<div class=\"elementor-element elementor-element-d0700d2 elementor-widget elementor-widget-text-editor\" data-id=\"d0700d2\" data-element_type=\"widget\" data-e-type=\"widget\" data-settings=\"{&quot;ekit_we_effect_on&quot;:&quot;none&quot;}\" data-widget_type=\"text-editor.default\">\n\t\t\t\t<div class=\"elementor-widget-container\">\n\t\t\t\t\t\t\t\t\t<p>In accordance with VAG Art 45a, we are obliged to take appropriate organizational precautions to avoid conflicts of interest that may arise in the course of brokering insurance services or to exclude possible disadvantages that could arise for you as a result of such conflicts of interest.<\/p>\n<p>We hereby confirm on our own behalf and on behalf of all internal and external employees, third parties consulted as well as executive bodies and members of the management that we, as the mandated agent, are committed exclusively to your interests and that no independent brokerage agreement within the meaning of OR 412 et seq. exists between us and the insurance companies, pension funds and other contractual partners involved. In doing so, we commit ourselves to the exclusive duty of loyalty towards you and assure that we:<\/p>\n<ul>\n<li><span style=\"color: var( --e-global-color-text ); font-family: var( --e-global-typography-text-font-family ), Sans-serif; font-weight: var( --e-global-typography-text-font-weight ); text-align: var(--text-align);\">we are not in bankruptcy, insolvency proceedings, judicial composition proceedings or liquidation, or have ceased trading, or are in a position to do so under applicable law;<\/span><\/li>\n<\/ul>\n<ul>\n<li>have not been convicted by a final court decision of an offense that calls our reliability into question;<\/li>\n<\/ul>\n<ul>\n<li>have not committed any serious misconduct in the course of our professional activities which is not justifiable;<\/li>\n<\/ul>\n<ul>\n<li>have fulfilled our obligation to pay social security contributions, taxes or other levies in accordance with the law;<\/li>\n<\/ul>\n<ul>\n<li>will provide you with correct, truthful and complete information within the scope of the mandate relationship;<\/li>\n<\/ul>\n<ul>\n<li>have not been the subject of a judgment which has the force of res judicata for fraud, corruption, involvement in a criminal organization or any other illegal activity detrimental to the Communities' financial interests;<\/li>\n<\/ul>\n<ul>\n<li>are not subject to sanctions because we have provided incorrect or incomplete information in the performance of orders, or have committed a serious breach of contract in connection with an order or a failure to perform contractual obligations;<\/li>\n<\/ul>\n<ul>\n<li>will take or disclose all precautions not to be in a conflict of interest in connection with a mandate relationship, whereby a conflict of interest could arise in particular from economic interests, political affinities or national ties, family or friendly relationships, and other ties or interests;<\/li>\n<\/ul>\n<ul>\n<li>will promptly disclose to you any matter that constitutes or could give rise to a conflict of interest;<\/li>\n<\/ul>\n<ul>\n<li>do not make - and will not make in the future - any offers of any kind that could promise, offer or grant an advantage;<\/li>\n<\/ul>\n<ul>\n<li>neither directly nor indirectly grant, receive, attempt to receive or have accepted financial benefits or benefits in kind as an inducement or consideration for the award or acceptance of a mandate or the performance of a contract, which - directly or indirectly - are to be regarded as illegal conduct or bribery or corruptibility, and will refrain from doing so in the future;<\/li>\n<\/ul>\n<ul>\n<li>have not entered into any cooperation agreements or other arrangements with any insurance company that would impair our freedom to act for other insurance companies as well, and no insurance company or person entrusted with the administration and management of the company has a stake in our company;<\/li>\n<\/ul>\n<ul>\n<li>do not directly or indirectly hold more than 10 percent of the share capital of an insurance company;<\/li>\n<\/ul>\n<ul>\n<li>do not employ people who hold a management position in an insurance company; or can otherwise influence the course of business of an insurance company.<\/li>\n<\/ul>\t\t\t\t\t\t\t\t<\/div>\n\t\t\t\t<\/div>\n\t\t\t\t\t<\/div>\n\t\t\t\t<\/div>\n\t\t<div class=\"elementor-element elementor-element-e853707 e-flex e-con-boxed e-con e-parent\" data-id=\"e853707\" data-element_type=\"container\" data-e-type=\"container\" data-settings=\"{&quot;ekit_has_onepagescroll_dot&quot;:&quot;yes&quot;}\">\n\t\t\t\t\t<div class=\"e-con-inner\">\n\t\t\t\t<div class=\"elementor-element elementor-element-6735007 elementor-widget elementor-widget-menu-anchor\" data-id=\"6735007\" data-element_type=\"widget\" data-e-type=\"widget\" data-settings=\"{&quot;ekit_we_effect_on&quot;:&quot;none&quot;}\" data-widget_type=\"menu-anchor.default\">\n\t\t\t\t<div class=\"elementor-widget-container\">\n\t\t\t\t\t\t\t<div class=\"elementor-menu-anchor\" id=\"Offenlegung\"><\/div>\n\t\t\t\t\t\t<\/div>\n\t\t\t\t<\/div>\n\t\t\t\t<div class=\"elementor-element elementor-element-12f8b11 elementor-widget elementor-widget-heading\" data-id=\"12f8b11\" data-element_type=\"widget\" data-e-type=\"widget\" data-settings=\"{&quot;ekit_we_effect_on&quot;:&quot;none&quot;}\" data-widget_type=\"heading.default\">\n\t\t\t\t<div class=\"elementor-widget-container\">\n\t\t\t\t\t<h4 class=\"elementor-heading-title elementor-size-default\">Disclosure of compensation from insurance companies<\/h4>\t\t\t\t<\/div>\n\t\t\t\t<\/div>\n\t\t\t\t\t<\/div>\n\t\t\t\t<\/div>\n\t\t<div class=\"elementor-element elementor-element-b0f087e e-flex e-con-boxed e-con e-parent\" data-id=\"b0f087e\" data-element_type=\"container\" data-e-type=\"container\" data-settings=\"{&quot;ekit_has_onepagescroll_dot&quot;:&quot;yes&quot;}\">\n\t\t\t\t\t<div class=\"e-con-inner\">\n\t\t\t\t<div class=\"elementor-element elementor-element-3357e04 elementor-widget elementor-widget-text-editor\" data-id=\"3357e04\" data-element_type=\"widget\" data-e-type=\"widget\" data-settings=\"{&quot;ekit_we_effect_on&quot;:&quot;none&quot;}\" data-widget_type=\"text-editor.default\">\n\t\t\t\t<div class=\"elementor-widget-container\">\n\t\t\t\t\t\t\t\t\t<p>For the provision of our services, we can be compensated with an administrative compensation, which is paid by the insurer. This administrative compensation is declared in its amount and nature by the following calculation parameters within the framework of the legal \"disclosure obligation\" according to VAG Art. 45b as follows:<\/p>\n<ul>\n<li><span style=\"color: var( --e-global-color-text ); font-family: var( --e-global-typography-text-font-family ), Sans-serif; font-weight: var( --e-global-typography-text-font-weight ); text-align: var(--text-align);\">Property, liability, cyber legal protection and transport insurance max. 15% of the invoiced net annual premium.<\/span><\/li>\n<li>Building, security, assembly and technical insurances max. 15% of the invoiced net annual premium.<\/li>\n<li>Equine insurance 11% of the invoiced net annual premium.<\/li>\n<li>Motor vehicle and fleet contracts max. 10% of the invoiced net annual premium.<\/li>\n<li>Compulsory UVG accident insurance max. 5% of the invoiced net annual premium<\/li>\n<li>Accident supplementary insurances max. 15% of the invoiced net annual premium.<\/li>\n<li>Daily sickness benefits insurance max. 7.5% of the invoiced net annual premium<\/li>\n<li>\n<div dir=\"ltr\">Health insurance for basic insurance in accordance with KVG max. 70, for supplementary insurance in accordance with VVG max. 16 x the invoiced net monthly premium<\/div>\n<\/li>\n<li>Occupational pension funds and 1E contracts max. 7% of the pure risk annual premium<\/li>\n<li>Life insurance and pension policies max. 5% of the one-off production sum calculated from premium * term in years<\/li>\n<\/ul>\n<p><br \/>Due to the design or situational change of these indemnities by individual insurance companies, deviations of these calculation parameters may occur in individual cases.<\/p>\n<p class=\"MsoNormal\">Irrespective of this, however, we undertake to provide you with comprehensive and detailed information in writing at any time upon request about the current administrative fee resulting from a mandate.<\/p>\n<p>In addition, our employees will always show you transparently during the consultation before taking out an insurance policy, according to the possibilities, how much the insurer's compensation will be.<\/p>\n<p>If the management fees are remuneration for the provision of services for the occupational benefit scheme, we expressly confirm that we strictly refuse to accept any form of additional volume-, growth- or claims-based compensation.<\/p>\n<p>In this context, we also confirm that we comply at all times with the legal requirements pursuant to Art. 48<em>k<\/em> BVV 2 and inform you at the first consultation about the nature and origin of all management fees.<\/p>\t\t\t\t\t\t\t\t<\/div>\n\t\t\t\t<\/div>\n\t\t\t\t\t<\/div>\n\t\t\t\t<\/div>\n\t\t<div class=\"elementor-element elementor-element-6b54d24 e-flex e-con-boxed e-con e-parent\" data-id=\"6b54d24\" data-element_type=\"container\" data-e-type=\"container\" data-settings=\"{&quot;ekit_has_onepagescroll_dot&quot;:&quot;yes&quot;}\">\n\t\t\t\t\t<div class=\"e-con-inner\">\n\t\t<div class=\"elementor-element elementor-element-49a8cf2 e-flex e-con-boxed e-con e-child\" data-id=\"49a8cf2\" data-element_type=\"container\" data-e-type=\"container\" data-settings=\"{&quot;ekit_has_onepagescroll_dot&quot;:&quot;yes&quot;}\">\n\t\t\t\t\t<div class=\"e-con-inner\">\n\t\t\t\t<div class=\"elementor-element elementor-element-e29e983 elementor-widget elementor-widget-heading\" data-id=\"e29e983\" data-element_type=\"widget\" data-e-type=\"widget\" data-settings=\"{&quot;ekit_we_effect_on&quot;:&quot;none&quot;}\" data-widget_type=\"heading.default\">\n\t\t\t\t<div class=\"elementor-widget-container\">\n\t\t\t\t\t<p class=\"elementor-heading-title elementor-size-default\">\u00a9 2024 ABES Group AG<\/p>\t\t\t\t<\/div>\n\t\t\t\t<\/div>\n\t\t\t\t\t<\/div>\n\t\t\t\t<\/div>\n\t\t\t\t\t<\/div>\n\t\t\t\t<\/div>\n\t\t\t\t<\/div>","protected":false},"excerpt":{"rendered":"<p>Informationspflichten gem\u00e4ss Versicherungsaufsicht ABES Group AG Feldeggstrasse 5 8152 Glattbrugg FINMA Registernummer: F01115708 Informationspflicht nach Artikel 45 VAG (Versicherungsaufsichtsgesetz) Nach Art. 45 Abs. 1 VAG m\u00fcssen wir Sie, sobald wir mit Ihnen in Kontakt treten, \u00fcber folgende Punkte in Kenntnis setzen: unsere Identit\u00e4t und die Adresse; unsere T\u00e4tigkeit als Broker und Mandatstr\u00e4gerin, wobei wir in [&hellip;]<\/p>\n","protected":false},"author":4,"featured_media":0,"parent":0,"menu_order":0,"comment_status":"closed","ping_status":"closed","template":"","meta":{"advgb_blocks_editor_width":"","advgb_blocks_columns_visual_guide":"","footnotes":""},"class_list":["post-215","page","type-page","status-publish","hentry"],"coauthors":[],"author_meta":{"author_link":"https:\/\/abes.ch\/en\/author\/","display_name":""},"relative_dates":{"created":"Posted 4 years ago","modified":"Updated 2 years ago"},"absolute_dates":{"created":"Posted on 17. November 2021","modified":"Updated on 18. September 2024"},"absolute_dates_time":{"created":"Posted on 17. November 2021 16:42","modified":"Updated on 18. September 2024 09:37"},"featured_img_caption":"","featured_img":false,"series_order":"","_links":{"self":[{"href":"https:\/\/abes.ch\/en\/wp-json\/wp\/v2\/pages\/215","targetHints":{"allow":["GET"]}}],"collection":[{"href":"https:\/\/abes.ch\/en\/wp-json\/wp\/v2\/pages"}],"about":[{"href":"https:\/\/abes.ch\/en\/wp-json\/wp\/v2\/types\/page"}],"author":[{"embeddable":true,"href":"https:\/\/abes.ch\/en\/wp-json\/wp\/v2\/users\/4"}],"replies":[{"embeddable":true,"href":"https:\/\/abes.ch\/en\/wp-json\/wp\/v2\/comments?post=215"}],"version-history":[{"count":539,"href":"https:\/\/abes.ch\/en\/wp-json\/wp\/v2\/pages\/215\/revisions"}],"predecessor-version":[{"id":55714,"href":"https:\/\/abes.ch\/en\/wp-json\/wp\/v2\/pages\/215\/revisions\/55714"}],"wp:attachment":[{"href":"https:\/\/abes.ch\/en\/wp-json\/wp\/v2\/media?parent=215"}],"curies":[{"name":"wp","href":"https:\/\/api.w.org\/{rel}","templated":true}]}}